{"id":15545,"date":"2020-06-15T07:42:11","date_gmt":"2020-06-15T05:42:11","guid":{"rendered":"https:\/\/softlinefurniture.com\/cookies\/"},"modified":"2021-05-22T07:35:16","modified_gmt":"2021-05-22T05:35:16","slug":"cookies","status":"publish","type":"page","link":"https:\/\/softlinefurniture.com\/da\/cookies\/","title":{"rendered":"Cookies"},"content":{"rendered":"\t\t<div data-elementor-type=\"wp-page\" data-elementor-id=\"15545\" class=\"elementor elementor-15545 elementor-49\" data-elementor-post-type=\"page\">\n\t\t\t\t\t\t<section data-particle_enable=\"false\" data-particle-mobile-disabled=\"false\" class=\"elementor-section elementor-top-section elementor-element elementor-element-6081343e elementor-section-boxed elementor-section-height-default elementor-section-height-default\" data-id=\"6081343e\" data-element_type=\"section\" data-e-type=\"section\">\n\t\t\t\t\t\t<div class=\"elementor-container elementor-column-gap-default\">\n\t\t\t\t\t<div class=\"elementor-column elementor-col-100 elementor-top-column elementor-element elementor-element-7a73efa\" data-id=\"7a73efa\" data-element_type=\"column\" data-e-type=\"column\">\n\t\t\t<div class=\"elementor-widget-wrap elementor-element-populated\">\n\t\t\t\t\t\t<div class=\"elementor-element elementor-element-20f73ee7 elementor-widget elementor-widget-heading\" data-id=\"20f73ee7\" data-element_type=\"widget\" data-e-type=\"widget\" data-settings=\"{&quot;_animation&quot;:&quot;none&quot;}\" data-widget_type=\"heading.default\">\n\t\t\t\t\t<h1 class=\"elementor-heading-title elementor-size-default\">Cookies<\/h1>\t\t\t\t<\/div>\n\t\t\t\t\t<\/div>\n\t\t<\/div>\n\t\t\t\t\t<\/div>\n\t\t<\/section>\n\t\t\t\t<section data-particle_enable=\"false\" data-particle-mobile-disabled=\"false\" class=\"elementor-section elementor-top-section elementor-element elementor-element-4867bbed elementor-section-boxed elementor-section-height-default elementor-section-height-default\" data-id=\"4867bbed\" data-element_type=\"section\" data-e-type=\"section\">\n\t\t\t\t\t\t<div class=\"elementor-container elementor-column-gap-default\">\n\t\t\t\t\t<div class=\"elementor-column elementor-col-100 elementor-top-column elementor-element elementor-element-55a686e7\" data-id=\"55a686e7\" data-element_type=\"column\" data-e-type=\"column\" data-settings=\"{&quot;animation&quot;:&quot;none&quot;}\">\n\t\t\t<div class=\"elementor-widget-wrap elementor-element-populated\">\n\t\t\t\t\t\t<div class=\"elementor-element elementor-element-6c1d44b3 elementor-widget elementor-widget-text-editor\" data-id=\"6c1d44b3\" data-element_type=\"widget\" data-e-type=\"widget\" data-widget_type=\"text-editor.default\">\n\t\t\t\t\t\t\t\t\t<h3>SOFTLINE ANVENDER COOKIES<\/h3>\n<p>N\u00e5r du bes\u00f8ger SOFTLINEs website, bliver der gemt cookies. Det g\u00f8r der for bl.a. at hj\u00e6lpe dig med at huske dit foretrukne sprog og for at hj\u00e6lpe SOFTLINE med at udvikle websitet, dette med henblik p\u00e5, at sikre dig den bedste oplevelse n\u00e5r du bruger SOFTLINEs website.<br \/>\nSOFTLINE anvender f\u00f8lgende cookies:<\/p>\n<h3>PR\u00c6FERENCER<\/h3>\n<p>Disse cookies giver bl.a. vores websites mulighed for at huske dit foretrukne sprog.<br \/>\nHvis de oplysninger, der er gemt i en pr\u00e6ferencecookie, forsvinder, forhindrer det ikke websitet i at fungere.<\/p>\n<h3>STATISTIK<\/h3>\n<p>Disse cookies hj\u00e6lper SOFTLINE med at forst\u00e5, hvordan de bes\u00f8gende bruger websitet. V\u00e6rkt\u00f8jet gemmer cookies p\u00e5 dom\u00e6net for SOFTLINEs website. De indhentede oplysninger er anonyme og rapporterer websitetendenser uden at identificere den enkelte bes\u00f8gende.<\/p>\n\t\t\t\t\t\t\t\t<\/div>\n\t\t\t\t\t<\/div>\n\t\t<\/div>\n\t\t\t\t\t<\/div>\n\t\t<\/section>\n\t\t\t\t<section data-particle_enable=\"false\" data-particle-mobile-disabled=\"false\" class=\"elementor-section elementor-top-section elementor-element elementor-element-1f798084 elementor-section-boxed elementor-section-height-default elementor-section-height-default\" data-id=\"1f798084\" data-element_type=\"section\" data-e-type=\"section\">\n\t\t\t\t\t\t<div class=\"elementor-container elementor-column-gap-default\">\n\t\t\t\t\t<div class=\"elementor-column elementor-col-50 elementor-top-column elementor-element elementor-element-53d702fc elementor-invisible\" data-id=\"53d702fc\" data-element_type=\"column\" data-e-type=\"column\" data-settings=\"{&quot;animation&quot;:&quot;fadeInUp&quot;}\">\n\t\t\t<div class=\"elementor-widget-wrap elementor-element-populated\">\n\t\t\t\t\t\t<div class=\"elementor-element elementor-element-1ebc09e1 elementor-widget elementor-widget-heading\" data-id=\"1ebc09e1\" data-element_type=\"widget\" data-e-type=\"widget\" data-settings=\"{&quot;_animation&quot;:&quot;none&quot;}\" data-widget_type=\"heading.default\">\n\t\t\t\t\t<h2 class=\"elementor-heading-title elementor-size-default\">HVAD ER EN COOKIE?<\/h2>\t\t\t\t<\/div>\n\t\t\t\t<div class=\"elementor-element elementor-element-7264dcf3 elementor-widget elementor-widget-text-editor\" data-id=\"7264dcf3\" data-element_type=\"widget\" data-e-type=\"widget\" data-widget_type=\"text-editor.default\">\n\t\t\t\t\t\t\t\t\t<p>Cookies anvendes af de fleste websites. I nogle tilf\u00e6lde er cookies den eneste m\u00e5de at f\u00e5 et website til at fungere efter hensigten.<\/p>\n<p>En cookie er en fil, som gemmes p\u00e5 din computer eller andet IT udstyr. Den g\u00f8r det muligt at genkende din computer, og samle information om, hvilke sider og funktioner, der bes\u00f8ges med din browser. Men cookies kan ikke se, hvem du er, hvad du hedder, hvor du bor eller om computeren bruges af en eller flere personer. Den kan heller ikke sprede computervirus eller andre skadelige programmer. <\/p>\n\t\t\t\t\t\t\t\t<\/div>\n\t\t\t\t\t<\/div>\n\t\t<\/div>\n\t\t\t\t<div class=\"elementor-column elementor-col-50 elementor-top-column elementor-element elementor-element-3456a391 elementor-invisible\" data-id=\"3456a391\" data-element_type=\"column\" data-e-type=\"column\" data-settings=\"{&quot;animation&quot;:&quot;fadeInRight&quot;}\">\n\t\t\t<div class=\"elementor-widget-wrap elementor-element-populated\">\n\t\t\t\t\t\t<div class=\"elementor-element elementor-element-1cc326f1 elementor-widget elementor-widget-image\" data-id=\"1cc326f1\" data-element_type=\"widget\" data-e-type=\"widget\" data-widget_type=\"image.default\">\n\t\t\t\t\t\t\t\t\t\t\t\t\t\t\t<img fetchpriority=\"high\" decoding=\"async\" width=\"800\" height=\"533\" src=\"https:\/\/softlinefurniture.com\/wp-content\/uploads\/2020\/07\/cookies.jpg\" class=\"attachment-full size-full wp-image-18152\" alt=\"\" srcset=\"https:\/\/softlinefurniture.com\/wp-content\/uploads\/2020\/07\/cookies.jpg 800w, https:\/\/softlinefurniture.com\/wp-content\/uploads\/2020\/07\/cookies-150x100.jpg 150w, https:\/\/softlinefurniture.com\/wp-content\/uploads\/2020\/07\/cookies-300x200.jpg 300w, https:\/\/softlinefurniture.com\/wp-content\/uploads\/2020\/07\/cookies-64x43.jpg 64w\" sizes=\"(max-width: 800px) 100vw, 800px\" \/>\t\t\t\t\t\t\t\t\t\t\t\t\t\t\t<\/div>\n\t\t\t\t\t<\/div>\n\t\t<\/div>\n\t\t\t\t\t<\/div>\n\t\t<\/section>\n\t\t\t\t<section data-particle_enable=\"false\" data-particle-mobile-disabled=\"false\" class=\"elementor-section elementor-top-section elementor-element elementor-element-f7e720a elementor-section-boxed elementor-section-height-default elementor-section-height-default\" data-id=\"f7e720a\" data-element_type=\"section\" data-e-type=\"section\">\n\t\t\t\t\t\t<div class=\"elementor-container elementor-column-gap-default\">\n\t\t\t\t\t<div class=\"elementor-column elementor-col-50 elementor-top-column elementor-element elementor-element-cc651e1\" data-id=\"cc651e1\" data-element_type=\"column\" data-e-type=\"column\" data-settings=\"{&quot;animation&quot;:&quot;none&quot;}\">\n\t\t\t<div class=\"elementor-widget-wrap elementor-element-populated\">\n\t\t\t\t\t\t<div class=\"elementor-element elementor-element-2a67ef4 elementor-widget elementor-widget-heading\" data-id=\"2a67ef4\" data-element_type=\"widget\" data-e-type=\"widget\" data-settings=\"{&quot;_animation&quot;:&quot;none&quot;}\" data-widget_type=\"heading.default\">\n\t\t\t\t\t<h2 class=\"elementor-heading-title elementor-size-default\">S\u00c5DAN H\u00c5NDTERER DU DINE COOKIES<\/h2>\t\t\t\t<\/div>\n\t\t\t\t<div class=\"elementor-element elementor-element-612c41d elementor-widget elementor-widget-text-editor\" data-id=\"612c41d\" data-element_type=\"widget\" data-e-type=\"widget\" data-widget_type=\"text-editor.default\">\n\t\t\t\t\t\t\t\t\t<h3>AFVISNING AF COOKIES<\/h3>\n<p>Du kan altid afvise cookies p\u00e5 din computer ved at \u00e6ndre indstillingerne i din browser. Hvor du finder indstillingerne afh\u00e6nger af, hvilken browser du anvender. Du skal dog v\u00e6re opm\u00e6rksom p\u00e5, at hvis du afviser cookies , er der mange funktioner og services, du ikke kan bruge, idet de foruds\u00e6tter, at hjemmesiden kan huske de valg, du foretager.<\/p>\n<h3>SLETNING AF COOKIES<\/h3>\n<p>Cookies som du tidligere har accepteret, kan nemt slettes efterf\u00f8lgende. Benytter du en PC med en nyere browser, kan du slette dine cookies ved at bruge genvejstasterne: CTRL + SHIFT + Delete<\/p>\n\t\t\t\t\t\t\t\t<\/div>\n\t\t\t\t\t<\/div>\n\t\t<\/div>\n\t\t\t\t<div class=\"elementor-column elementor-col-50 elementor-top-column elementor-element elementor-element-feb7e32\" data-id=\"feb7e32\" data-element_type=\"column\" data-e-type=\"column\" data-settings=\"{&quot;animation&quot;:&quot;none&quot;}\">\n\t\t\t<div class=\"elementor-widget-wrap elementor-element-populated\">\n\t\t\t\t\t\t<div class=\"elementor-element elementor-element-d0c1e1e elementor-widget elementor-widget-heading\" data-id=\"d0c1e1e\" data-element_type=\"widget\" data-e-type=\"widget\" data-settings=\"{&quot;_animation&quot;:&quot;none&quot;}\" data-widget_type=\"heading.default\">\n\t\t\t\t\t<h2 class=\"elementor-heading-title elementor-size-default\">COOKIES<\/h2>\t\t\t\t<\/div>\n\t\t\t\t<div class=\"elementor-element elementor-element-adf6173 elementor-widget elementor-widget-text-editor\" data-id=\"adf6173\" data-element_type=\"widget\" data-e-type=\"widget\" data-widget_type=\"text-editor.default\">\n\t\t\t\t\t\t\t\t\t<p>Virker genvejstasterne ikke, og\/eller benytter du en MAC, skal du starte med at finde ud af, hvilken browser du bruger og herefter klikke p\u00e5 det relevante link:<\/p>\n<p>Husk: Bruger du flere browsere, skal du slette cookies i dem alle.<\/p>\n<ul>\n<li>Internet Explorer<\/li>\n<li>Mozilla Firefox<\/li>\n<li>Google Chrome<\/li>\n<li>Opera<\/li>\n<li>Safari 5.0<\/li>\n<li>iPhone, iPad og andet fra Apple<\/li>\n<li>Telefoner med Android<\/li>\n<li>Telefoner med Windows 7<\/li>\n<\/ul>\n\t\t\t\t\t\t\t\t<\/div>\n\t\t\t\t\t<\/div>\n\t\t<\/div>\n\t\t\t\t\t<\/div>\n\t\t<\/section>\n\t\t\t\t<\/div>\n\t\t","protected":false},"excerpt":{"rendered":"<p>SOFTLINE ANVENDER COOKIES N\u00e5r du bes\u00f8ger SOFTLINEs website, bliver der gemt cookies. Det g\u00f8r der for bl.a. at hj\u00e6lpe dig med at huske dit foretrukne sprog og for at hj\u00e6lpe SOFTLINE med at udvikle websitet, dette med henblik p\u00e5, at sikre dig den bedste oplevelse n\u00e5r du bruger SOFTLINEs website. SOFTLINE anvender f\u00f8lgende cookies: PR\u00c6FERENCER [&hellip;]<\/p>\n","protected":false},"author":1,"featured_media":0,"parent":0,"menu_order":0,"comment_status":"closed","ping_status":"closed","template":"elementor_header_footer","meta":{"_acf_changed":false,"footnotes":""},"class_list":["post-15545","page","type-page","status-publish","hentry"],"acf":[],"_links":{"self":[{"href":"https:\/\/softlinefurniture.com\/da\/wp-json\/wp\/v2\/pages\/15545","targetHints":{"allow":["GET"]}}],"collection":[{"href":"https:\/\/softlinefurniture.com\/da\/wp-json\/wp\/v2\/pages"}],"about":[{"href":"https:\/\/softlinefurniture.com\/da\/wp-json\/wp\/v2\/types\/page"}],"author":[{"embeddable":true,"href":"https:\/\/softlinefurniture.com\/da\/wp-json\/wp\/v2\/users\/1"}],"replies":[{"embeddable":true,"href":"https:\/\/softlinefurniture.com\/da\/wp-json\/wp\/v2\/comments?post=15545"}],"version-history":[{"count":0,"href":"https:\/\/softlinefurniture.com\/da\/wp-json\/wp\/v2\/pages\/15545\/revisions"}],"wp:attachment":[{"href":"https:\/\/softlinefurniture.com\/da\/wp-json\/wp\/v2\/media?parent=15545"}],"curies":[{"name":"wp","href":"https:\/\/api.w.org\/{rel}","templated":true}]}}