{"id":15553,"date":"2020-06-15T07:49:45","date_gmt":"2020-06-15T05:49:45","guid":{"rendered":"https:\/\/softlinefurniture.com\/generelle-salgs-og-leveringsbetingelser\/"},"modified":"2021-03-23T15:30:11","modified_gmt":"2021-03-23T14:30:11","slug":"generelle-salgs-og-leveringsbetingelser","status":"publish","type":"page","link":"https:\/\/softlinefurniture.com\/da\/generelle-salgs-og-leveringsbetingelser\/","title":{"rendered":"Almindelige salgs- og leveringsbetingelser"},"content":{"rendered":"\t\t<div data-elementor-type=\"wp-page\" data-elementor-id=\"15553\" class=\"elementor elementor-15553 elementor-54\" data-elementor-post-type=\"page\">\n\t\t\t\t\t\t<section data-particle_enable=\"false\" data-particle-mobile-disabled=\"false\" class=\"elementor-section elementor-top-section elementor-element elementor-element-7c923167 elementor-section-boxed elementor-section-height-default elementor-section-height-default\" data-id=\"7c923167\" data-element_type=\"section\" data-e-type=\"section\">\n\t\t\t\t\t\t<div class=\"elementor-container elementor-column-gap-default\">\n\t\t\t\t\t<div class=\"elementor-column elementor-col-100 elementor-top-column elementor-element elementor-element-2dd7c786\" data-id=\"2dd7c786\" data-element_type=\"column\" data-e-type=\"column\">\n\t\t\t<div class=\"elementor-widget-wrap elementor-element-populated\">\n\t\t\t\t\t\t<div class=\"elementor-element elementor-element-717956c8 elementor-widget elementor-widget-heading\" data-id=\"717956c8\" data-element_type=\"widget\" data-e-type=\"widget\" data-settings=\"{&quot;_animation&quot;:&quot;none&quot;}\" data-widget_type=\"heading.default\">\n\t\t\t\t\t<h1 class=\"elementor-heading-title elementor-size-default\">Almindelige salgs- og leveringsbetingelser<\/h1>\t\t\t\t<\/div>\n\t\t\t\t<div class=\"elementor-element elementor-element-61b98dc elementor-widget elementor-widget-text-editor\" data-id=\"61b98dc\" data-element_type=\"widget\" data-e-type=\"widget\" data-widget_type=\"text-editor.default\">\n\t\t\t\t\t\t\t\t\t<p>(g\u00e6lder fra den 1. februar 2009)<br \/>\nfor medlemmer af Foreningen Dansk M\u00f8belindustri<\/p>\n\t\t\t\t\t\t\t\t<\/div>\n\t\t\t\t\t<\/div>\n\t\t<\/div>\n\t\t\t\t\t<\/div>\n\t\t<\/section>\n\t\t\t\t<section data-particle_enable=\"false\" data-particle-mobile-disabled=\"false\" class=\"elementor-section elementor-top-section elementor-element elementor-element-3bc0b6d3 elementor-section-boxed elementor-section-height-default elementor-section-height-default\" data-id=\"3bc0b6d3\" data-element_type=\"section\" data-e-type=\"section\" data-settings=\"{&quot;animation&quot;:&quot;none&quot;}\">\n\t\t\t\t\t\t<div class=\"elementor-container elementor-column-gap-default\">\n\t\t\t\t\t<div class=\"elementor-column elementor-col-100 elementor-top-column elementor-element elementor-element-2f0567d2 elementor-invisible\" data-id=\"2f0567d2\" data-element_type=\"column\" data-e-type=\"column\" data-settings=\"{&quot;animation&quot;:&quot;fadeInUp&quot;}\">\n\t\t\t<div class=\"elementor-widget-wrap elementor-element-populated\">\n\t\t\t\t\t\t<div class=\"elementor-element elementor-element-20beae84 elementor-widget elementor-widget-text-editor\" data-id=\"20beae84\" data-element_type=\"widget\" data-e-type=\"widget\" data-settings=\"{&quot;_animation&quot;:&quot;none&quot;}\" data-widget_type=\"text-editor.default\">\n\t\t\t\t\t\t\t\t\t<p><strong style=\"font-weight: 500;\">Anvendelsesomr\u00e5de<\/strong><br \/>\nNedenst\u00e5ende almindelige salgs- og leveringsbetingelser g\u00e6lder alle s\u00e6lgers tilbud, salg og leverancer \u2013 ogs\u00e5 hvor k\u00f8ber foreskriver andre betingelser. Afvigelser fra nedenst\u00e5ende salgs- og leveringsbetingelser er kun gyldige med s\u00e6lgers skriftlige accept.<\/p>\n<p><strong style=\"font-weight: 500;\">\u00a7 1 Leveringsklausuler<\/strong><br \/>\nEvt. aftalte leveringsklausuler fortolkes i henhold til de ved aftalens indg\u00e5else g\u00e6ldende Incoterms.<br \/>\nS\u00e5fremt der ikke er truffet s\u00e6rlig aftale om en leveringsklausul, anses levering for sket \u201cab fabrik\u201d (\u201cex works\u201d).<\/p>\n<p><strong style=\"font-weight: 500;\">\u00a7 2 Forsikring<\/strong><\/p>\n<p>Transportforsikring tegnes af k\u00f8ber, medmindre andet er aftalt.<\/p>\n<p>K\u00f8ber forpligter sig til ogs\u00e5 i \u00f8vrigt at holde varerne forsikrede.<\/p>\n<p><strong style=\"font-weight: 500;\">\u00a7 3 S\u00e6lgers forsinkelse<\/strong><\/p>\n<p>Erfarer s\u00e6lger, at s\u00e6lger ikke kan overholde den aftalte leveringstid, eller at forsinkelse fra s\u00e6lgers side m\u00e5 anses for sandsynlig, skal s\u00e6lger uden ugrundet ophold give k\u00f8ber skriftlig meddelelse herom og samtidig angive\u00e5rsagen til forsinkelsen samt s\u00e5 vidt muligt det tidspunkt, hvor levering kan p\u00e5regnes at finde sted.<\/p>\n<p>Hvis forsinkelsen med levering skyldes nogen af de i \u00a7 9 n\u00e6vnte omst\u00e6ndigheder (force majeure) eller<\/p>\n<p>k\u00f8bers handlinger eller undladelser, forl\u00e6nges leveringstiden i det omfang, hvori det efter<\/p>\n<p>omst\u00e6ndighederne sk\u00f8nnes rimeligt.<\/p>\n<p>Denne bestemmelse finder anvendelse uanset, om \u00e5rsagen til forsinkelsen indtr\u00e6ffer f\u00f8r eller efter udl\u00f8bet<\/p>\n<p>af den aftalte leveringstid.<\/p>\n<p>K\u00f8ber kan ikke h\u00e6ve aftalen grundet p\u00e5 leveringsforsinkelse, der kan tilregnes s\u00e6lger, medmindre<\/p>\n<p>forsinkelsen overstiger 3 m\u00e5neder.<\/p>\n<p>K\u00f8ber kan ikke g\u00f8re erstatningsansvar g\u00e6ldende p\u00e5 grund af forsinkelse hos s\u00e6lger.<\/p>\n<p><strong style=\"font-weight: 500;\">\u00a7 4 K\u00f8bers forsinkelse<\/strong><\/p>\n<p>Erfarer k\u00f8ber, at k\u00f8ber ikke vil kunne modtage varerne p\u00e5 den aftalte dag, eller at forsinkelse fra k\u00f8bers side<\/p>\n<p>m\u00e5 anses som sandsynlig, skal k\u00f8ber straks give s\u00e6lger skriftlig meddelelse herom og samtidig angive \u00e5rsagen til forsinkelsen samt s\u00e5 vidt muligt det tidspunkt, hvor modtagelsen kan p\u00e5regnes at kunne finde sted.<\/p>\n<p>Uanset, at k\u00f8ber undlader at modtage varerne p\u00e5 det aftalte tidspunkt, er k\u00f8ber forpligtet til at erl\u00e6gge<\/p>\n<p>enhver af levering betinget betaling, som om levering af de p\u00e5g\u00e6ldende varer havde fundet sted.<\/p>\n<p>S\u00e6lger skal s\u00f8rge for, at varerne opbevares for k\u00f8bers regning og risiko. P\u00e5 k\u00f8bers anmodning skal s\u00e6lger<\/p>\n<p>forsikre varerne for k\u00f8bers regning.<\/p>\n<p>S\u00e6lger er berettiget til skriftligt at opfordre k\u00f8ber til at modtage varerne inden for en frist af 15 dage.<\/p>\n<p>Undlader k\u00f8ber at g\u00f8re dette inden for fristen af \u00e5rsager, som s\u00e6lger ikke b\u00e6rer ansvaret for, er s\u00e6lger<\/p>\n<p>berettiget til ved skriftlig meddelelse til k\u00f8ber at h\u00e6ve aftalen for den leveringsklare del af varerne, som<\/p>\n<p>ikke er modtaget p\u00e5 grund af k\u00f8bers forsinkelse.<\/p>\n<p>S\u00e6lger har da ret til erstatning for den skade, som k\u00f8bers misligholdelse har medf\u00f8rt.<span style=\"text-decoration: line-through;\"> p\u00e5f\u00f8rt ham.<\/span><\/p>\n<p><strong style=\"font-weight: 500;\">\u00a7 5 Betaling m.v.<\/strong><\/p>\n<p>Med mindre andet er aftalt, forfalder k\u00f8besummen til kontant betaling ved varernes levering.<\/p>\n<p>Erl\u00e6gger k\u00f8ber ikke betaling i rette tid, er s\u00e6lger berettiget til fra forfaldsdagen at kr\u00e6ve morarenter med<\/p>\n<p>1,5% pr. p\u00e5begyndt m\u00e5ned.<\/p>\n<p>S\u00e5fremt k\u00f8ber \u00f8nsker at returnere varer, kan dette kun ske efter forudg\u00e5ende aftale med s\u00e6lger.<\/p>\n<p>Returnering skal ske franko.<\/p>\n<p>I tilf\u00e6lde af misligholdelse er k\u00f8ber (debitor) forpligtet til at betale alle omkostninger ved fordringens<\/p>\n<p>inddrivelse, herunder gebyrer og sal\u00e6rer til advokat, inkassobureau m.v.<\/p>\n<p><strong style=\"font-weight: 500;\">\u00a7 6 Ejendomsforbehold<\/strong><\/p>\n<p>S\u00e6lger forbeholder sig sin ejendomsret til det solgte, indtil betaling fuldt ud har fundet sted.<\/p>\n<p>Ved salg til Tyskland g\u00e6lder dog det ejendomsforbehold, der fremg\u00e5r af vedlagte till\u00e6g mrk. D98 (\u00abNachtrag zu den Allgemeinen Verkaufs- und Lieferungsbedingungen\u00bb).<\/p>\n<p><strong style=\"font-weight: 500;\">\u00a7 7 Mangler<\/strong><\/p>\n<p>S\u00e6lger forpligter sig til at afhj\u00e6lpe alle mangler, som skyldes fejl i konstruktion, materiale eller fremstilling<\/p>\n<p>ved at foretage reparation eller omlevering af varerne i overensstemmelse med nedenn\u00e6vnte punkter, men<\/p>\n<p>s\u00e6lger ifalder ikke erstatningsansvar som f\u00f8lge af mangler.<\/p>\n<p>For tr\u00e6 g\u00e6lder, at mindre knaster samt forskelle i farve og struktur ikke betragtes som mangler. For l\u00e6der<\/p>\n<p>g\u00e6lder, at v\u00e6kstm\u00e6rker ikke betragtes som mangler, men som et tegn p\u00e5 \u00e6gthed.<\/p>\n<p>S\u00e6lgers ansvar omfatter kun de mangler, der viser sig inden for 2 \u00e5r fra den dag, da varen blev leveret til<\/p>\n<p>k\u00f8ber.<\/p>\n<p>M\u00e5tte k\u00f8ber konstatere mangler, skal k\u00f8ber straks skriftligt underrette s\u00e6lger herom.<\/p>\n<p><strong style=\"font-weight: 500;\">\u00a7 8 Produktansvar<\/strong><\/p>\n<p>S\u00e6lger er kun ansvarlig for skade forvoldt af produktet p\u00e5 ting, hvis det bevises, at skaden skyldes fejl eller<\/p>\n<p>fors\u00f8mmelser beg\u00e5et af s\u00e6lger eller dennes ansatte. S\u00e6lger er i intet tilf\u00e6lde ansvarlig for driftstab, tabt<\/p>\n<p>fortjeneste eller andre \u00f8konomiske konsekvenstab.<\/p>\n<p>I den udstr\u00e6kning, s\u00e6lger m\u00e5tte blive p\u00e5lagt produktansvar over for tredjemand, er k\u00f8ber forpligtet til at<\/p>\n<p>holde s\u00e6lger skadesl\u00f8s i samme omfang, som s\u00e6lgers ansvar er begr\u00e6nset efter de foreg\u00e5ende stykker. Hvis tredjemand frems\u00e6tter erstatningskrav mod k\u00f8ber pga. en produktskade, skal k\u00f8ber straks underrette<\/p>\n<p>s\u00e6lger herom.<\/p>\n<p><strong style=\"font-weight: 500;\">\u00a7 9 Force majeure<\/strong><\/p>\n<p>F\u00f8lgende omst\u00e6ndigheder hos s\u00e6lger medf\u00f8rer ansvarsfrihed, s\u00e5fremt de forhindrer aftalens opfyldelse eller g\u00f8r opfyldelsen urimeligt byrdefuld.<\/p>\n<p>Arbejdskonflikt og enhver anden omst\u00e6ndighed, som er ude af s\u00e6lgers kontrol, s\u00e5som brand, krig,<\/p>\n<p>mobilisering eller uforudsete milit\u00e6rindkaldelser af tilsvarende omfang, rekvirering, beslagl\u00e6ggelse,<\/p>\n<p>valutarestriktioner, opr\u00f8r og uroligheder, mangel p\u00e5 transportmidler, medmindre at denne mangel kunne<\/p>\n<p>forudses af s\u00e6lger, almindelig vareknaphed samt mangler ved eller forsinkelse af leverancer fra<\/p>\n<p>underleverand\u00f8rer, som skyldes nogen af de i dette punkt n\u00e6vnte omst\u00e6ndigheder.<\/p>\n<p>Omst\u00e6ndigheder som n\u00e6vnt, der var indtruffet inden aftalens indg\u00e5else, medf\u00f8rer kun ansvarsfrihed,<\/p>\n<p>s\u00e5fremt deres indflydelse p\u00e5 aftalens opfyldelse ikke kunne forudses p\u00e5 aftaletidspunktet af s\u00e6lger.<\/p>\n<p>Det p\u00e5hviler s\u00e6lger, s\u00e5fremt denne \u00f8nsker at p\u00e5ber\u00e5be sig nogen ansvarsfrihedsgrund som n\u00e6vnt i denne \u00a7, uden ugrundet ophold skriftligt at underrette k\u00f8ber om denne grund.<\/p>\n<p>Uanset, hvad der i \u00f8vrigt fremg\u00e5r af n\u00e6rv\u00e6rende salgs- og leveringsbetingelser, kan enhver af parterne h\u00e6ve aftalen ved skriftlig meddelelse til den anden part, s\u00e5fremt aftalens opfyldelse hindres i mere end 6 mdr. af en begivenhed som n\u00e6vnt i denne \u00a7.<\/p>\n<p><strong style=\"font-weight: 500;\">\u00a7 10 Tvister<\/strong><\/p>\n<p>Alle tvistigheder vedr\u00f8rende n\u00e6rv\u00e6rende kontrakt afg\u00f8res efter dansk ret.<\/p>\n<p>Alle retssager skal anl\u00e6gges ved s\u00e6lgers eller k\u00f8bers v\u00e6rneting efter s\u00e6lgers valg.<\/p>\n\t\t\t\t\t\t\t\t<\/div>\n\t\t\t\t\t<\/div>\n\t\t<\/div>\n\t\t\t\t\t<\/div>\n\t\t<\/section>\n\t\t\t\t<\/div>\n\t\t","protected":false},"excerpt":{"rendered":"<p>(g\u00e6lder fra den 1. februar 2009) for medlemmer af Foreningen Dansk M\u00f8belindustri Anvendelsesomr\u00e5de Nedenst\u00e5ende almindelige salgs- og leveringsbetingelser g\u00e6lder alle s\u00e6lgers tilbud, salg og leverancer \u2013 ogs\u00e5 hvor k\u00f8ber foreskriver andre betingelser. Afvigelser fra nedenst\u00e5ende salgs- og leveringsbetingelser er kun gyldige med s\u00e6lgers skriftlige accept. \u00a7 1 Leveringsklausuler Evt. aftalte leveringsklausuler fortolkes i henhold til [&hellip;]<\/p>\n","protected":false},"author":1,"featured_media":0,"parent":0,"menu_order":0,"comment_status":"closed","ping_status":"closed","template":"elementor_header_footer","meta":{"_acf_changed":false,"footnotes":""},"class_list":["post-15553","page","type-page","status-publish","hentry"],"acf":[],"_links":{"self":[{"href":"https:\/\/softlinefurniture.com\/da\/wp-json\/wp\/v2\/pages\/15553","targetHints":{"allow":["GET"]}}],"collection":[{"href":"https:\/\/softlinefurniture.com\/da\/wp-json\/wp\/v2\/pages"}],"about":[{"href":"https:\/\/softlinefurniture.com\/da\/wp-json\/wp\/v2\/types\/page"}],"author":[{"embeddable":true,"href":"https:\/\/softlinefurniture.com\/da\/wp-json\/wp\/v2\/users\/1"}],"replies":[{"embeddable":true,"href":"https:\/\/softlinefurniture.com\/da\/wp-json\/wp\/v2\/comments?post=15553"}],"version-history":[{"count":0,"href":"https:\/\/softlinefurniture.com\/da\/wp-json\/wp\/v2\/pages\/15553\/revisions"}],"wp:attachment":[{"href":"https:\/\/softlinefurniture.com\/da\/wp-json\/wp\/v2\/media?parent=15553"}],"curies":[{"name":"wp","href":"https:\/\/api.w.org\/{rel}","templated":true}]}}