{"id":15600,"date":"2020-04-26T17:05:06","date_gmt":"2020-04-26T15:05:06","guid":{"rendered":"https:\/\/softlinefurniture.com\/personenbezogene-daten\/"},"modified":"2026-02-11T08:06:27","modified_gmt":"2026-02-11T07:06:27","slug":"persondata-og-cookiepolitik","status":"publish","type":"page","link":"https:\/\/softlinefurniture.com\/da\/persondata-og-cookiepolitik\/","title":{"rendered":"Persondata- og cookiepolitik"},"content":{"rendered":"\t\t<div data-elementor-type=\"wp-page\" data-elementor-id=\"15600\" class=\"elementor elementor-15600 elementor-58\" data-elementor-post-type=\"page\">\n\t\t\t\t\t\t<section data-particle_enable=\"false\" data-particle-mobile-disabled=\"false\" class=\"elementor-section elementor-top-section elementor-element elementor-element-138fe8ba elementor-section-boxed elementor-section-height-default elementor-section-height-default\" data-id=\"138fe8ba\" data-element_type=\"section\" data-e-type=\"section\">\n\t\t\t\t\t\t<div class=\"elementor-container elementor-column-gap-default\">\n\t\t\t\t\t<div class=\"elementor-column elementor-col-100 elementor-top-column elementor-element elementor-element-51121f7e\" data-id=\"51121f7e\" data-element_type=\"column\" data-e-type=\"column\">\n\t\t\t<div class=\"elementor-widget-wrap elementor-element-populated\">\n\t\t\t\t\t\t<div class=\"elementor-element elementor-element-29f396d elementor-widget elementor-widget-heading\" data-id=\"29f396d\" data-element_type=\"widget\" data-e-type=\"widget\" data-widget_type=\"heading.default\">\n\t\t\t\t\t<h1 class=\"elementor-heading-title elementor-size-default\">PERSONDATA- OG COOKIEPOLITIK<\/h1>\t\t\t\t<\/div>\n\t\t\t\t<div class=\"elementor-element elementor-element-59a4faad elementor-widget elementor-widget-text-editor\" data-id=\"59a4faad\" data-element_type=\"widget\" data-e-type=\"widget\" data-widget_type=\"text-editor.default\">\n\t\t\t\t\t\t\t\t\tDenne persondata- og cookiepolitik g\u00e6lder for softlinefurniture.com, som ejes og drives af SOFTLINE A\/S, Kidnakken 5, 4930 Maribo, CVR nr. 27 26 63 55, Telefon: + 45 54 16 06 80, Mail: info@softline.dk.<br><br>SOFTLINE A\/S er underlagt den til enhver tid g\u00e6ldende persondatalovgivning og enhver behandling af personoplysninger sker under iagttagelse af persondatalovgivningen. SOFTLINE A\/S er i medf\u00f8r af persondatalovgivningen at betragte som dataansvarlig for de personoplysninger, der registreres om kunder og bes\u00f8gende p\u00e5 hjemmesiden.<br><br>SOFTLINE A\/S indsamler p\u00e5 forskellig vis oplysninger om dig i forbindelse med, at du anvender hjemmesiden. Denne politik beskriver hvilke typer af personoplysninger, vi indsamler, hvordan vi behandler disse, og hvem du kan kontakte, s\u00e5fremt du har sp\u00f8rgsm\u00e5l eller kommentarer til vores retningslinjer.<br><br>&nbsp;<br><br><strong>Vi sikrer fair og transparent databehandling:<\/strong><br><br>N\u00e5r vi beder dig om at stille dine personoplysninger til r\u00e5dighed for os, oplyser vi dig om, hvilke oplysninger vi behandler om dig og til hvilket form\u00e5l. Du modtager oplysning herom p\u00e5 tidspunktet for indsamling af dine personoplysninger.<br><br>&nbsp;<br><br><strong>BEHANDLING AF PERSONOPLYSNINGER<\/strong><br><br><strong>De oplysninger, vi indsamler og anvender ifm. din anvendelse af softlinefurniture.com, omfatter:<\/strong><br><br>&#8211; Dit unikke ID samt tekniske oplysninger om din computer, tablet eller mobiltelefon<br><br>&#8211; Din IP-adresse og geografiske placering<br><br>&#8211; Oplysninger om interesser og vaner<br><br>&#8211; Kontaktoplysninger, herunder navn, e-mailadresse, adresse og telefonnummer<br><br>&nbsp;<br><br>Du kan l\u00e6se mere om hvordan og hvorfor vi indsamler oplysninger om din anvendelse af vores website under afsnittet \u2019COOKIEPOLITIK\u2019.<br><br>&nbsp;<br><br><strong>Indsamling af dine personoplysninger sker i \u00e9t eller flere af nedenst\u00e5ende tilf\u00e6lde:<\/strong><br><br>&#8211; N\u00e5r du tilmelder dig vores nyhedsbrev<br><br>&#8211; N\u00e5r du opretter en brugerkonto p\u00e5 softlinefurniture.com<br><br>&#8211; N\u00e5r du deltager i konkurrencer<br><br>&#8211; N\u00e5r du kommunikerer med os<br><br>&nbsp;<br><br>Hvis du som forhandler eller kontrakt-kunde k\u00f8ber produkter af os, indsamler og opbevarer vi desuden de personoplysninger, du giver os, herunder navn, adresse, virksomhed, mail, telefon, betalingsoplysninger, ordrehistorik etc. &#8211; til f\u00f8lgende saglige og forretningsm\u00e6ssige form\u00e5l:<br><br>&#8211; Behandling af dit k\u00f8b og levering af vores ydelse<br><br>&#8211; Administration af kundeforhold<br><br>&#8211; Fremsendelse af nyhedsbreve eller andet markedsf\u00f8ringsmateriale samt \u00f8vrige markedsf\u00f8rings tiltag<br><br>&#8211; Besvarelser af dine henvendelser<br><br>&#8211; Statistik og analyse<br><br>&nbsp;<br><br>Vores legitime grundlag for behandling af dine personoplysninger er prim\u00e6rt opfyldelse af aftaler indg\u00e5et mellem dig og SOFTLINE A\/S. Herudover behandler vi dine personoplysninger p\u00e5 grundlag af dit samtykke.<br><br>&nbsp;<br><br>Endelig behandler vi dine personoplysninger p\u00e5 grundlag af vores legitime interesse i at udvikle eksisterende samt nye services og produkter, foretage analyser og statistik af vores kundesegmenter, produkter og services.<br><br>&nbsp;<br><br>Vi g\u00f8r opm\u00e6rksom p\u00e5, at brug af dine personoplysninger til fremsendelse af markedsf\u00f8ringsmateriale kun finder sted, s\u00e5fremt du forinden har afgivet dit udtrykkelige samtykke.<br><br>&nbsp;<br><br><strong>Vi behandler kun relevante personoplysninger:<\/strong><br><br>Vi behandler kun oplysninger om dig, der er relevante og tilstr\u00e6kkelige i forhold til de form\u00e5l, der er defineret ovenfor. Form\u00e5let er afg\u00f8rende for, hvilken type oplysninger om dig, der er relevante for os. Det samme g\u00e6lder omfanget af de personoplysninger, vi bruger. Vi bruger f.eks. ikke flere oplysninger, end dem, vi har brug for til det konkrete form\u00e5l.<br><br>&nbsp;<br><br><strong>Vi behandler kun n\u00f8dvendige personoplysninger:<\/strong><br><br>Vi indsamler, behandler og opbevarer kun de personoplysninger, der er n\u00f8dvendige i forhold til at opfylde vores fastsatte form\u00e5l. Derudover kan det v\u00e6re bestemt ved lovgivning, hvilken type oplysninger, der er n\u00f8dvendig at indsamle og opbevare for vores forretningsdrift. Typen og omfanget af de personoplysninger, vi behandler, kan ogs\u00e5 v\u00e6re n\u00f8dvendige for at opfylde en kontrakt eller en anden retlig forpligtelse.<br><br>&nbsp;<br><br><strong>Vi kontrollerer og opdaterer dine personoplysninger:<\/strong><br><br>Vi kontrollerer, at de personoplysninger, vi behandler om dig, ikke er urigtige eller vildledende. Vi s\u00f8rger ogs\u00e5 for at opdatere dine personoplysninger l\u00f8bende.<br><br>&nbsp;<br><br>Da vores service er afh\u00e6ngig af, at dine oplysninger er korrekte og opdaterede, beder vi dig oplyse os om relevante \u00e6ndringer i dine oplysninger. Du kan benytte kontaktoplysningerne ovenfor til at meddele os dine \u00e6ndringer.<br><br>&nbsp;<br><br><strong>Vi sletter dine personoplysninger, n\u00e5r de ikke l\u00e6ngere er n\u00f8dvendige:<\/strong><br><br>Vi sletter dine personoplysninger, n\u00e5r de ikke l\u00e6ngere er n\u00f8dvendige i forhold til det form\u00e5l, som var grunden til vores indsamling, behandling og opbevaring af dine oplysninger. Oplysningerne kan dog behandles og opbevares l\u00e6ngere i anonymiseret form. Personoplysninger indsamlet i forbindelse med gennemf\u00f8relse af k\u00f8b bliver gemt med oplysninger om, hvilke varer du har k\u00f8bt i 5 \u00e5r fra udgangen af det regnskabs\u00e5r, oplysningerne vedr\u00f8rer, jf. bogf\u00f8ringslovens \u00a7 10, hvorefter oplysningerne slettes.<br><br>&nbsp;<br><br><strong>Tilbagekaldelse af samtykke\/Udmeldelse:<\/strong><br><br>Du kan til enhver tid tilbagekalde eventuelle samtykker, som du m\u00e5tte have afgivet, og vi vil herefter slette dine personoplysninger, medmindre vi kan forts\u00e6tte behandlingen p\u00e5 andet grundlag. Hvis du \u00f8nsker at tilbagekalde eventuelle samtykker, kan du kontakte os p\u00e5 info@softline.dk eller + 45 54 16 06 80.<br><br>&nbsp;<br><br><strong>Hvem deler vi personoplysninger med?<\/strong><br><br>Vores hjemmeside bliver hostet af VTHS og er beliggende i EU, som behandler oplysningerne p\u00e5 vores vegne og efter instruks fra os. EN kopi kan rekvireres ved henvendelse til SOFTLINE A\/S.<br><br>Herudover kan det under visse omst\u00e6ndigheder og i henhold til lovgivningen v\u00e6re n\u00f8dvendigt at videregive oplysninger til offentlige myndigheder, herunder retslige myndigheder. Eksempelvis kan oplysninger videregives til politiet i tilf\u00e6lde af mistanke om svindel, mv.<br><br>&nbsp;<br><br><strong>SIKKERHED<\/strong><br><br><strong>Vi beskytter dine personoplysninger og har interne regler om informationssikkerhed:<\/strong><br><br>Vi har vedtaget interne regler om informationssikkerhed, som indeholder instrukser og foranstaltninger, der beskytter dine personoplysninger mod at blive tilintetgjort, g\u00e5 tabt eller blive \u00e6ndret mod uautoriseret offentligg\u00f8relse, og mod at uvedkommende f\u00e5r adgang eller kendskab til dem.<br><br>&nbsp;<br><br><script id=\"CookiePolicy\" src=\"https:\/\/policy.app.cookieinformation.com\/cid.js\" data-culture=\"da\" type=\"text\/javascript\"><\/script><br><br>&nbsp;<br><br><strong>DINE RETTIGHEDER<\/strong><br><br><strong>Du har ret til at f\u00e5 adgang til dine personoplysninger:<\/strong><br><br>Du har til en enhver tid ret til at f\u00e5 oplyst, hvilke oplysninger vi behandler om dig, hvor de stammer fra, og hvad vi anvender dem til. Du kan ogs\u00e5 f\u00e5 oplyst, hvor l\u00e6nge vi opbevarer dine personoplysninger, og hvem, der modtager oplysninger om dig, i det omfang vi videregiver oplysninger.<br><br>&nbsp;<br><br>Hvis du anmoder om det, kan vi oplyse dig om til de oplysninger, vi behandler om dig. Adgangen kan dog v\u00e6re begr\u00e6nset af hensyn til andre personers privatlivsbeskyttelse, til forretningshemmeligheder og immaterielle rettigheder.<br><br>Du kan g\u00f8re brug af dine rettigheder ved at henvende dig til os. Vores kontaktoplysninger finder du \u00f8verst.<br><br>&nbsp;<br><br><strong>Du har ret til at f\u00e5 personoplysninger berigtiget, slettet eller blokeret eller kr\u00e6ve begr\u00e6nsning af behandlingen:<\/strong><br><br>Du kan til enhver tid f\u00e5 berigtiget urigtige personoplysninger, som vi behandler om dig. Du skal henvende dig til os og oplyse os om, hvori un\u00f8jagtighederne best\u00e5r, og hvordan de kan rettes.<br><br>&nbsp;<br><br>I nogle tilf\u00e6lde vil vi have en forpligtelse til at slette dine personoplysninger. Det g\u00e6lder f.eks. hvis du tr\u00e6kker dit samtykke tilbage, og vi ikke kan behandle dine oplysninger p\u00e5 et andet grundlag. Hvis du mener, at dine oplysninger ikke l\u00e6ngere er n\u00f8dvendige i forhold til det form\u00e5l, som vi indhentede dem til, kan du ogs\u00e5 bede om at f\u00e5 dem slettet. Du kan ogs\u00e5 kontakte os, hvis du mener, at dine persondata bliver behandlet i strid med lovgivningen eller andre retlige forpligtelser.<br><br>&nbsp;<br><br>Du har derudover ogs\u00e5 i visse tilf\u00e6lde ret til at f\u00e5 blokeret dine personoplysninger eller kr\u00e6ve begr\u00e6nsning af behandlingen.<br><br>&nbsp;<br><br>N\u00e5r du henvender dig med en anmodning om at f\u00e5 rettet, slettet eller blokeret dine personoplysninger eller begr\u00e6nset behandlingen, unders\u00f8ger vi, om betingelserne er opfyldt, og gennemf\u00f8rer i s\u00e5 fald din anmodning s\u00e5 hurtigt som muligt.<br><br>&nbsp;<br><br><strong>Du har ret til at g\u00f8re indsigelse mod vores behandling af dine personoplysninger:<\/strong><br><br>Du har ret til at g\u00f8re indsigelse mod vores behandling af dine personoplysninger. Du kan ogs\u00e5 g\u00f8re indsigelse mod vores videregivelse af dine data til markedsf\u00f8ringsform\u00e5l. Du kan bruge kontaktoplysningerne \u00f8verst til at sende en indsigelse. Hvis din indsigelse er berettiget, s\u00f8rger vi for at oph\u00f8re med behandlingen af dine personoplysninger.<br><br>&nbsp;<br><br><strong>Du har ret til at f\u00e5 dine personoplysninger i et almindeligt anvendt format:<\/strong><br><br>Du har i visse tilf\u00e6lde ret til at f\u00e5 udleveret de personoplysninger, som vi har registreret om dig, i et struktureret, almindeligt anvendt og maskinl\u00e6sbart format samt bede os om at transmittere disse oplysninger til en anden dataansvarlig.<br><br>&nbsp;<br><br><strong>\u00c6NDRING AF RETNINGSLINJER<\/strong><br><br>SOFTLINE A\/S forbeholder sig ret til at opdatere og \u00e6ndre retningslinjerne i denne politik. N\u00e5r vi g\u00f8r det, retter vi ogs\u00e5 datoen for &#8220;senest opdateret&#8221; nederst i dokumentet.<br><br>&nbsp;<br><br><strong>KLAGEADGANG<\/strong><br><br>Hvis du \u00f8nsker at klage over behandlingen af dine personoplysninger, kan du altid kontakte os via e-mail eller telefon som angivet \u00f8verst.<br><br>Du kan ogs\u00e5 henvende dig til Datatilsynet, Borgergade 28, 5., 1300 K\u00f8benhavn K.<br><br>&nbsp;<br><br>Senest opdateret: 4. november 2021<br><br>&nbsp;\t\t\t\t\t\t\t\t<\/div>\n\t\t\t\t\t<\/div>\n\t\t<\/div>\n\t\t\t\t\t<\/div>\n\t\t<\/section>\n\t\t\t\t<\/div>\n\t\t","protected":false},"excerpt":{"rendered":"<p>PERSONDATA- OG COOKIEPOLITIK Denne persondata- og cookiepolitik g\u00e6lder for softlinefurniture.com, som ejes og drives af SOFTLINE A\/S, Kidnakken 5, 4930 Maribo, CVR nr. 27 26 63 55, Telefon: + 45 54 16 06 80, Mail: info@softline.dk. SOFTLINE A\/S er underlagt den til enhver tid g\u00e6ldende persondatalovgivning og enhver behandling af personoplysninger sker under iagttagelse af [&hellip;]<\/p>\n","protected":false},"author":1,"featured_media":0,"parent":0,"menu_order":0,"comment_status":"closed","ping_status":"closed","template":"elementor_header_footer","meta":{"_acf_changed":false,"footnotes":""},"class_list":["post-15600","page","type-page","status-publish","hentry"],"acf":[],"_links":{"self":[{"href":"https:\/\/softlinefurniture.com\/da\/wp-json\/wp\/v2\/pages\/15600","targetHints":{"allow":["GET"]}}],"collection":[{"href":"https:\/\/softlinefurniture.com\/da\/wp-json\/wp\/v2\/pages"}],"about":[{"href":"https:\/\/softlinefurniture.com\/da\/wp-json\/wp\/v2\/types\/page"}],"author":[{"embeddable":true,"href":"https:\/\/softlinefurniture.com\/da\/wp-json\/wp\/v2\/users\/1"}],"replies":[{"embeddable":true,"href":"https:\/\/softlinefurniture.com\/da\/wp-json\/wp\/v2\/comments?post=15600"}],"version-history":[{"count":0,"href":"https:\/\/softlinefurniture.com\/da\/wp-json\/wp\/v2\/pages\/15600\/revisions"}],"wp:attachment":[{"href":"https:\/\/softlinefurniture.com\/da\/wp-json\/wp\/v2\/media?parent=15600"}],"curies":[{"name":"wp","href":"https:\/\/api.w.org\/{rel}","templated":true}]}}