{"id":19915,"date":"2020-07-07T23:56:47","date_gmt":"2020-07-07T21:56:47","guid":{"rendered":"https:\/\/softlinefurniture.com\/covid-19-information\/"},"modified":"2021-05-22T07:36:19","modified_gmt":"2021-05-22T05:36:19","slug":"covid-19-information","status":"publish","type":"page","link":"https:\/\/softlinefurniture.com\/da\/covid-19-information\/","title":{"rendered":"COVID-19 Information"},"content":{"rendered":"\t\t<div data-elementor-type=\"wp-page\" data-elementor-id=\"19915\" class=\"elementor elementor-19915 elementor-18129\" data-elementor-post-type=\"page\">\n\t\t\t\t\t\t<section data-particle_enable=\"false\" data-particle-mobile-disabled=\"false\" class=\"elementor-section elementor-top-section elementor-element elementor-element-7cb08fac elementor-section-boxed elementor-section-height-default elementor-section-height-default\" data-id=\"7cb08fac\" data-element_type=\"section\" data-e-type=\"section\">\n\t\t\t\t\t\t<div class=\"elementor-container elementor-column-gap-default\">\n\t\t\t\t\t<div class=\"elementor-column elementor-col-100 elementor-top-column elementor-element elementor-element-33c8efb1\" data-id=\"33c8efb1\" data-element_type=\"column\" data-e-type=\"column\">\n\t\t\t<div class=\"elementor-widget-wrap elementor-element-populated\">\n\t\t\t\t\t\t<div class=\"elementor-element elementor-element-7264dbb7 elementor-invisible elementor-widget elementor-widget-heading\" data-id=\"7264dbb7\" data-element_type=\"widget\" data-e-type=\"widget\" data-settings=\"{&quot;_animation&quot;:&quot;fadeInUp&quot;}\" data-widget_type=\"heading.default\">\n\t\t\t\t\t<h1 class=\"elementor-heading-title elementor-size-default\">COVID-19 Information<\/h1>\t\t\t\t<\/div>\n\t\t\t\t\t<\/div>\n\t\t<\/div>\n\t\t\t\t\t<\/div>\n\t\t<\/section>\n\t\t\t\t<section data-particle_enable=\"false\" data-particle-mobile-disabled=\"false\" class=\"elementor-section elementor-top-section elementor-element elementor-element-3bfe742b elementor-section-boxed elementor-section-height-default elementor-section-height-default\" data-id=\"3bfe742b\" data-element_type=\"section\" data-e-type=\"section\">\n\t\t\t\t\t\t<div class=\"elementor-container elementor-column-gap-default\">\n\t\t\t\t\t<div class=\"elementor-column elementor-col-100 elementor-top-column elementor-element elementor-element-6ff2265c elementor-invisible\" data-id=\"6ff2265c\" data-element_type=\"column\" data-e-type=\"column\" data-settings=\"{&quot;animation&quot;:&quot;fadeInUp&quot;}\">\n\t\t\t<div class=\"elementor-widget-wrap elementor-element-populated\">\n\t\t\t\t\t\t<div class=\"elementor-element elementor-element-c78b85a elementor-widget elementor-widget-text-editor\" data-id=\"c78b85a\" data-element_type=\"widget\" data-e-type=\"widget\" data-widget_type=\"text-editor.default\">\n\t\t\t\t\t\t\t\t\t<p>Over hele verden er der nu fokus p\u00e5 at h\u00e6ve restriktionerne efter nedlukning i forbindelse med Covid-19.<\/p>\n<p>Hos SOFTLINE er vores faciliteter ikke p\u00e5virket af Covid-19 og vores salgskontor<br \/>\ner \u00e5bent, lige som vores fabrik i Danmark<br \/>\ner i drift, og vi arbejder fortsat<br \/>\np\u00e5 grundlag af sikkerhedsm\u00e6ssige anbefalinger og instrukser fra sundhedsmyndighederne.<br \/>\nLeverancer fra vores underleverand\u00f8rer<br \/>\ner ligeledes stabile, hvilket betyder at den aktuelle leveringstid for nye ordrer er 4\u2013 5 uger (excl. transport).<\/p>\n<p>Vores eksterne medarbejdere, agenter samt vores salgskontor er ogs\u00e5 parat til at yde service via telefon, mail, skype eller video-m\u00f8der. Fysiske m\u00f8der kan ogs\u00e5 aftales, og<br \/>\nher vil vores salgsteam ved m\u00f8derne f\u00f8lge de sikkerhedsm\u00e6ssige forholdsregler og instrukser, der anbefales af myndighederne.<\/p>\n<p>Har du sp\u00f8rgsm\u00e5l til igangv\u00e6rende ordrer eller andet, s\u00e5 st\u00e5r SOFTLINE og din s\u00e6dvanlige kontaktperson naturligvis til r\u00e5dighed.<\/p>\n<p>Vi m\u00e5 dog g\u00f8re opm\u00e6rksom p\u00e5, at vi fortsat l\u00f8bende f\u00f8lger udviklingen i udfordringerne med Covid-19, og vi m\u00e5 tage forbehold for, at situationen kan \u00e6ndre sig, s\u00e5 leverancer og service kan blive p\u00e5virket p\u00e5 grund af lokale begr\u00e6nsninger.<\/p>\n<p>Med venlig hilsen<br \/>\nSOFTLINE A\/S<\/p>\n\t\t\t\t\t\t\t\t<\/div>\n\t\t\t\t\t<\/div>\n\t\t<\/div>\n\t\t\t\t\t<\/div>\n\t\t<\/section>\n\t\t\t\t<\/div>\n\t\t","protected":false},"excerpt":{"rendered":"<p>Over hele verden er der nu fokus p\u00e5 at h\u00e6ve restriktionerne efter nedlukning i forbindelse med Covid-19. Hos SOFTLINE er vores faciliteter ikke p\u00e5virket af Covid-19 og vores salgskontor er \u00e5bent, lige som vores fabrik i Danmark er i drift, og vi arbejder fortsat p\u00e5 grundlag af sikkerhedsm\u00e6ssige anbefalinger og instrukser fra sundhedsmyndighederne. Leverancer fra [&hellip;]<\/p>\n","protected":false},"author":1,"featured_media":0,"parent":0,"menu_order":0,"comment_status":"closed","ping_status":"closed","template":"elementor_header_footer","meta":{"_acf_changed":false,"footnotes":""},"class_list":["post-19915","page","type-page","status-publish","hentry"],"acf":[],"_links":{"self":[{"href":"https:\/\/softlinefurniture.com\/da\/wp-json\/wp\/v2\/pages\/19915","targetHints":{"allow":["GET"]}}],"collection":[{"href":"https:\/\/softlinefurniture.com\/da\/wp-json\/wp\/v2\/pages"}],"about":[{"href":"https:\/\/softlinefurniture.com\/da\/wp-json\/wp\/v2\/types\/page"}],"author":[{"embeddable":true,"href":"https:\/\/softlinefurniture.com\/da\/wp-json\/wp\/v2\/users\/1"}],"replies":[{"embeddable":true,"href":"https:\/\/softlinefurniture.com\/da\/wp-json\/wp\/v2\/comments?post=19915"}],"version-history":[{"count":0,"href":"https:\/\/softlinefurniture.com\/da\/wp-json\/wp\/v2\/pages\/19915\/revisions"}],"wp:attachment":[{"href":"https:\/\/softlinefurniture.com\/da\/wp-json\/wp\/v2\/media?parent=19915"}],"curies":[{"name":"wp","href":"https:\/\/api.w.org\/{rel}","templated":true}]}}