{"id":91611,"date":"2022-01-05T15:54:33","date_gmt":"2022-01-05T14:54:33","guid":{"rendered":"https:\/\/softlinefurniture.com\/?page_id=91611"},"modified":"2026-03-23T18:54:20","modified_gmt":"2026-03-23T17:54:20","slug":"vedligehold-og-pleje","status":"publish","type":"page","link":"https:\/\/softlinefurniture.com\/da\/vedligehold-og-pleje\/","title":{"rendered":"Vedligehold og pleje"},"content":{"rendered":"\t\t<div data-elementor-type=\"wp-page\" data-elementor-id=\"91611\" class=\"elementor elementor-91611 elementor-91529\" data-elementor-post-type=\"page\">\n\t\t\t\t\t\t<section data-particle_enable=\"false\" data-particle-mobile-disabled=\"false\" class=\"elementor-section elementor-top-section elementor-element elementor-element-0dc490e elementor-section-full_width elementor-hidden-mobile elementor-section-height-default elementor-section-height-default\" data-id=\"0dc490e\" data-element_type=\"section\" data-e-type=\"section\">\n\t\t\t\t\t\t<div class=\"elementor-container elementor-column-gap-default\">\n\t\t\t\t\t<div class=\"elementor-column elementor-col-100 elementor-top-column elementor-element elementor-element-a0c16e1\" data-id=\"a0c16e1\" data-element_type=\"column\" data-e-type=\"column\">\n\t\t\t<div class=\"elementor-widget-wrap elementor-element-populated\">\n\t\t\t\t\t\t<div class=\"elementor-element elementor-element-607c463 elementor--h-position-left elementor--v-position-bottom home_top_banner elementor-arrows-position-inside elementor-widget elementor-widget-slides\" data-id=\"607c463\" data-element_type=\"widget\" data-e-type=\"widget\" data-settings=\"{&quot;navigation&quot;:&quot;arrows&quot;,&quot;_animation_mobile&quot;:&quot;none&quot;,&quot;infinite&quot;:&quot;yes&quot;,&quot;transition&quot;:&quot;slide&quot;,&quot;transition_speed&quot;:500}\" data-widget_type=\"slides.default\">\n\t\t\t\t\t\t\t\t\t\t<div class=\"elementor-slides-wrapper elementor-main-swiper swiper\" role=\"region\" aria-roledescription=\"carousel\" aria-label=\"Slides\" dir=\"ltr\" data-animation=\"fadeInRight\">\n\t\t\t\t<div class=\"swiper-wrapper elementor-slides\">\n\t\t\t\t\t\t\t\t\t\t<div class=\"elementor-repeater-item-85fb373 swiper-slide\" role=\"group\" aria-roledescription=\"slide\"><div class=\"swiper-slide-bg\" role=\"img\" aria-label=\"care-and-maintenance-hero\"><\/div><div class=\"elementor-background-overlay\"><\/div><div class=\"swiper-slide-inner\" ><div class=\"swiper-slide-contents\"><div class=\"elementor-slide-heading\">VEDLIGEHOLD OG PLEJE<\/div><\/div><\/div><\/div>\t\t\t\t<\/div>\n\t\t\t\t\t\t\t<\/div>\n\t\t\t\t\t\t\t\t<\/div>\n\t\t\t\t\t<\/div>\n\t\t<\/div>\n\t\t\t\t\t<\/div>\n\t\t<\/section>\n\t\t\t\t<section data-particle_enable=\"false\" data-particle-mobile-disabled=\"false\" class=\"elementor-section elementor-top-section elementor-element elementor-element-eaa95f1 elementor-section-full_width elementor-hidden-desktop elementor-hidden-tablet elementor-section-height-default elementor-section-height-default\" data-id=\"eaa95f1\" data-element_type=\"section\" data-e-type=\"section\">\n\t\t\t\t\t\t<div class=\"elementor-container elementor-column-gap-default\">\n\t\t\t\t\t<div class=\"elementor-column elementor-col-100 elementor-top-column elementor-element elementor-element-13bed6f\" data-id=\"13bed6f\" data-element_type=\"column\" data-e-type=\"column\">\n\t\t\t<div class=\"elementor-widget-wrap elementor-element-populated\">\n\t\t\t\t\t\t<div class=\"elementor-element elementor-element-8fa7d0e elementor--h-position-left elementor--v-position-bottom home_top_banner elementor-arrows-position-inside elementor-widget elementor-widget-slides\" data-id=\"8fa7d0e\" data-element_type=\"widget\" data-e-type=\"widget\" data-settings=\"{&quot;navigation&quot;:&quot;arrows&quot;,&quot;infinite&quot;:&quot;yes&quot;,&quot;transition&quot;:&quot;slide&quot;,&quot;transition_speed&quot;:500}\" data-widget_type=\"slides.default\">\n\t\t\t\t\t\t\t\t\t\t<div class=\"elementor-slides-wrapper elementor-main-swiper swiper\" role=\"region\" aria-roledescription=\"carousel\" aria-label=\"Slides\" dir=\"ltr\" data-animation=\"fadeInUp\">\n\t\t\t\t<div class=\"swiper-wrapper elementor-slides\">\n\t\t\t\t\t\t\t\t\t\t<div class=\"elementor-repeater-item-85fb373 swiper-slide\" role=\"group\" aria-roledescription=\"slide\"><div class=\"swiper-slide-bg\" role=\"img\" aria-label=\"care-and-maintenance-hero-mobilel\"><\/div><div class=\"elementor-background-overlay\"><\/div><div class=\"swiper-slide-inner\" ><div class=\"swiper-slide-contents\"><div class=\"elementor-slide-heading\">VEDLIGEHOLD OG PLEJE<\/div><\/div><\/div><\/div>\t\t\t\t<\/div>\n\t\t\t\t\t\t\t<\/div>\n\t\t\t\t\t\t\t\t<\/div>\n\t\t\t\t\t<\/div>\n\t\t<\/div>\n\t\t\t\t\t<\/div>\n\t\t<\/section>\n\t\t\t\t<section data-particle_enable=\"false\" data-particle-mobile-disabled=\"false\" class=\"elementor-section elementor-top-section elementor-element elementor-element-eb23727 elementor-section-boxed elementor-section-height-default elementor-section-height-default\" data-id=\"eb23727\" data-element_type=\"section\" data-e-type=\"section\">\n\t\t\t\t\t\t<div class=\"elementor-container elementor-column-gap-default\">\n\t\t\t\t\t<div class=\"elementor-column elementor-col-100 elementor-top-column elementor-element elementor-element-700a81f\" data-id=\"700a81f\" data-element_type=\"column\" data-e-type=\"column\">\n\t\t\t<div class=\"elementor-widget-wrap elementor-element-populated\">\n\t\t\t\t\t\t<div class=\"elementor-element elementor-element-9f8104e elementor-widget elementor-widget-text-editor\" data-id=\"9f8104e\" data-element_type=\"widget\" data-e-type=\"widget\" data-widget_type=\"text-editor.default\">\n\t\t\t\t\t\t\t\t\t<p>B\u00e6redygtigt indk\u00f8b af holdbare materialer er en vigtig del af SOFTLINEs overordnede filosofi. Hovedparten af vores materialer og komponenter f\u00e5r vi fra etablerede forhandlere prim\u00e6rt i Europa. Det sikrer os sporbarhed, h\u00f8j kvalitet og lavest mulige milj\u00f8m\u00e6ssige p\u00e5virkning. Kort og godt bestr\u00e6ber vi os p\u00e5 at skabe b\u00e6redygtige produkter af h\u00f8j kvalitet, der holder.<\/p>\n\t\t\t\t\t\t\t\t<\/div>\n\t\t\t\t<div class=\"elementor-element elementor-element-57cfb19 elementor-widget elementor-widget-heading\" data-id=\"57cfb19\" data-element_type=\"widget\" data-e-type=\"widget\" data-settings=\"{&quot;_animation&quot;:&quot;none&quot;}\" data-widget_type=\"heading.default\">\n\t\t\t\t\t<h2 class=\"elementor-heading-title elementor-size-default\">PRODUKTETS LIVSCYKLUS<\/h2>\t\t\t\t<\/div>\n\t\t\t\t<div class=\"elementor-element elementor-element-80eda28 elementor-hidden-desktop elementor-hidden-tablet elementor-widget elementor-widget-image\" data-id=\"80eda28\" data-element_type=\"widget\" data-e-type=\"widget\" data-widget_type=\"image.default\">\n\t\t\t\t\t\t\t\t\t\t\t\t\t\t\t<img fetchpriority=\"high\" decoding=\"async\" width=\"640\" height=\"640\" src=\"https:\/\/softlinefurniture.com\/wp-content\/uploads\/2022\/01\/product-life-cycle-mobile.jpg\" class=\"attachment-large size-large wp-image-91599\" alt=\"produkt livscyklus\" srcset=\"https:\/\/softlinefurniture.com\/wp-content\/uploads\/2022\/01\/product-life-cycle-mobile.jpg 1000w, https:\/\/softlinefurniture.com\/wp-content\/uploads\/2022\/01\/product-life-cycle-mobile-150x150.jpg 150w, https:\/\/softlinefurniture.com\/wp-content\/uploads\/2022\/01\/product-life-cycle-mobile-100x100.jpg 100w, https:\/\/softlinefurniture.com\/wp-content\/uploads\/2022\/01\/product-life-cycle-mobile-300x300.jpg 300w, https:\/\/softlinefurniture.com\/wp-content\/uploads\/2022\/01\/product-life-cycle-mobile-64x64.jpg 64w, https:\/\/softlinefurniture.com\/wp-content\/uploads\/2022\/01\/product-life-cycle-mobile-356x356.jpg 356w\" sizes=\"(max-width: 640px) 100vw, 640px\" \/>\t\t\t\t\t\t\t\t\t\t\t\t\t\t\t<\/div>\n\t\t\t\t<div class=\"elementor-element elementor-element-a629159 elementor-hidden-mobile elementor-widget elementor-widget-image\" data-id=\"a629159\" data-element_type=\"widget\" data-e-type=\"widget\" data-widget_type=\"image.default\">\n\t\t\t\t\t\t\t\t\t\t\t\t\t\t\t<img decoding=\"async\" width=\"1200\" height=\"535\" src=\"https:\/\/softlinefurniture.com\/wp-content\/uploads\/2022\/01\/product-life-cycle.jpg\" class=\"attachment-full size-full wp-image-90994\" alt=\"produkt livscyklus\" srcset=\"https:\/\/softlinefurniture.com\/wp-content\/uploads\/2022\/01\/product-life-cycle.jpg 1200w, https:\/\/softlinefurniture.com\/wp-content\/uploads\/2022\/01\/product-life-cycle-150x67.jpg 150w, https:\/\/softlinefurniture.com\/wp-content\/uploads\/2022\/01\/product-life-cycle-300x134.jpg 300w, https:\/\/softlinefurniture.com\/wp-content\/uploads\/2022\/01\/product-life-cycle-64x29.jpg 64w\" sizes=\"(max-width: 1200px) 100vw, 1200px\" \/>\t\t\t\t\t\t\t\t\t\t\t\t\t\t\t<\/div>\n\t\t\t\t<div class=\"elementor-element elementor-element-3ea304e elementor-widget elementor-widget-text-editor\" data-id=\"3ea304e\" data-element_type=\"widget\" data-e-type=\"widget\" data-widget_type=\"text-editor.default\">\n\t\t\t\t\t\t\t\t\t<p>St\u00f8rstedelen af m\u00f8blerne fra SOFTLINE har aftageligt betr\u00e6k, der g\u00f8r det nemt ved reng\u00f8ring, eller hvis betr\u00e6kket skal udskiftes. Hos SOFTLINE g\u00f8r vi det muligt for vores kunder at udskifte enkeltdele, s\u00e5 m\u00f8blets livstid forl\u00e6nges og den milj\u00f8m\u00e6ssige p\u00e5virkning over tid minimeres. Enkelte m\u00f8bler har en konstruktion, der kr\u00e6ver professionel hj\u00e6lp for at skifte betr\u00e6k eller udskifte dele. Kontakt venligst din lokale SOFTLINE-forhandler for hj\u00e6lp.<\/p>\n<p>N\u00e5r m\u00f8blet ikke kan bruges l\u00e6ngere, er det muligt at skille ad. Det betyder, at de forskellige dele og materialer kan genbruges og f\u00e5 nyt liv. Hvis du har brug for vejledning, kan du kontakte din lokale SOFTLINE-forhandler.<\/p>\n\t\t\t\t\t\t\t\t<\/div>\n\t\t\t\t\t<\/div>\n\t\t<\/div>\n\t\t\t\t\t<\/div>\n\t\t<\/section>\n\t\t\t\t<section data-particle_enable=\"false\" data-particle-mobile-disabled=\"false\" class=\"elementor-section elementor-top-section elementor-element elementor-element-8f201f0 elementor-section-boxed elementor-section-height-default elementor-section-height-default\" data-id=\"8f201f0\" data-element_type=\"section\" data-e-type=\"section\">\n\t\t\t\t\t\t<div class=\"elementor-container elementor-column-gap-default\">\n\t\t\t\t\t<div class=\"elementor-column elementor-col-100 elementor-top-column elementor-element elementor-element-5de5a32\" data-id=\"5de5a32\" data-element_type=\"column\" data-e-type=\"column\">\n\t\t\t<div class=\"elementor-widget-wrap elementor-element-populated\">\n\t\t\t\t\t\t<div class=\"elementor-element elementor-element-f70cc1e elementor-widget elementor-widget-heading\" data-id=\"f70cc1e\" data-element_type=\"widget\" data-e-type=\"widget\" data-settings=\"{&quot;_animation&quot;:&quot;none&quot;}\" data-widget_type=\"heading.default\">\n\t\t\t\t\t<h2 class=\"elementor-heading-title elementor-size-default\">RENG\u00d8RING<\/h2>\t\t\t\t<\/div>\n\t\t\t\t<div class=\"elementor-element elementor-element-f718ec5 elementor-hidden-desktop elementor-hidden-tablet elementor-widget elementor-widget-image\" data-id=\"f718ec5\" data-element_type=\"widget\" data-e-type=\"widget\" data-widget_type=\"image.default\">\n\t\t\t\t\t\t\t\t\t\t\t\t\t\t\t<img decoding=\"async\" width=\"640\" height=\"640\" src=\"https:\/\/softlinefurniture.com\/wp-content\/uploads\/2022\/01\/cleaning-mobile.jpg\" class=\"attachment-large size-large wp-image-91589\" alt=\"reng\u00f8ring\" srcset=\"https:\/\/softlinefurniture.com\/wp-content\/uploads\/2022\/01\/cleaning-mobile.jpg 1000w, https:\/\/softlinefurniture.com\/wp-content\/uploads\/2022\/01\/cleaning-mobile-150x150.jpg 150w, https:\/\/softlinefurniture.com\/wp-content\/uploads\/2022\/01\/cleaning-mobile-100x100.jpg 100w, https:\/\/softlinefurniture.com\/wp-content\/uploads\/2022\/01\/cleaning-mobile-300x300.jpg 300w, https:\/\/softlinefurniture.com\/wp-content\/uploads\/2022\/01\/cleaning-mobile-64x64.jpg 64w, https:\/\/softlinefurniture.com\/wp-content\/uploads\/2022\/01\/cleaning-mobile-356x356.jpg 356w\" sizes=\"(max-width: 640px) 100vw, 640px\" \/>\t\t\t\t\t\t\t\t\t\t\t\t\t\t\t<\/div>\n\t\t\t\t<div class=\"elementor-element elementor-element-604c015 elementor-hidden-mobile elementor-widget elementor-widget-image\" data-id=\"604c015\" data-element_type=\"widget\" data-e-type=\"widget\" data-widget_type=\"image.default\">\n\t\t\t\t\t\t\t\t\t\t\t\t\t\t\t<img loading=\"lazy\" decoding=\"async\" width=\"1200\" height=\"535\" src=\"https:\/\/softlinefurniture.com\/wp-content\/uploads\/2022\/01\/cleaning.jpg\" class=\"attachment-full size-full wp-image-90989\" alt=\"reng\u00f8ring\" srcset=\"https:\/\/softlinefurniture.com\/wp-content\/uploads\/2022\/01\/cleaning.jpg 1200w, https:\/\/softlinefurniture.com\/wp-content\/uploads\/2022\/01\/cleaning-150x67.jpg 150w, https:\/\/softlinefurniture.com\/wp-content\/uploads\/2022\/01\/cleaning-300x134.jpg 300w, https:\/\/softlinefurniture.com\/wp-content\/uploads\/2022\/01\/cleaning-64x29.jpg 64w\" sizes=\"(max-width: 1200px) 100vw, 1200px\" \/>\t\t\t\t\t\t\t\t\t\t\t\t\t\t\t<\/div>\n\t\t\t\t<div class=\"elementor-element elementor-element-09f33bd elementor-widget elementor-widget-text-editor\" data-id=\"09f33bd\" data-element_type=\"widget\" data-e-type=\"widget\" data-widget_type=\"text-editor.default\">\n\t\t\t\t\t\t\t\t\t<p>Informationen her er kun de generelle retningslinjer \u2013 kontakt din lokale SOFTLINE-forhandler, hvis du \u00f8nsker mere information om specifikke anbefalinger til pleje og pletfjerning.<\/p>\n<p><strong>Betr\u00e6k<\/strong><br \/>\nRegelm\u00e6ssig reng\u00f8ring og vedligehold af polstrede m\u00f8bler er vigtigt for at bevare stoffets udseende og forl\u00e6nge holdbarheden.<\/p>\n<p>Filt: st\u00f8vsuges ofte<br \/>\nGlatte stoffer: st\u00f8vsuges ofte og kan b\u00f8rstes efter behov<br \/>\nVinyl: t\u00f8rres j\u00e6vnligt af med en fugtig klud<\/p>\n\t\t\t\t\t\t\t\t<\/div>\n\t\t\t\t\t<\/div>\n\t\t<\/div>\n\t\t\t\t\t<\/div>\n\t\t<\/section>\n\t\t\t\t<section data-particle_enable=\"false\" data-particle-mobile-disabled=\"false\" class=\"elementor-section elementor-top-section elementor-element elementor-element-0bc9877 elementor-section-boxed elementor-section-height-default elementor-section-height-default\" data-id=\"0bc9877\" data-element_type=\"section\" data-e-type=\"section\">\n\t\t\t\t\t\t<div class=\"elementor-container elementor-column-gap-default\">\n\t\t\t\t\t<div class=\"elementor-column elementor-col-100 elementor-top-column elementor-element elementor-element-85d9850\" data-id=\"85d9850\" data-element_type=\"column\" data-e-type=\"column\">\n\t\t\t<div class=\"elementor-widget-wrap elementor-element-populated\">\n\t\t\t\t\t\t<div class=\"elementor-element elementor-element-dd90835 elementor-hidden-desktop elementor-hidden-tablet elementor-widget elementor-widget-image\" data-id=\"dd90835\" data-element_type=\"widget\" data-e-type=\"widget\" data-widget_type=\"image.default\">\n\t\t\t\t\t\t\t\t\t\t\t\t\t\t\t<img loading=\"lazy\" decoding=\"async\" width=\"640\" height=\"640\" src=\"https:\/\/softlinefurniture.com\/wp-content\/uploads\/2022\/01\/covers-mobile.jpg\" class=\"attachment-large size-large wp-image-91594\" alt=\"betr\u00e6k\" srcset=\"https:\/\/softlinefurniture.com\/wp-content\/uploads\/2022\/01\/covers-mobile.jpg 1000w, https:\/\/softlinefurniture.com\/wp-content\/uploads\/2022\/01\/covers-mobile-150x150.jpg 150w, https:\/\/softlinefurniture.com\/wp-content\/uploads\/2022\/01\/covers-mobile-100x100.jpg 100w, https:\/\/softlinefurniture.com\/wp-content\/uploads\/2022\/01\/covers-mobile-300x300.jpg 300w, https:\/\/softlinefurniture.com\/wp-content\/uploads\/2022\/01\/covers-mobile-64x64.jpg 64w, https:\/\/softlinefurniture.com\/wp-content\/uploads\/2022\/01\/covers-mobile-356x356.jpg 356w\" sizes=\"(max-width: 640px) 100vw, 640px\" \/>\t\t\t\t\t\t\t\t\t\t\t\t\t\t\t<\/div>\n\t\t\t\t<div class=\"elementor-element elementor-element-7f4b14d elementor-hidden-mobile elementor-widget elementor-widget-image\" data-id=\"7f4b14d\" data-element_type=\"widget\" data-e-type=\"widget\" data-widget_type=\"image.default\">\n\t\t\t\t\t\t\t\t\t\t\t\t\t\t\t<img loading=\"lazy\" decoding=\"async\" width=\"1200\" height=\"535\" src=\"https:\/\/softlinefurniture.com\/wp-content\/uploads\/2022\/01\/covers.jpg\" class=\"attachment-full size-full wp-image-90999\" alt=\"betr\u00e6k\" srcset=\"https:\/\/softlinefurniture.com\/wp-content\/uploads\/2022\/01\/covers.jpg 1200w, https:\/\/softlinefurniture.com\/wp-content\/uploads\/2022\/01\/covers-150x67.jpg 150w, https:\/\/softlinefurniture.com\/wp-content\/uploads\/2022\/01\/covers-300x134.jpg 300w, https:\/\/softlinefurniture.com\/wp-content\/uploads\/2022\/01\/covers-64x29.jpg 64w\" sizes=\"(max-width: 1200px) 100vw, 1200px\" \/>\t\t\t\t\t\t\t\t\t\t\t\t\t\t\t<\/div>\n\t\t\t\t<div class=\"elementor-element elementor-element-c763025 elementor-widget elementor-widget-text-editor\" data-id=\"c763025\" data-element_type=\"widget\" data-e-type=\"widget\" data-widget_type=\"text-editor.default\">\n\t\t\t\t\t\t\t\t\t<p><strong>Pletfjerning<\/strong><br \/>\nDet er altafg\u00f8rende at reagere hurtigt \u2013 ellers kan pletten forsage permanent skade. Undg\u00e5 at gnide h\u00e5rdt p\u00e5 pletten, da det kan skade stoffet og farven. Vi anbefaler altid at bruge en mild s\u00e6be opl\u00f8st i lunkent vand, n\u00e5r overflader skal reng\u00f8res. Brug kun s\u00e6be, der anbefales til den specifikke overflade eller materialet. Reng\u00f8ringsmidler til pletfjerning skal altid testes p\u00e5 et lille, usynligt omr\u00e5de, inden du bruger det.<\/p>\n<p>Flere eller st\u00f8rre pletter kr\u00e6ver specielle teknikker og behandling. Derfor anbefales det altid at kontakte en professionel m\u00f8belrenser, inden du pr\u00f8ver at fjerne pletten selv. Betr\u00e6k med symbolet P kan renses \u2013 vi anbefaler ikke at vaske betr\u00e6k. Det er dog en god id\u00e9 at kontakte en professionel m\u00f8belrenser eller din lokale SOFTLINE-forhandler for vejledning.<\/p>\n<p>Det er muligt at bestille nyt betr\u00e6k til n\u00e6sten alle m\u00f8bler i SOFTLINEs kollektion, s\u00e5 du kan forl\u00e6nge m\u00f8blets levetid.<\/p>\n<p>Alle SOFTLINEs tekstiler kan genbruges \u2013 unders\u00f8g mulighederne p\u00e5 dit lokale genbrugscenter.<\/p>\n\t\t\t\t\t\t\t\t<\/div>\n\t\t\t\t\t<\/div>\n\t\t<\/div>\n\t\t\t\t\t<\/div>\n\t\t<\/section>\n\t\t\t\t<section data-particle_enable=\"false\" data-particle-mobile-disabled=\"false\" class=\"elementor-section elementor-top-section elementor-element elementor-element-6cf0861 elementor-section-boxed elementor-section-height-default elementor-section-height-default\" data-id=\"6cf0861\" data-element_type=\"section\" data-e-type=\"section\">\n\t\t\t\t\t\t<div class=\"elementor-container elementor-column-gap-default\">\n\t\t\t\t\t<div class=\"elementor-column elementor-col-100 elementor-top-column elementor-element elementor-element-d647e3f\" data-id=\"d647e3f\" data-element_type=\"column\" data-e-type=\"column\">\n\t\t\t<div class=\"elementor-widget-wrap elementor-element-populated\">\n\t\t\t\t\t\t<div class=\"elementor-element elementor-element-da04d8c elementor-widget elementor-widget-heading\" data-id=\"da04d8c\" data-element_type=\"widget\" data-e-type=\"widget\" data-settings=\"{&quot;_animation&quot;:&quot;none&quot;}\" data-widget_type=\"heading.default\">\n\t\t\t\t\t<h2 class=\"elementor-heading-title elementor-size-default\">UDEND\u00d8RSM\u00d8BLER<\/h2>\t\t\t\t<\/div>\n\t\t\t\t<div class=\"elementor-element elementor-element-50defcf elementor-hidden-desktop elementor-hidden-tablet elementor-widget elementor-widget-image\" data-id=\"50defcf\" data-element_type=\"widget\" data-e-type=\"widget\" data-widget_type=\"image.default\">\n\t\t\t\t\t\t\t\t\t\t\t\t\t\t\t<img loading=\"lazy\" decoding=\"async\" width=\"640\" height=\"640\" src=\"https:\/\/softlinefurniture.com\/wp-content\/uploads\/2022\/01\/outdoor-mobile.jpg\" class=\"attachment-large size-large wp-image-91604\" alt=\"udend\u00f8rs m\u00f8bler\" srcset=\"https:\/\/softlinefurniture.com\/wp-content\/uploads\/2022\/01\/outdoor-mobile.jpg 1000w, https:\/\/softlinefurniture.com\/wp-content\/uploads\/2022\/01\/outdoor-mobile-150x150.jpg 150w, https:\/\/softlinefurniture.com\/wp-content\/uploads\/2022\/01\/outdoor-mobile-100x100.jpg 100w, https:\/\/softlinefurniture.com\/wp-content\/uploads\/2022\/01\/outdoor-mobile-300x300.jpg 300w, https:\/\/softlinefurniture.com\/wp-content\/uploads\/2022\/01\/outdoor-mobile-64x64.jpg 64w, https:\/\/softlinefurniture.com\/wp-content\/uploads\/2022\/01\/outdoor-mobile-356x356.jpg 356w\" sizes=\"(max-width: 640px) 100vw, 640px\" \/>\t\t\t\t\t\t\t\t\t\t\t\t\t\t\t<\/div>\n\t\t\t\t<div class=\"elementor-element elementor-element-172ff43 elementor-hidden-mobile elementor-widget elementor-widget-image\" data-id=\"172ff43\" data-element_type=\"widget\" data-e-type=\"widget\" data-widget_type=\"image.default\">\n\t\t\t\t\t\t\t\t\t\t\t\t\t\t\t<img loading=\"lazy\" decoding=\"async\" width=\"1200\" height=\"535\" src=\"https:\/\/softlinefurniture.com\/wp-content\/uploads\/2022\/01\/outdoor.jpg\" class=\"attachment-full size-full wp-image-91009\" alt=\"udend\u00f8rs m\u00f8bler\" srcset=\"https:\/\/softlinefurniture.com\/wp-content\/uploads\/2022\/01\/outdoor.jpg 1200w, https:\/\/softlinefurniture.com\/wp-content\/uploads\/2022\/01\/outdoor-150x67.jpg 150w, https:\/\/softlinefurniture.com\/wp-content\/uploads\/2022\/01\/outdoor-300x134.jpg 300w, https:\/\/softlinefurniture.com\/wp-content\/uploads\/2022\/01\/outdoor-64x29.jpg 64w\" sizes=\"(max-width: 1200px) 100vw, 1200px\" \/>\t\t\t\t\t\t\t\t\t\t\t\t\t\t\t<\/div>\n\t\t\t\t<div class=\"elementor-element elementor-element-ea3f444 elementor-widget elementor-widget-text-editor\" data-id=\"ea3f444\" data-element_type=\"widget\" data-e-type=\"widget\" data-widget_type=\"text-editor.default\">\n\t\t\t\t\t\t\t\t\t<p>Levetiden p\u00e5 udend\u00f8rsm\u00f8bler varierer og afh\u00e6nger af, hvor ofte m\u00f8blerne bruges, og hvordan de lokale vejrforhold er. For at reducere solskade er det en god id\u00e9 at minimere direkte sollys, n\u00e5r det er muligt. Hvis m\u00f8blet st\u00e5r p\u00e5 v\u00e5d jord eller fugtigt underlag, vil det tage skade over tid. Vi anbefaler, at alle udend\u00f8rsm\u00f8bler opbevares t\u00f8rt og ventileret om vinteren.<\/p>\n<p>Hvis du \u00f8nsker detaljeret vejledning ift. vedligehold af specifikke produkter og\/eller materialer, venligst se vores produktinformationer og\/eller stofkort.<\/p>\n\t\t\t\t\t\t\t\t<\/div>\n\t\t\t\t<div class=\"elementor-element elementor-element-b760562 elementor-align-center elementor-widget elementor-widget-button\" data-id=\"b760562\" data-element_type=\"widget\" data-e-type=\"widget\" data-widget_type=\"button.default\">\n\t\t\t\t\t\t\t\t\t\t<a class=\"elementor-button elementor-button-link elementor-size-sm\" href=\"https:\/\/softlinefurniture.com\/wp-content\/uploads\/2021\/12\/vedligehold-og-pleje-da.pdf\" target=\"_blank\">\n\t\t\t\t\t\t<span class=\"elementor-button-content-wrapper\">\n\t\t\t\t\t\t\t\t\t<span class=\"elementor-button-text\">download vedligehold og pleje-instruktioner<\/span>\n\t\t\t\t\t<\/span>\n\t\t\t\t\t<\/a>\n\t\t\t\t\t\t\t\t<\/div>\n\t\t\t\t\t<\/div>\n\t\t<\/div>\n\t\t\t\t\t<\/div>\n\t\t<\/section>\n\t\t\t\t<\/div>\n\t\t","protected":false},"excerpt":{"rendered":"<p>VEDLIGEHOLD OG PLEJE VEDLIGEHOLD OG PLEJE B\u00e6redygtigt indk\u00f8b af holdbare materialer er en vigtig del af SOFTLINEs overordnede filosofi. Hovedparten af vores materialer og komponenter f\u00e5r vi fra etablerede forhandlere prim\u00e6rt i Europa. Det sikrer os sporbarhed, h\u00f8j kvalitet og lavest mulige milj\u00f8m\u00e6ssige p\u00e5virkning. Kort og godt bestr\u00e6ber vi os p\u00e5 at skabe b\u00e6redygtige produkter [&hellip;]<\/p>\n","protected":false},"author":2,"featured_media":0,"parent":0,"menu_order":0,"comment_status":"closed","ping_status":"closed","template":"elementor_header_footer","meta":{"_acf_changed":false,"footnotes":""},"class_list":["post-91611","page","type-page","status-publish","hentry"],"acf":[],"_links":{"self":[{"href":"https:\/\/softlinefurniture.com\/da\/wp-json\/wp\/v2\/pages\/91611","targetHints":{"allow":["GET"]}}],"collection":[{"href":"https:\/\/softlinefurniture.com\/da\/wp-json\/wp\/v2\/pages"}],"about":[{"href":"https:\/\/softlinefurniture.com\/da\/wp-json\/wp\/v2\/types\/page"}],"author":[{"embeddable":true,"href":"https:\/\/softlinefurniture.com\/da\/wp-json\/wp\/v2\/users\/2"}],"replies":[{"embeddable":true,"href":"https:\/\/softlinefurniture.com\/da\/wp-json\/wp\/v2\/comments?post=91611"}],"version-history":[{"count":0,"href":"https:\/\/softlinefurniture.com\/da\/wp-json\/wp\/v2\/pages\/91611\/revisions"}],"wp:attachment":[{"href":"https:\/\/softlinefurniture.com\/da\/wp-json\/wp\/v2\/media?parent=91611"}],"curies":[{"name":"wp","href":"https:\/\/api.w.org\/{rel}","templated":true}]}}