{"id":108287,"date":"2024-03-29T23:14:02","date_gmt":"2024-03-29T22:14:02","guid":{"rendered":"https:\/\/softlinefurniture.com\/?post_type=product&#038;p=108287"},"modified":"2025-07-08T01:32:30","modified_gmt":"2025-07-07T23:32:30","slug":"java-sofa","status":"publish","type":"product","link":"https:\/\/softlinefurniture.com\/da\/produkt\/java-sofa\/","title":{"rendered":"JAVA Sofa"},"content":{"rendered":"<p><strong>Tid til refleksion<\/strong><\/p>\n<p>S\u00e6de og ryg p\u00e5 model JAVA sofa spejler hinanden og giver et bl\u00f8dt og im\u00f8dekommende design. Det delikate og lette metalstel skaber en smuk balance til den rummelige design. JAVA passer b\u00e5de ind i private hjem og i det offentlige rum og kan placeres hvor som helst takket v\u00e6re rammens detaljer, og den m\u00e5de ryggen og s\u00e6det er integreret p\u00e5. Smuk alene eller flere sammen.<\/p>\n","protected":false},"excerpt":{"rendered":"<p>Tid til refleksion S\u00e6de og ryg p\u00e5 model JAVA sofa spejler hinanden og giver et bl\u00f8dt og im\u00f8dekommende design. Det delikate og lette metalstel skaber en smuk balance til den rummelige design. JAVA passer b\u00e5de ind i private hjem og i det offentlige rum og kan placeres hvor som helst takket v\u00e6re rammens detaljer, og [&hellip;]<\/p>\n","protected":false},"featured_media":114663,"comment_status":"closed","ping_status":"closed","template":"","meta":{"_acf_changed":false},"product_brand":[48489],"product_cat":[248],"product_tag":[34674],"class_list":{"0":"post-108287","1":"product","2":"type-product","3":"status-publish","4":"has-post-thumbnail","6":"product_brand-java","7":"product_cat-sofaer","8":"product_tag-sofa-da","9":"pa_covers-rensning-betraek-med-symbolet-p-kan-renses-ekstra-betraek-kan-koebes-hvis-du-oensker-en-ny-farve-eller-et-nyt-stof","11":"first","12":"instock","13":"shipping-taxable","14":"purchasable","15":"product-type-variable"},"acf":[],"_links":{"self":[{"href":"https:\/\/softlinefurniture.com\/da\/wp-json\/wp\/v2\/product\/108287","targetHints":{"allow":["GET"]}}],"collection":[{"href":"https:\/\/softlinefurniture.com\/da\/wp-json\/wp\/v2\/product"}],"about":[{"href":"https:\/\/softlinefurniture.com\/da\/wp-json\/wp\/v2\/types\/product"}],"replies":[{"embeddable":true,"href":"https:\/\/softlinefurniture.com\/da\/wp-json\/wp\/v2\/comments?post=108287"}],"version-history":[{"count":0,"href":"https:\/\/softlinefurniture.com\/da\/wp-json\/wp\/v2\/product\/108287\/revisions"}],"wp:featuredmedia":[{"embeddable":true,"href":"https:\/\/softlinefurniture.com\/da\/wp-json\/wp\/v2\/media\/114663"}],"wp:attachment":[{"href":"https:\/\/softlinefurniture.com\/da\/wp-json\/wp\/v2\/media?parent=108287"}],"wp:term":[{"taxonomy":"product_brand","embeddable":true,"href":"https:\/\/softlinefurniture.com\/da\/wp-json\/wp\/v2\/product_brand?post=108287"},{"taxonomy":"product_cat","embeddable":true,"href":"https:\/\/softlinefurniture.com\/da\/wp-json\/wp\/v2\/product_cat?post=108287"},{"taxonomy":"product_tag","embeddable":true,"href":"https:\/\/softlinefurniture.com\/da\/wp-json\/wp\/v2\/product_tag?post=108287"}],"curies":[{"name":"wp","href":"https:\/\/api.w.org\/{rel}","templated":true}]}}