{"id":108860,"date":"2024-04-04T14:49:38","date_gmt":"2024-04-04T12:49:38","guid":{"rendered":"https:\/\/softlinefurniture.com\/?post_type=product&#038;p=108860"},"modified":"2026-03-23T22:18:25","modified_gmt":"2026-03-23T21:18:25","slug":"club-bord-firkantet","status":"publish","type":"product","link":"https:\/\/softlinefurniture.com\/da\/produkt\/club-bord-firkantet\/","title":{"rendered":"CLUB Bord kvadratisk"},"content":{"rendered":"<p><strong>Minimalistisk ikon uden gr\u00e6nser.<\/strong><br \/>\nCLUB sofa er designet med enkelhed og anvendelighed i tankerne og vil forvandle ethvert udend\u00f8rs eller indend\u00f8rs rum takket v\u00e6re dens enkle modul\u00e6re karakter og dets holdbare materialer.<br \/>\nDenne sofa kan prale af enkelhed, med rene linjer og et minimalistisk design, der udstr\u00e5ler moderne elegance. Dens tykke st\u00e5lstruktur sikrer holdbarhed, i stand til at modst\u00e5 selv de h\u00e5rdeste udend\u00f8rsforhold. De l\u00f8se hynder tilf\u00f8jer et element af praktisk funktion i tilf\u00e6lde af pludselig regn.<\/p>\n<p>CLUB kan matche enhver indretningsstil, da den blander sig med omgivelserne p\u00e5 en diskret m\u00e5de i stedet for at v\u00e6re for st\u00f8jende.<\/p>\n","protected":false},"excerpt":{"rendered":"<p>Minimalistisk ikon uden gr\u00e6nser. CLUB sofa er designet med enkelhed og anvendelighed i tankerne og vil forvandle ethvert udend\u00f8rs eller indend\u00f8rs rum takket v\u00e6re dens enkle modul\u00e6re karakter og dets holdbare materialer. Denne sofa kan prale af enkelhed, med rene linjer og et minimalistisk design, der udstr\u00e5ler moderne elegance. Dens tykke st\u00e5lstruktur sikrer holdbarhed, i [&hellip;]<\/p>\n","protected":false},"featured_media":108902,"comment_status":"closed","ping_status":"closed","template":"","meta":{"_acf_changed":false},"product_brand":[48335],"product_cat":[6214,31,6211],"product_tag":[],"class_list":{"0":"post-108860","1":"product","2":"type-product","3":"status-publish","4":"has-post-thumbnail","6":"product_brand-club","7":"product_cat-borde","8":"product_cat-nye-produkter","9":"product_cat-udendoersmoebler","11":"first","12":"instock","13":"shipping-taxable","14":"purchasable","15":"product-type-variable"},"acf":[],"_links":{"self":[{"href":"https:\/\/softlinefurniture.com\/da\/wp-json\/wp\/v2\/product\/108860","targetHints":{"allow":["GET"]}}],"collection":[{"href":"https:\/\/softlinefurniture.com\/da\/wp-json\/wp\/v2\/product"}],"about":[{"href":"https:\/\/softlinefurniture.com\/da\/wp-json\/wp\/v2\/types\/product"}],"replies":[{"embeddable":true,"href":"https:\/\/softlinefurniture.com\/da\/wp-json\/wp\/v2\/comments?post=108860"}],"version-history":[{"count":0,"href":"https:\/\/softlinefurniture.com\/da\/wp-json\/wp\/v2\/product\/108860\/revisions"}],"wp:featuredmedia":[{"embeddable":true,"href":"https:\/\/softlinefurniture.com\/da\/wp-json\/wp\/v2\/media\/108902"}],"wp:attachment":[{"href":"https:\/\/softlinefurniture.com\/da\/wp-json\/wp\/v2\/media?parent=108860"}],"wp:term":[{"taxonomy":"product_brand","embeddable":true,"href":"https:\/\/softlinefurniture.com\/da\/wp-json\/wp\/v2\/product_brand?post=108860"},{"taxonomy":"product_cat","embeddable":true,"href":"https:\/\/softlinefurniture.com\/da\/wp-json\/wp\/v2\/product_cat?post=108860"},{"taxonomy":"product_tag","embeddable":true,"href":"https:\/\/softlinefurniture.com\/da\/wp-json\/wp\/v2\/product_tag?post=108860"}],"curies":[{"name":"wp","href":"https:\/\/api.w.org\/{rel}","templated":true}]}}