{"id":109533,"date":"2024-04-15T15:06:52","date_gmt":"2024-04-15T13:06:52","guid":{"rendered":"https:\/\/softlinefurniture.com\/product\/rufle-stol-hoej\/"},"modified":"2026-03-09T08:46:24","modified_gmt":"2026-03-09T07:46:24","slug":"rufle-stol-hoej","status":"publish","type":"product","link":"https:\/\/softlinefurniture.com\/da\/produkt\/rufle-stol-hoej\/","title":{"rendered":"RUFLE Stol H\u00f8j"},"content":{"rendered":"<p>RUFLE er en elegant og komfortabel lounge-serie, der kan anvendes efter behov til gruppem\u00f8der, samtaler eller som et privat rum for fordybelse.<\/p>\n<p>Kernen i RUFLE lounge kollektionen ligger i en innovativ og\u00a0fascinerede\u00a0geometri, der forvandler ethvert rum til en oase af elegance og komfort.<\/p>\n<p>Det s\u00e6rlige kendetegn ved RUFLE er dens kurvede og indbydende\u00a0rygl\u00e6n, omhyggeligt designet til at skabe en unik oplevelse af komfort og \u00e6stetik.<\/p>\n<p>De blide kurver\u00a0og bl\u00f8de former\u00a0p\u00e5 rygl\u00e6net er mere end blot en visuel oplevelse. De giver\u00a0din krop en fornemmelse af en varm omfavnelse og indbyder til afslapning og ro.<\/p>\n<p>Den karakteristiske konkave form handler ikke kun om design. Den underst\u00f8tter b\u00e5de ergonomiske og individuelle behov.<\/p>\n<p>Den f\u00f8rste udgave i serien er en version med h\u00f8jt rygl\u00e6n og drejefod.<\/p>\n<p>Vinder af Good Design Award 2024<\/p>\n","protected":false},"excerpt":{"rendered":"<p>RUFLE er en elegant og komfortabel lounge-serie, der kan anvendes efter behov til gruppem\u00f8der, samtaler eller som et privat rum for fordybelse. Kernen i RUFLE lounge kollektionen ligger i en innovativ og\u00a0fascinerede\u00a0geometri, der forvandler ethvert rum til en oase af elegance og komfort. Det s\u00e6rlige kendetegn ved RUFLE er dens kurvede og indbydende\u00a0rygl\u00e6n, omhyggeligt designet [&hellip;]<\/p>\n","protected":false},"featured_media":113623,"comment_status":"closed","ping_status":"closed","template":"","meta":{"_acf_changed":false},"product_brand":[48258],"product_cat":[47947,6213,246,31,245],"product_tag":[],"class_list":{"0":"post-109533","1":"product","2":"type-product","3":"status-publish","4":"has-post-thumbnail","6":"product_brand-rufle","7":"product_cat-drejestole","8":"product_cat-kollektioner","9":"product_cat-lounge-stole","10":"product_cat-nye-produkter","11":"product_cat-stole","12":"pa_covers-rensning-betraek-med-symbolet-p-kan-renses-ekstra-betraek-kan-koebes-hvis-du-oensker-en-ny-farve-eller-et-nyt-stof","14":"first","15":"instock","16":"shipping-taxable","17":"purchasable","18":"product-type-variable"},"acf":[],"_links":{"self":[{"href":"https:\/\/softlinefurniture.com\/da\/wp-json\/wp\/v2\/product\/109533","targetHints":{"allow":["GET"]}}],"collection":[{"href":"https:\/\/softlinefurniture.com\/da\/wp-json\/wp\/v2\/product"}],"about":[{"href":"https:\/\/softlinefurniture.com\/da\/wp-json\/wp\/v2\/types\/product"}],"replies":[{"embeddable":true,"href":"https:\/\/softlinefurniture.com\/da\/wp-json\/wp\/v2\/comments?post=109533"}],"version-history":[{"count":0,"href":"https:\/\/softlinefurniture.com\/da\/wp-json\/wp\/v2\/product\/109533\/revisions"}],"wp:featuredmedia":[{"embeddable":true,"href":"https:\/\/softlinefurniture.com\/da\/wp-json\/wp\/v2\/media\/113623"}],"wp:attachment":[{"href":"https:\/\/softlinefurniture.com\/da\/wp-json\/wp\/v2\/media?parent=109533"}],"wp:term":[{"taxonomy":"product_brand","embeddable":true,"href":"https:\/\/softlinefurniture.com\/da\/wp-json\/wp\/v2\/product_brand?post=109533"},{"taxonomy":"product_cat","embeddable":true,"href":"https:\/\/softlinefurniture.com\/da\/wp-json\/wp\/v2\/product_cat?post=109533"},{"taxonomy":"product_tag","embeddable":true,"href":"https:\/\/softlinefurniture.com\/da\/wp-json\/wp\/v2\/product_tag?post=109533"}],"curies":[{"name":"wp","href":"https:\/\/api.w.org\/{rel}","templated":true}]}}