{"id":110131,"date":"2024-09-25T09:39:08","date_gmt":"2024-09-25T07:39:08","guid":{"rendered":"https:\/\/softlinefurniture.com\/?post_type=product&#038;p=110131"},"modified":"2026-03-20T10:16:36","modified_gmt":"2026-03-20T09:16:36","slug":"rufle-stol-medium","status":"publish","type":"product","link":"https:\/\/softlinefurniture.com\/da\/produkt\/rufle-stol-medium\/","title":{"rendered":"RUFLE Stol medium"},"content":{"rendered":"<p>RUFLE er en elegant og komfortabel lounge-serie, der kan anvendes efter behov til gruppem\u00f8der, samtaler eller som et privat rum for fordybelse.<\/p>\n<p>Vinder af Good Design Award 2024<\/p>\n<p>Kernen i RUFLE lounge kollektionen ligger i en innovativ og fascinerede geometri, der forvandler ethvert rum til en oase af elegance og komfort.<\/p>\n<p>Det s\u00e6rlige kendetegn ved RUFLE er dens kurvede og indbydende rygl\u00e6n, omhyggeligt designet til at skabe en unik oplevelse af komfort og \u00e6stetik.<\/p>\n<p>De blide kurver og bl\u00f8de former p\u00e5 rygl\u00e6net er mere end blot en visuel oplevelse. De giver din krop en fornemmelse af en varm omfavnelse og indbyder til afslapning og ro.<br \/>\nDen karakteristiske konkave form handler ikke kun om design. Den underst\u00f8tter b\u00e5de ergonomiske og individuelle behov.<\/p>\n<p>Vinder af Good Design Award 2024<\/p>\n","protected":false},"excerpt":{"rendered":"<p>RUFLE er en elegant og komfortabel lounge-serie, der kan anvendes efter behov til gruppem\u00f8der, samtaler eller som et privat rum for fordybelse. Vinder af Good Design Award 2024 Kernen i RUFLE lounge kollektionen ligger i en innovativ og fascinerede geometri, der forvandler ethvert rum til en oase af elegance og komfort. Det s\u00e6rlige kendetegn ved [&hellip;]<\/p>\n","protected":false},"featured_media":113628,"comment_status":"closed","ping_status":"closed","template":"","meta":{"_acf_changed":false},"product_brand":[48258],"product_cat":[47947,246,31,245],"product_tag":[],"class_list":{"0":"post-110131","1":"product","2":"type-product","3":"status-publish","4":"has-post-thumbnail","6":"product_brand-rufle","7":"product_cat-drejestole","8":"product_cat-lounge-stole","9":"product_cat-nye-produkter","10":"product_cat-stole","11":"pa_covers-rensning-betraek-med-symbolet-p-kan-renses-ekstra-betraek-kan-koebes-hvis-du-oensker-en-ny-farve-eller-et-nyt-stof","13":"first","14":"instock","15":"shipping-taxable","16":"purchasable","17":"product-type-variable"},"acf":[],"_links":{"self":[{"href":"https:\/\/softlinefurniture.com\/da\/wp-json\/wp\/v2\/product\/110131","targetHints":{"allow":["GET"]}}],"collection":[{"href":"https:\/\/softlinefurniture.com\/da\/wp-json\/wp\/v2\/product"}],"about":[{"href":"https:\/\/softlinefurniture.com\/da\/wp-json\/wp\/v2\/types\/product"}],"replies":[{"embeddable":true,"href":"https:\/\/softlinefurniture.com\/da\/wp-json\/wp\/v2\/comments?post=110131"}],"version-history":[{"count":0,"href":"https:\/\/softlinefurniture.com\/da\/wp-json\/wp\/v2\/product\/110131\/revisions"}],"wp:featuredmedia":[{"embeddable":true,"href":"https:\/\/softlinefurniture.com\/da\/wp-json\/wp\/v2\/media\/113628"}],"wp:attachment":[{"href":"https:\/\/softlinefurniture.com\/da\/wp-json\/wp\/v2\/media?parent=110131"}],"wp:term":[{"taxonomy":"product_brand","embeddable":true,"href":"https:\/\/softlinefurniture.com\/da\/wp-json\/wp\/v2\/product_brand?post=110131"},{"taxonomy":"product_cat","embeddable":true,"href":"https:\/\/softlinefurniture.com\/da\/wp-json\/wp\/v2\/product_cat?post=110131"},{"taxonomy":"product_tag","embeddable":true,"href":"https:\/\/softlinefurniture.com\/da\/wp-json\/wp\/v2\/product_tag?post=110131"}],"curies":[{"name":"wp","href":"https:\/\/api.w.org\/{rel}","templated":true}]}}