{"id":113337,"date":"2025-06-16T12:10:18","date_gmt":"2025-06-16T10:10:18","guid":{"rendered":"https:\/\/softlinefurniture.com\/product\/comfort-saedepude\/"},"modified":"2026-03-23T22:19:55","modified_gmt":"2026-03-23T21:19:55","slug":"comfort-saedepude","status":"publish","type":"product","link":"https:\/\/softlinefurniture.com\/da\/produkt\/comfort-saedepude\/","title":{"rendered":"COMFORT S\u00e6depude"},"content":{"rendered":"<p><strong>COMFORT S\u00e6depude<br \/>\n<\/strong>Tilf\u00f8j en s\u00e6depude for ekstra komfort eller som et designelement i en farve efter eget valg. Praktisk vinyl p\u00e5 undersiden sikrer anti-slip.<\/p>\n","protected":false},"excerpt":{"rendered":"<p>COMFORT S\u00e6depude Tilf\u00f8j en s\u00e6depude for ekstra komfort eller som et designelement i en farve efter eget valg. Praktisk vinyl p\u00e5 undersiden sikrer anti-slip.<\/p>\n","protected":false},"featured_media":112034,"comment_status":"closed","ping_status":"closed","template":"","meta":{"_acf_changed":false},"product_brand":[48381],"product_cat":[6213,6207],"product_tag":[],"class_list":{"0":"post-113337","1":"product","2":"type-product","3":"status-publish","4":"has-post-thumbnail","6":"product_brand-comfort-seat-cushion","7":"product_cat-kollektioner","8":"product_cat-puder","9":"pa_covers-rensning-betraek-med-symbolet-p-kan-renses-ekstra-betraek-kan-koebes-hvis-du-oensker-en-ny-farve-eller-et-nyt-stof","11":"first","12":"instock","13":"shipping-taxable","14":"product-type-simple"},"acf":[],"_links":{"self":[{"href":"https:\/\/softlinefurniture.com\/da\/wp-json\/wp\/v2\/product\/113337","targetHints":{"allow":["GET"]}}],"collection":[{"href":"https:\/\/softlinefurniture.com\/da\/wp-json\/wp\/v2\/product"}],"about":[{"href":"https:\/\/softlinefurniture.com\/da\/wp-json\/wp\/v2\/types\/product"}],"replies":[{"embeddable":true,"href":"https:\/\/softlinefurniture.com\/da\/wp-json\/wp\/v2\/comments?post=113337"}],"version-history":[{"count":0,"href":"https:\/\/softlinefurniture.com\/da\/wp-json\/wp\/v2\/product\/113337\/revisions"}],"wp:featuredmedia":[{"embeddable":true,"href":"https:\/\/softlinefurniture.com\/da\/wp-json\/wp\/v2\/media\/112034"}],"wp:attachment":[{"href":"https:\/\/softlinefurniture.com\/da\/wp-json\/wp\/v2\/media?parent=113337"}],"wp:term":[{"taxonomy":"product_brand","embeddable":true,"href":"https:\/\/softlinefurniture.com\/da\/wp-json\/wp\/v2\/product_brand?post=113337"},{"taxonomy":"product_cat","embeddable":true,"href":"https:\/\/softlinefurniture.com\/da\/wp-json\/wp\/v2\/product_cat?post=113337"},{"taxonomy":"product_tag","embeddable":true,"href":"https:\/\/softlinefurniture.com\/da\/wp-json\/wp\/v2\/product_tag?post=113337"}],"curies":[{"name":"wp","href":"https:\/\/api.w.org\/{rel}","templated":true}]}}