{"id":113342,"date":"2025-06-10T20:47:36","date_gmt":"2025-06-10T18:47:36","guid":{"rendered":"https:\/\/softlinefurniture.com\/product\/junto-stol\/"},"modified":"2026-03-05T08:11:47","modified_gmt":"2026-03-05T07:11:47","slug":"junto-stol","status":"publish","type":"product","link":"https:\/\/softlinefurniture.com\/da\/produkt\/junto-stol\/","title":{"rendered":"JUNTO Stol"},"content":{"rendered":"<p>JUNTO modulsofa er ikke kun et ekstraordin\u00e6rt fleksibelt modulkoncept. Det er ogs\u00e5 en b\u00e6redygtig m\u00f8belinvestering designet til at blive udbygget og opdateret efter behov i stedet for at blive udskiftet. De tre basisdele udg\u00f8res af et arml\u00e6ns-element og sidde-elementer i to st\u00f8rrelser. Mere skal der ikke til for at give uendelige muligheder for at skabe et unikt loungemilj\u00f8 eller en personlig sofa. Med sit tidl\u00f8se design g\u00e5r JUNTO-elementerne ikke af mode, og de udskiftelige moduler g\u00f8r, at de kan udbygges ved behov eller udskiftes ved slid. Samtidig er betr\u00e6kket p\u00e5 b\u00e5de arml\u00e6net og sidde-elementerne designet til hurtigt og nemt at kunne skiftes. Alt sammen forl\u00e6nger det JUNTOs levetid og mindsker dermed milj\u00f8p\u00e5virkningen.<\/p>\n","protected":false},"excerpt":{"rendered":"<p>JUNTO modulsofa er ikke kun et ekstraordin\u00e6rt fleksibelt modulkoncept. Det er ogs\u00e5 en b\u00e6redygtig m\u00f8belinvestering designet til at blive udbygget og opdateret efter behov i stedet for at blive udskiftet. De tre basisdele udg\u00f8res af et arml\u00e6ns-element og sidde-elementer i to st\u00f8rrelser. Mere skal der ikke til for at give uendelige muligheder for at skabe [&hellip;]<\/p>\n","protected":false},"featured_media":112339,"comment_status":"closed","ping_status":"closed","template":"","meta":{"_acf_changed":false},"product_brand":[48324],"product_cat":[246,31,245],"product_tag":[],"class_list":{"0":"post-113342","1":"product","2":"type-product","3":"status-publish","4":"has-post-thumbnail","6":"product_brand-junto","7":"product_cat-lounge-stole","8":"product_cat-nye-produkter","9":"product_cat-stole","10":"pa_covers-rensning-betraek-med-symbolet-p-kan-renses-ekstra-betraek-kan-koebes-hvis-du-oensker-en-ny-farve-eller-et-nyt-stof","12":"first","13":"instock","14":"shipping-taxable","15":"product-type-simple"},"acf":[],"_links":{"self":[{"href":"https:\/\/softlinefurniture.com\/da\/wp-json\/wp\/v2\/product\/113342","targetHints":{"allow":["GET"]}}],"collection":[{"href":"https:\/\/softlinefurniture.com\/da\/wp-json\/wp\/v2\/product"}],"about":[{"href":"https:\/\/softlinefurniture.com\/da\/wp-json\/wp\/v2\/types\/product"}],"replies":[{"embeddable":true,"href":"https:\/\/softlinefurniture.com\/da\/wp-json\/wp\/v2\/comments?post=113342"}],"version-history":[{"count":0,"href":"https:\/\/softlinefurniture.com\/da\/wp-json\/wp\/v2\/product\/113342\/revisions"}],"wp:featuredmedia":[{"embeddable":true,"href":"https:\/\/softlinefurniture.com\/da\/wp-json\/wp\/v2\/media\/112339"}],"wp:attachment":[{"href":"https:\/\/softlinefurniture.com\/da\/wp-json\/wp\/v2\/media?parent=113342"}],"wp:term":[{"taxonomy":"product_brand","embeddable":true,"href":"https:\/\/softlinefurniture.com\/da\/wp-json\/wp\/v2\/product_brand?post=113342"},{"taxonomy":"product_cat","embeddable":true,"href":"https:\/\/softlinefurniture.com\/da\/wp-json\/wp\/v2\/product_cat?post=113342"},{"taxonomy":"product_tag","embeddable":true,"href":"https:\/\/softlinefurniture.com\/da\/wp-json\/wp\/v2\/product_tag?post=113342"}],"curies":[{"name":"wp","href":"https:\/\/api.w.org\/{rel}","templated":true}]}}