{"id":115436,"date":"2025-06-10T13:29:26","date_gmt":"2025-06-10T11:29:26","guid":{"rendered":"https:\/\/softlinefurniture.com\/product\/lony\/"},"modified":"2026-03-09T08:46:04","modified_gmt":"2026-03-09T07:46:04","slug":"lony-lounge-element","status":"publish","type":"product","link":"https:\/\/softlinefurniture.com\/da\/produkt\/lony-lounge-element\/","title":{"rendered":"LONY Lounge element"},"content":{"rendered":"<p>Med sit skulpturelle udtryk, som var den udhugget af \u00e9n blok, er LONY et lounge-element, der vil ses. I en travl og kompleks hverdag kalder den p\u00e5 os med sit rene design og bl\u00f8de kurver, der giver os den ro og enkelhed, vi s\u00f8ger. Med sin markante form har LONY b\u00e5de personlighed til at st\u00e5 alene eller flere sammen i en gruppe, hvor LONY elegant vil definere loungeomr\u00e5det, ude som inde. Ved polstring med vandafvisende tekstil kan LONY bruges p\u00e5 tagterrassen, i haven eller i udemilj\u00f8et, da designet er gennemt\u00e6nkt, s\u00e5 vand naturligt ledes af det svagt konvekse s\u00e6de. Alsidigt, funktionelt og stilfuldt til private hjem og i det offentlige rum.<\/p>\n","protected":false},"excerpt":{"rendered":"<p>Med sit skulpturelle udtryk, som var den udhugget af \u00e9n blok, er LONY et lounge-element, der vil ses. I en travl og kompleks hverdag kalder den p\u00e5 os med sit rene design og bl\u00f8de kurver, der giver os den ro og enkelhed, vi s\u00f8ger. Med sin markante form har LONY b\u00e5de personlighed til at st\u00e5 [&hellip;]<\/p>\n","protected":false},"featured_media":111517,"comment_status":"closed","ping_status":"closed","template":"","meta":{"_acf_changed":false},"product_brand":[48327],"product_cat":[246,249,31,245],"product_tag":[],"class_list":{"0":"post-115436","1":"product","2":"type-product","3":"status-publish","4":"has-post-thumbnail","6":"product_brand-lony","7":"product_cat-lounge-stole","8":"product_cat-modulsofaer","9":"product_cat-nye-produkter","10":"product_cat-stole","11":"pa_covers-rensning-betraek-med-symbolet-p-kan-renses-ekstra-betraek-kan-koebes-hvis-du-oensker-en-ny-farve-eller-et-nyt-stof","13":"first","14":"instock","15":"shipping-taxable","16":"product-type-simple"},"acf":[],"_links":{"self":[{"href":"https:\/\/softlinefurniture.com\/da\/wp-json\/wp\/v2\/product\/115436","targetHints":{"allow":["GET"]}}],"collection":[{"href":"https:\/\/softlinefurniture.com\/da\/wp-json\/wp\/v2\/product"}],"about":[{"href":"https:\/\/softlinefurniture.com\/da\/wp-json\/wp\/v2\/types\/product"}],"replies":[{"embeddable":true,"href":"https:\/\/softlinefurniture.com\/da\/wp-json\/wp\/v2\/comments?post=115436"}],"version-history":[{"count":0,"href":"https:\/\/softlinefurniture.com\/da\/wp-json\/wp\/v2\/product\/115436\/revisions"}],"wp:featuredmedia":[{"embeddable":true,"href":"https:\/\/softlinefurniture.com\/da\/wp-json\/wp\/v2\/media\/111517"}],"wp:attachment":[{"href":"https:\/\/softlinefurniture.com\/da\/wp-json\/wp\/v2\/media?parent=115436"}],"wp:term":[{"taxonomy":"product_brand","embeddable":true,"href":"https:\/\/softlinefurniture.com\/da\/wp-json\/wp\/v2\/product_brand?post=115436"},{"taxonomy":"product_cat","embeddable":true,"href":"https:\/\/softlinefurniture.com\/da\/wp-json\/wp\/v2\/product_cat?post=115436"},{"taxonomy":"product_tag","embeddable":true,"href":"https:\/\/softlinefurniture.com\/da\/wp-json\/wp\/v2\/product_tag?post=115436"}],"curies":[{"name":"wp","href":"https:\/\/api.w.org\/{rel}","templated":true}]}}