{"id":118148,"date":"2025-10-08T10:33:35","date_gmt":"2025-10-08T08:33:35","guid":{"rendered":"https:\/\/softlinefurniture.com\/?post_type=product&#038;p=118148"},"modified":"2025-10-08T11:47:51","modified_gmt":"2025-10-08T09:47:51","slug":"opera-rundt-bord","status":"publish","type":"product","link":"https:\/\/softlinefurniture.com\/da\/produkt\/opera-rundt-bord\/","title":{"rendered":"OPERA Rundt Bord"},"content":{"rendered":"<p>Med OPERA-seriens nye bord tilf\u00f8jes der endnu flere funktioner og anvendelsesmuligheder til den i forvejen fleksible og alsidige m\u00f8belserie. Bordets design matcher de bl\u00f8dt afrundede hj\u00f8rner p\u00e5 polsterm\u00f8blerne, og bordpladens dimensioner harmonerer med siddem\u00f8blernes ryg og sider. Det nye bord indg\u00e5r som et vigtigt supplement til enhver gruppeopstilling af OPERA-seriens siddem\u00f8bler med b\u00e5de h\u00f8j og lav ryg.<\/p>\n","protected":false},"excerpt":{"rendered":"<p>Med OPERA-seriens nye bord tilf\u00f8jes der endnu flere funktioner og anvendelsesmuligheder til den i forvejen fleksible og alsidige m\u00f8belserie. Bordets design matcher de bl\u00f8dt afrundede hj\u00f8rner p\u00e5 polsterm\u00f8blerne, og bordpladens dimensioner harmonerer med siddem\u00f8blernes ryg og sider. Det nye bord indg\u00e5r som et vigtigt supplement til enhver gruppeopstilling af OPERA-seriens siddem\u00f8bler med b\u00e5de h\u00f8j og [&hellip;]<\/p>\n","protected":false},"featured_media":118167,"comment_status":"closed","ping_status":"closed","template":"","meta":{"_acf_changed":false},"product_brand":[48613],"product_cat":[6214],"product_tag":[],"class_list":{"0":"post-118148","1":"product","2":"type-product","3":"status-publish","4":"has-post-thumbnail","6":"product_brand-opera","7":"product_cat-borde","9":"first","10":"instock","11":"shipping-taxable","12":"purchasable","13":"product-type-variable"},"acf":[],"_links":{"self":[{"href":"https:\/\/softlinefurniture.com\/da\/wp-json\/wp\/v2\/product\/118148","targetHints":{"allow":["GET"]}}],"collection":[{"href":"https:\/\/softlinefurniture.com\/da\/wp-json\/wp\/v2\/product"}],"about":[{"href":"https:\/\/softlinefurniture.com\/da\/wp-json\/wp\/v2\/types\/product"}],"replies":[{"embeddable":true,"href":"https:\/\/softlinefurniture.com\/da\/wp-json\/wp\/v2\/comments?post=118148"}],"version-history":[{"count":0,"href":"https:\/\/softlinefurniture.com\/da\/wp-json\/wp\/v2\/product\/118148\/revisions"}],"wp:featuredmedia":[{"embeddable":true,"href":"https:\/\/softlinefurniture.com\/da\/wp-json\/wp\/v2\/media\/118167"}],"wp:attachment":[{"href":"https:\/\/softlinefurniture.com\/da\/wp-json\/wp\/v2\/media?parent=118148"}],"wp:term":[{"taxonomy":"product_brand","embeddable":true,"href":"https:\/\/softlinefurniture.com\/da\/wp-json\/wp\/v2\/product_brand?post=118148"},{"taxonomy":"product_cat","embeddable":true,"href":"https:\/\/softlinefurniture.com\/da\/wp-json\/wp\/v2\/product_cat?post=118148"},{"taxonomy":"product_tag","embeddable":true,"href":"https:\/\/softlinefurniture.com\/da\/wp-json\/wp\/v2\/product_tag?post=118148"}],"curies":[{"name":"wp","href":"https:\/\/api.w.org\/{rel}","templated":true}]}}