{"id":15774,"date":"2020-06-15T01:42:27","date_gmt":"2020-06-14T23:42:27","guid":{"rendered":"https:\/\/softlinefurniture.com\/product\/noa-chaiselongue\/"},"modified":"2026-03-09T16:13:53","modified_gmt":"2026-03-09T15:13:53","slug":"noa-chaise-long","status":"publish","type":"product","link":"https:\/\/softlinefurniture.com\/da\/produkt\/noa-chaise-long\/","title":{"rendered":"NOA Chaiselong"},"content":{"rendered":"<p><strong>Moderne moduler<\/strong><br \/>\nMed sit simple modulsystem passer NOA til alle typer loungeomr\u00e5der. Til forskel fra typiske modulsystemer er NOA designet i enkle linjer med l\u00e6kre detaljer. NOA kan tilpasses din personlige stil med en lang r\u00e6kke klassiske og moderne materialer.<\/p>\n","protected":false},"excerpt":{"rendered":"<p>Moderne moduler Med sit simple modulsystem passer NOA til alle typer loungeomr\u00e5der. Til forskel fra typiske modulsystemer er NOA designet i enkle linjer med l\u00e6kre detaljer. NOA kan tilpasses din personlige stil med en lang r\u00e6kke klassiske og moderne materialer.<\/p>\n","protected":false},"featured_media":42726,"comment_status":"closed","ping_status":"closed","template":"","meta":{"_acf_changed":false},"product_brand":[48581],"product_cat":[249],"product_tag":[],"class_list":{"0":"post-15774","1":"product","2":"type-product","3":"status-publish","4":"has-post-thumbnail","6":"product_brand-noa","7":"product_cat-modulsofaer","8":"pa_covers-rensning-betraek-med-symbolet-p-kan-renses-ekstra-betraek-kan-koebes-hvis-du-oensker-en-ny-farve-eller-et-nyt-stof","10":"first","11":"instock","12":"shipping-taxable","13":"purchasable","14":"product-type-variable"},"acf":[],"_links":{"self":[{"href":"https:\/\/softlinefurniture.com\/da\/wp-json\/wp\/v2\/product\/15774","targetHints":{"allow":["GET"]}}],"collection":[{"href":"https:\/\/softlinefurniture.com\/da\/wp-json\/wp\/v2\/product"}],"about":[{"href":"https:\/\/softlinefurniture.com\/da\/wp-json\/wp\/v2\/types\/product"}],"replies":[{"embeddable":true,"href":"https:\/\/softlinefurniture.com\/da\/wp-json\/wp\/v2\/comments?post=15774"}],"version-history":[{"count":0,"href":"https:\/\/softlinefurniture.com\/da\/wp-json\/wp\/v2\/product\/15774\/revisions"}],"wp:featuredmedia":[{"embeddable":true,"href":"https:\/\/softlinefurniture.com\/da\/wp-json\/wp\/v2\/media\/42726"}],"wp:attachment":[{"href":"https:\/\/softlinefurniture.com\/da\/wp-json\/wp\/v2\/media?parent=15774"}],"wp:term":[{"taxonomy":"product_brand","embeddable":true,"href":"https:\/\/softlinefurniture.com\/da\/wp-json\/wp\/v2\/product_brand?post=15774"},{"taxonomy":"product_cat","embeddable":true,"href":"https:\/\/softlinefurniture.com\/da\/wp-json\/wp\/v2\/product_cat?post=15774"},{"taxonomy":"product_tag","embeddable":true,"href":"https:\/\/softlinefurniture.com\/da\/wp-json\/wp\/v2\/product_tag?post=15774"}],"curies":[{"name":"wp","href":"https:\/\/api.w.org\/{rel}","templated":true}]}}