{"id":19181,"date":"2020-07-03T00:20:30","date_gmt":"2020-07-02T22:20:30","guid":{"rendered":"https:\/\/softlinefurniture.com\/product\/trio-puf\/"},"modified":"2026-03-09T08:56:16","modified_gmt":"2026-03-09T07:56:16","slug":"trio-bord","status":"publish","type":"product","link":"https:\/\/softlinefurniture.com\/da\/produkt\/trio-bord\/","title":{"rendered":"TRIO Bord"},"content":{"rendered":"<p><strong>Tredobbelt funktionalitet<\/strong><br \/>\nTRIO best\u00e5r af en tredobbelt madras, der kan foldes ud til en sovemadras \u2013 den perfekte seng til overnattende g\u00e6ster eller som legeunderlag for b\u00f8rnene. Puffen er popul\u00e6r i mange hjem, da den b\u00e5de er dekorativ, funktionel, nem at opbevare og folde ud. Et let bakkebord forvandler puffen til et bord. TRIO har otte lommer til magasiner og andre mindre genstande.<\/p>\n<p>&nbsp;<\/p>\n","protected":false},"excerpt":{"rendered":"<p>&nbsp;<\/p>\n<p>&nbsp;<\/p>\n","protected":false},"featured_media":43071,"comment_status":"closed","ping_status":"closed","template":"","meta":{"_acf_changed":false},"product_brand":[48729],"product_cat":[6214],"product_tag":[],"class_list":{"0":"post-19181","1":"product","2":"type-product","3":"status-publish","4":"has-post-thumbnail","6":"product_brand-trio","7":"product_cat-borde","9":"first","10":"instock","11":"shipping-taxable","12":"product-type-simple"},"acf":[],"_links":{"self":[{"href":"https:\/\/softlinefurniture.com\/da\/wp-json\/wp\/v2\/product\/19181","targetHints":{"allow":["GET"]}}],"collection":[{"href":"https:\/\/softlinefurniture.com\/da\/wp-json\/wp\/v2\/product"}],"about":[{"href":"https:\/\/softlinefurniture.com\/da\/wp-json\/wp\/v2\/types\/product"}],"replies":[{"embeddable":true,"href":"https:\/\/softlinefurniture.com\/da\/wp-json\/wp\/v2\/comments?post=19181"}],"version-history":[{"count":0,"href":"https:\/\/softlinefurniture.com\/da\/wp-json\/wp\/v2\/product\/19181\/revisions"}],"wp:featuredmedia":[{"embeddable":true,"href":"https:\/\/softlinefurniture.com\/da\/wp-json\/wp\/v2\/media\/43071"}],"wp:attachment":[{"href":"https:\/\/softlinefurniture.com\/da\/wp-json\/wp\/v2\/media?parent=19181"}],"wp:term":[{"taxonomy":"product_brand","embeddable":true,"href":"https:\/\/softlinefurniture.com\/da\/wp-json\/wp\/v2\/product_brand?post=19181"},{"taxonomy":"product_cat","embeddable":true,"href":"https:\/\/softlinefurniture.com\/da\/wp-json\/wp\/v2\/product_cat?post=19181"},{"taxonomy":"product_tag","embeddable":true,"href":"https:\/\/softlinefurniture.com\/da\/wp-json\/wp\/v2\/product_tag?post=19181"}],"curies":[{"name":"wp","href":"https:\/\/api.w.org\/{rel}","templated":true}]}}