{"id":19687,"date":"2020-06-08T05:58:25","date_gmt":"2020-06-08T03:58:25","guid":{"rendered":"https:\/\/softlinefurniture.com\/product\/cape-puf\/"},"modified":"2026-03-23T22:15:42","modified_gmt":"2026-03-23T21:15:42","slug":"cape-puf","status":"publish","type":"product","link":"https:\/\/softlinefurniture.com\/da\/produkt\/cape-puf\/","title":{"rendered":"CAPE Puf"},"content":{"rendered":"<p><strong>En chic sofa<\/strong><\/p>\n<p>Det minimalistiske og sofistikerede udtryk p\u00e5 modulsofaen CAPE giver et moderne touch til omgivelserne, og med en r\u00e6kke forskellige moduler kan du designe den, s\u00e5 den passer perfekt til dit rum. Rygl\u00e6net og arml\u00e6net g\u00e5r ud i \u00e9t og omfavner den store siddepude. De fremtr\u00e6dende s\u00f8mme, der l\u00f8ber langs arml\u00e6nene, giver et hyggeligt og elegant udtryk og fremh\u00e6ver sofaens rene linjer.<\/p>\n","protected":false},"excerpt":{"rendered":"<p>En chic sofa Det minimalistiske og sofistikerede udtryk p\u00e5 modulsofaen CAPE giver et moderne touch til omgivelserne, og med en r\u00e6kke forskellige moduler kan du designe den, s\u00e5 den passer perfekt til dit rum. Rygl\u00e6net og arml\u00e6net g\u00e5r ud i \u00e9t og omfavner den store siddepude. De fremtr\u00e6dende s\u00f8mme, der l\u00f8ber langs arml\u00e6nene, giver et [&hellip;]<\/p>\n","protected":false},"featured_media":81097,"comment_status":"closed","ping_status":"closed","template":"","meta":{"_acf_changed":false},"product_brand":[48353],"product_cat":[244],"product_tag":[],"class_list":{"0":"post-19687","1":"product","2":"type-product","3":"status-publish","4":"has-post-thumbnail","6":"product_brand-cape","7":"product_cat-puffer-skamler","8":"pa_covers-aftageligt-betraek-rensning-betraek-med-symbolet-p-kan-renses-ekstra-betraek-kan-koebes-hvis-du-oensker-en-ny-farve-eller-et-nyt-stof","10":"first","11":"instock","12":"shipping-taxable","13":"purchasable","14":"product-type-variable"},"acf":[],"_links":{"self":[{"href":"https:\/\/softlinefurniture.com\/da\/wp-json\/wp\/v2\/product\/19687","targetHints":{"allow":["GET"]}}],"collection":[{"href":"https:\/\/softlinefurniture.com\/da\/wp-json\/wp\/v2\/product"}],"about":[{"href":"https:\/\/softlinefurniture.com\/da\/wp-json\/wp\/v2\/types\/product"}],"replies":[{"embeddable":true,"href":"https:\/\/softlinefurniture.com\/da\/wp-json\/wp\/v2\/comments?post=19687"}],"version-history":[{"count":0,"href":"https:\/\/softlinefurniture.com\/da\/wp-json\/wp\/v2\/product\/19687\/revisions"}],"wp:featuredmedia":[{"embeddable":true,"href":"https:\/\/softlinefurniture.com\/da\/wp-json\/wp\/v2\/media\/81097"}],"wp:attachment":[{"href":"https:\/\/softlinefurniture.com\/da\/wp-json\/wp\/v2\/media?parent=19687"}],"wp:term":[{"taxonomy":"product_brand","embeddable":true,"href":"https:\/\/softlinefurniture.com\/da\/wp-json\/wp\/v2\/product_brand?post=19687"},{"taxonomy":"product_cat","embeddable":true,"href":"https:\/\/softlinefurniture.com\/da\/wp-json\/wp\/v2\/product_cat?post=19687"},{"taxonomy":"product_tag","embeddable":true,"href":"https:\/\/softlinefurniture.com\/da\/wp-json\/wp\/v2\/product_tag?post=19687"}],"curies":[{"name":"wp","href":"https:\/\/api.w.org\/{rel}","templated":true}]}}