{"id":19734,"date":"2020-07-02T22:14:16","date_gmt":"2020-07-02T20:14:16","guid":{"rendered":"https:\/\/softlinefurniture.com\/product\/tom-puf\/"},"modified":"2026-03-09T08:56:35","modified_gmt":"2026-03-09T07:56:35","slug":"tom-puf","status":"publish","type":"product","link":"https:\/\/softlinefurniture.com\/da\/produkt\/tom-puf\/","title":{"rendered":"TOM Puf"},"content":{"rendered":"<p><strong>Kombineret puf og bord <\/strong><\/p>\n<p>TOM er en unik puf, der passer under et elegant bord som \u00e9n enhed. Et nyt og innovativt produktkoncept, hvor funktion og stil forenes. Hvis du har brug for en ekstra siddeplads, tager du ganske enkelt puffen ud. Hvis ikke, passer puffen under bordet, hvor den skaber ekstra opbevaringsplads til magasiner, mobiltelefoner, fjernbetjeninger og andre sm\u00e5ting. Designets bl\u00f8de form er inspireret af antikke trommer fra \u00d8sten og giver rummet et unikt udtryk.<\/p>\n","protected":false},"excerpt":{"rendered":"<p>Kombineret puf og bord TOM er en unik puf, der passer under et elegant bord som \u00e9n enhed. Et nyt og innovativt produktkoncept, hvor funktion og stil forenes. Hvis du har brug for en ekstra siddeplads, tager du ganske enkelt puffen ud. Hvis ikke, passer puffen under bordet, hvor den skaber ekstra opbevaringsplads til magasiner, [&hellip;]<\/p>\n","protected":false},"featured_media":43056,"comment_status":"closed","ping_status":"closed","template":"","meta":{"_acf_changed":false},"product_brand":[48717],"product_cat":[244],"product_tag":[],"class_list":{"0":"post-19734","1":"product","2":"type-product","3":"status-publish","4":"has-post-thumbnail","6":"product_brand-tom","7":"product_cat-puffer-skamler","8":"pa_covers-aftageligt-betraek-rensning-betraek-med-symbolet-p-kan-renses-ekstra-betraek-kan-koebes-hvis-du-oensker-en-ny-farve-eller-et-nyt-stof","10":"first","11":"instock","12":"shipping-taxable","13":"purchasable","14":"product-type-variable","15":"has-default-attributes"},"acf":[],"_links":{"self":[{"href":"https:\/\/softlinefurniture.com\/da\/wp-json\/wp\/v2\/product\/19734","targetHints":{"allow":["GET"]}}],"collection":[{"href":"https:\/\/softlinefurniture.com\/da\/wp-json\/wp\/v2\/product"}],"about":[{"href":"https:\/\/softlinefurniture.com\/da\/wp-json\/wp\/v2\/types\/product"}],"replies":[{"embeddable":true,"href":"https:\/\/softlinefurniture.com\/da\/wp-json\/wp\/v2\/comments?post=19734"}],"version-history":[{"count":0,"href":"https:\/\/softlinefurniture.com\/da\/wp-json\/wp\/v2\/product\/19734\/revisions"}],"wp:featuredmedia":[{"embeddable":true,"href":"https:\/\/softlinefurniture.com\/da\/wp-json\/wp\/v2\/media\/43056"}],"wp:attachment":[{"href":"https:\/\/softlinefurniture.com\/da\/wp-json\/wp\/v2\/media?parent=19734"}],"wp:term":[{"taxonomy":"product_brand","embeddable":true,"href":"https:\/\/softlinefurniture.com\/da\/wp-json\/wp\/v2\/product_brand?post=19734"},{"taxonomy":"product_cat","embeddable":true,"href":"https:\/\/softlinefurniture.com\/da\/wp-json\/wp\/v2\/product_cat?post=19734"},{"taxonomy":"product_tag","embeddable":true,"href":"https:\/\/softlinefurniture.com\/da\/wp-json\/wp\/v2\/product_tag?post=19734"}],"curies":[{"name":"wp","href":"https:\/\/api.w.org\/{rel}","templated":true}]}}