{"id":19749,"date":"2020-07-02T07:52:50","date_gmt":"2020-07-02T05:52:50","guid":{"rendered":"https:\/\/softlinefurniture.com\/product\/conga-bakke\/"},"modified":"2026-03-23T22:20:04","modified_gmt":"2026-03-23T21:20:04","slug":"conga-bakke","status":"publish","type":"product","link":"https:\/\/softlinefurniture.com\/da\/produkt\/conga-bakke\/","title":{"rendered":"CONGA Bakke"},"content":{"rendered":"<p><strong>Du s\u00e6tter tonen<\/strong><br \/>\nEn puf med en bakke er et uundv\u00e6rligt m\u00f8bel i alle boliger. Den anvendelige puf CONGA, der er inspireret af afrikanske congatrommer, lader dig bestemme, hvordan den skal bruges. Med tr\u00e6bakken er den m\u00e5ske et ekstra bord i dag. Og uden bakken er den m\u00e5ske en ekstra siddeplads i morgen. CONGA f\u00e5s i forskellige st\u00f8rrelser og h\u00f8jder, der matcher din indretning.<\/p>\n<p>Vinder af Green Good Design Award 2022<\/p>\n","protected":false},"excerpt":{"rendered":"<p>Du s\u00e6tter tonen En puf med en bakke er et uundv\u00e6rligt m\u00f8bel i alle boliger. Den anvendelige puf CONGA, der er inspireret af afrikanske congatrommer, lader dig bestemme, hvordan den skal bruges. Med tr\u00e6bakken er den m\u00e5ske et ekstra bord i dag. Og uden bakken er den m\u00e5ske en ekstra siddeplads i morgen. CONGA f\u00e5s [&hellip;]<\/p>\n","protected":false},"featured_media":18250,"comment_status":"closed","ping_status":"closed","template":"","meta":{"_acf_changed":false},"product_brand":[48385],"product_cat":[6214],"product_tag":[],"class_list":{"0":"post-19749","1":"product","2":"type-product","3":"status-publish","4":"has-post-thumbnail","6":"product_brand-conga","7":"product_cat-borde","9":"first","10":"instock","11":"shipping-taxable","12":"purchasable","13":"product-type-variable"},"acf":[],"_links":{"self":[{"href":"https:\/\/softlinefurniture.com\/da\/wp-json\/wp\/v2\/product\/19749","targetHints":{"allow":["GET"]}}],"collection":[{"href":"https:\/\/softlinefurniture.com\/da\/wp-json\/wp\/v2\/product"}],"about":[{"href":"https:\/\/softlinefurniture.com\/da\/wp-json\/wp\/v2\/types\/product"}],"replies":[{"embeddable":true,"href":"https:\/\/softlinefurniture.com\/da\/wp-json\/wp\/v2\/comments?post=19749"}],"version-history":[{"count":0,"href":"https:\/\/softlinefurniture.com\/da\/wp-json\/wp\/v2\/product\/19749\/revisions"}],"wp:featuredmedia":[{"embeddable":true,"href":"https:\/\/softlinefurniture.com\/da\/wp-json\/wp\/v2\/media\/18250"}],"wp:attachment":[{"href":"https:\/\/softlinefurniture.com\/da\/wp-json\/wp\/v2\/media?parent=19749"}],"wp:term":[{"taxonomy":"product_brand","embeddable":true,"href":"https:\/\/softlinefurniture.com\/da\/wp-json\/wp\/v2\/product_brand?post=19749"},{"taxonomy":"product_cat","embeddable":true,"href":"https:\/\/softlinefurniture.com\/da\/wp-json\/wp\/v2\/product_cat?post=19749"},{"taxonomy":"product_tag","embeddable":true,"href":"https:\/\/softlinefurniture.com\/da\/wp-json\/wp\/v2\/product_tag?post=19749"}],"curies":[{"name":"wp","href":"https:\/\/api.w.org\/{rel}","templated":true}]}}