{"id":19775,"date":"2020-07-01T08:49:56","date_gmt":"2020-07-01T06:49:56","guid":{"rendered":"https:\/\/softlinefurniture.com\/product\/soft-square-bakke\/"},"modified":"2026-03-09T08:57:54","modified_gmt":"2026-03-09T07:57:54","slug":"soft-square-bakke","status":"publish","type":"product","link":"https:\/\/softlinefurniture.com\/da\/produkt\/soft-square-bakke\/","title":{"rendered":"SOFT SQUARE Bakke"},"content":{"rendered":"<p>Den firkantede puf har f\u00e5et nyt liv med et tidsl\u00f8st design der er bl\u00f8dt op med afrundede hj\u00f8rner og forskudte stikninger. SOFT SQUARE er en yderst versatil puf til brug i enhver t\u00e6nkelig indretning, rum eller milj\u00f8. Den popul\u00e6re puf har f\u00e5et en specialdesignet bakke som valgfrit tilbeh\u00f8r. Bakken kan placeres sikkert ovenp\u00e5 puffen og indg\u00e5r helt naturligt i puffens design med sine afrundede hj\u00f8rner og udsk\u00e6ringer, der f\u00f8lger stikningerne p\u00e5 polstringen. Bakken kan selvf\u00f8lgelig bruges separat som et nyttigt og praktisk sm\u00e5m\u00f8bel i hjemmet.<\/p>\n","protected":false},"excerpt":{"rendered":"<p>Den firkantede puf har f\u00e5et nyt liv med et tidsl\u00f8st design der er bl\u00f8dt op med afrundede hj\u00f8rner og forskudte stikninger. SOFT SQUARE er en yderst versatil puf til brug i enhver t\u00e6nkelig indretning, rum eller milj\u00f8. Den popul\u00e6re puf har f\u00e5et en specialdesignet bakke som valgfrit tilbeh\u00f8r. Bakken kan placeres sikkert ovenp\u00e5 puffen og [&hellip;]<\/p>\n","protected":false},"featured_media":95793,"comment_status":"closed","ping_status":"closed","template":"","meta":{"_acf_changed":false},"product_brand":[48697],"product_cat":[6214],"product_tag":[],"class_list":{"0":"post-19775","1":"product","2":"type-product","3":"status-publish","4":"has-post-thumbnail","6":"product_brand-soft-square","7":"product_cat-borde","9":"first","10":"instock","11":"shipping-taxable","12":"purchasable","13":"product-type-variable"},"acf":[],"_links":{"self":[{"href":"https:\/\/softlinefurniture.com\/da\/wp-json\/wp\/v2\/product\/19775","targetHints":{"allow":["GET"]}}],"collection":[{"href":"https:\/\/softlinefurniture.com\/da\/wp-json\/wp\/v2\/product"}],"about":[{"href":"https:\/\/softlinefurniture.com\/da\/wp-json\/wp\/v2\/types\/product"}],"replies":[{"embeddable":true,"href":"https:\/\/softlinefurniture.com\/da\/wp-json\/wp\/v2\/comments?post=19775"}],"version-history":[{"count":0,"href":"https:\/\/softlinefurniture.com\/da\/wp-json\/wp\/v2\/product\/19775\/revisions"}],"wp:featuredmedia":[{"embeddable":true,"href":"https:\/\/softlinefurniture.com\/da\/wp-json\/wp\/v2\/media\/95793"}],"wp:attachment":[{"href":"https:\/\/softlinefurniture.com\/da\/wp-json\/wp\/v2\/media?parent=19775"}],"wp:term":[{"taxonomy":"product_brand","embeddable":true,"href":"https:\/\/softlinefurniture.com\/da\/wp-json\/wp\/v2\/product_brand?post=19775"},{"taxonomy":"product_cat","embeddable":true,"href":"https:\/\/softlinefurniture.com\/da\/wp-json\/wp\/v2\/product_cat?post=19775"},{"taxonomy":"product_tag","embeddable":true,"href":"https:\/\/softlinefurniture.com\/da\/wp-json\/wp\/v2\/product_tag?post=19775"}],"curies":[{"name":"wp","href":"https:\/\/api.w.org\/{rel}","templated":true}]}}