{"id":19809,"date":"2020-05-18T00:35:56","date_gmt":"2020-05-17T22:35:56","guid":{"rendered":"https:\/\/softlinefurniture.com\/product\/opera-puf\/"},"modified":"2026-03-09T09:53:51","modified_gmt":"2026-03-09T08:53:51","slug":"opera-puf","status":"publish","type":"product","link":"https:\/\/softlinefurniture.com\/da\/produkt\/opera-puf\/","title":{"rendered":"OPERA Puf"},"content":{"rendered":"<p><strong>Det fulde orkester<\/strong><\/p>\n<p>Pufferne OPERA f\u00f8lger det rene og stramme udtryk, som OPERA-serien har. Den f\u00e5s i tre st\u00f8rrelser og er et perfekt supplement til OPERA-sofaen eller l\u00e6nestolen. Brug ogs\u00e5 pufferne som siddepladser i venterum, som uformelle m\u00f8deomr\u00e5der eller skabe et interessant og indbydende arbejdsomr\u00e5de i kombination med sm\u00e5 satellitborde.<\/p>\n<p>&nbsp;<\/p>\n","protected":false},"excerpt":{"rendered":"<p>&nbsp;<\/p>\n<p>&nbsp;<\/p>\n","protected":false},"featured_media":17401,"comment_status":"closed","ping_status":"closed","template":"","meta":{"_acf_changed":false},"product_brand":[48621],"product_cat":[6213,244],"product_tag":[],"class_list":{"0":"post-19809","1":"product","2":"type-product","3":"status-publish","4":"has-post-thumbnail","6":"product_brand-opera-puf","7":"product_cat-kollektioner","8":"product_cat-puffer-skamler","9":"pa_covers-rensning-betraek-med-symbolet-p-kan-renses-ekstra-betraek-kan-koebes-hvis-du-oensker-en-ny-farve-eller-et-nyt-stof","11":"first","12":"instock","13":"shipping-taxable","14":"purchasable","15":"product-type-variable"},"acf":[],"_links":{"self":[{"href":"https:\/\/softlinefurniture.com\/da\/wp-json\/wp\/v2\/product\/19809","targetHints":{"allow":["GET"]}}],"collection":[{"href":"https:\/\/softlinefurniture.com\/da\/wp-json\/wp\/v2\/product"}],"about":[{"href":"https:\/\/softlinefurniture.com\/da\/wp-json\/wp\/v2\/types\/product"}],"replies":[{"embeddable":true,"href":"https:\/\/softlinefurniture.com\/da\/wp-json\/wp\/v2\/comments?post=19809"}],"version-history":[{"count":0,"href":"https:\/\/softlinefurniture.com\/da\/wp-json\/wp\/v2\/product\/19809\/revisions"}],"wp:featuredmedia":[{"embeddable":true,"href":"https:\/\/softlinefurniture.com\/da\/wp-json\/wp\/v2\/media\/17401"}],"wp:attachment":[{"href":"https:\/\/softlinefurniture.com\/da\/wp-json\/wp\/v2\/media?parent=19809"}],"wp:term":[{"taxonomy":"product_brand","embeddable":true,"href":"https:\/\/softlinefurniture.com\/da\/wp-json\/wp\/v2\/product_brand?post=19809"},{"taxonomy":"product_cat","embeddable":true,"href":"https:\/\/softlinefurniture.com\/da\/wp-json\/wp\/v2\/product_cat?post=19809"},{"taxonomy":"product_tag","embeddable":true,"href":"https:\/\/softlinefurniture.com\/da\/wp-json\/wp\/v2\/product_tag?post=19809"}],"curies":[{"name":"wp","href":"https:\/\/api.w.org\/{rel}","templated":true}]}}