{"id":19834,"date":"2020-06-22T23:50:19","date_gmt":"2020-06-22T21:50:19","guid":{"rendered":"https:\/\/softlinefurniture.com\/product\/opera-pude\/"},"modified":"2026-03-09T08:58:39","modified_gmt":"2026-03-09T07:58:39","slug":"opera-pude","status":"publish","type":"product","link":"https:\/\/softlinefurniture.com\/da\/produkt\/opera-pude\/","title":{"rendered":"OPERA Pude"},"content":{"rendered":"<p><strong>Kompon\u00e9r din egen<\/strong><\/p>\n<p>OPERA er et modul\u00e6rt sofasystem med meget kompakte m\u00e5l, s\u00e5 det passer ind selv i sm\u00e5 lejligheder. Den enkle linjef\u00f8ring og det tydelige skel mellem s\u00e6de og ryg \u00e5bner for en lang r\u00e6kke stof- og farvekombinationer, der giver mulighed for at skabe et look, der matcher din personlighed, dit budget og dit hjem.<\/p>\n","protected":false},"excerpt":{"rendered":"<p>Kompon\u00e9r din egen OPERA er et modul\u00e6rt sofasystem med meget kompakte m\u00e5l, s\u00e5 det passer ind selv i sm\u00e5 lejligheder. Den enkle linjef\u00f8ring og det tydelige skel mellem s\u00e6de og ryg \u00e5bner for en lang r\u00e6kke stof- og farvekombinationer, der giver mulighed for at skabe et look, der matcher din personlighed, dit budget og dit [&hellip;]<\/p>\n","protected":false},"featured_media":89627,"comment_status":"closed","ping_status":"closed","template":"","meta":{"_acf_changed":false},"product_brand":[48613],"product_cat":[6207],"product_tag":[],"class_list":{"0":"post-19834","1":"product","2":"type-product","3":"status-publish","4":"has-post-thumbnail","6":"product_brand-opera","7":"product_cat-puder","8":"pa_covers-rensning-betraek-med-symbolet-p-kan-renses-ekstra-betraek-kan-koebes-hvis-du-oensker-en-ny-farve-eller-et-nyt-stof","10":"first","11":"instock","12":"shipping-taxable","13":"purchasable","14":"product-type-variable"},"acf":[],"_links":{"self":[{"href":"https:\/\/softlinefurniture.com\/da\/wp-json\/wp\/v2\/product\/19834","targetHints":{"allow":["GET"]}}],"collection":[{"href":"https:\/\/softlinefurniture.com\/da\/wp-json\/wp\/v2\/product"}],"about":[{"href":"https:\/\/softlinefurniture.com\/da\/wp-json\/wp\/v2\/types\/product"}],"replies":[{"embeddable":true,"href":"https:\/\/softlinefurniture.com\/da\/wp-json\/wp\/v2\/comments?post=19834"}],"version-history":[{"count":0,"href":"https:\/\/softlinefurniture.com\/da\/wp-json\/wp\/v2\/product\/19834\/revisions"}],"wp:featuredmedia":[{"embeddable":true,"href":"https:\/\/softlinefurniture.com\/da\/wp-json\/wp\/v2\/media\/89627"}],"wp:attachment":[{"href":"https:\/\/softlinefurniture.com\/da\/wp-json\/wp\/v2\/media?parent=19834"}],"wp:term":[{"taxonomy":"product_brand","embeddable":true,"href":"https:\/\/softlinefurniture.com\/da\/wp-json\/wp\/v2\/product_brand?post=19834"},{"taxonomy":"product_cat","embeddable":true,"href":"https:\/\/softlinefurniture.com\/da\/wp-json\/wp\/v2\/product_cat?post=19834"},{"taxonomy":"product_tag","embeddable":true,"href":"https:\/\/softlinefurniture.com\/da\/wp-json\/wp\/v2\/product_tag?post=19834"}],"curies":[{"name":"wp","href":"https:\/\/api.w.org\/{rel}","templated":true}]}}