{"id":20067,"date":"2020-06-08T18:53:24","date_gmt":"2020-06-08T16:53:24","guid":{"rendered":"https:\/\/softlinefurniture.com\/product\/fold-stol\/"},"modified":"2026-03-23T22:26:40","modified_gmt":"2026-03-23T21:26:40","slug":"fold-stol","status":"publish","type":"product","link":"https:\/\/softlinefurniture.com\/da\/produkt\/fold-stol\/","title":{"rendered":"FOLD Stol"},"content":{"rendered":"<p><strong>Origami for viderekommende<\/strong><\/p>\n<p>Kan du huske de foldede nip-nappere, som b\u00f8rn laver og leger med? Den ikoniske og i\u00f8jnefaldende loungestol FOLD er inspireret af dem. Polstringen er konstrueret af forskellige geometriske former, som sidder elegant p\u00e5 fire markante ben. Det skaber et let og fjedrende udtr\u00e6k, selvom polstringen er gener\u00f8s og markant. En afslappende stol til b\u00e5de private hjem og det offentlige rum.<\/p>\n<p>Vinder af German Design Award 2018<br \/>\nVinder af Good Design Award 2016<\/p>\n","protected":false},"excerpt":{"rendered":"<p>Origami for viderekommende Kan du huske de foldede nip-nappere, som b\u00f8rn laver og leger med? Den ikoniske og i\u00f8jnefaldende loungestol FOLD er inspireret af dem. Polstringen er konstrueret af forskellige geometriske former, som sidder elegant p\u00e5 fire markante ben. Det skaber et let og fjedrende udtr\u00e6k, selvom polstringen er gener\u00f8s og markant. En afslappende stol [&hellip;]<\/p>\n","protected":false},"featured_media":89390,"comment_status":"closed","ping_status":"closed","template":"","meta":{"_acf_changed":false},"product_brand":[48433],"product_cat":[6213,246],"product_tag":[],"class_list":{"0":"post-20067","1":"product","2":"type-product","3":"status-publish","4":"has-post-thumbnail","6":"product_brand-fold","7":"product_cat-kollektioner","8":"product_cat-lounge-stole","9":"pa_covers-rensning-betraek-med-symbolet-p-kan-renses-ekstra-betraek-kan-koebes-hvis-du-oensker-en-ny-farve-eller-et-nyt-stof","11":"first","12":"instock","13":"shipping-taxable","14":"purchasable","15":"product-type-variable"},"acf":[],"_links":{"self":[{"href":"https:\/\/softlinefurniture.com\/da\/wp-json\/wp\/v2\/product\/20067","targetHints":{"allow":["GET"]}}],"collection":[{"href":"https:\/\/softlinefurniture.com\/da\/wp-json\/wp\/v2\/product"}],"about":[{"href":"https:\/\/softlinefurniture.com\/da\/wp-json\/wp\/v2\/types\/product"}],"replies":[{"embeddable":true,"href":"https:\/\/softlinefurniture.com\/da\/wp-json\/wp\/v2\/comments?post=20067"}],"version-history":[{"count":0,"href":"https:\/\/softlinefurniture.com\/da\/wp-json\/wp\/v2\/product\/20067\/revisions"}],"wp:featuredmedia":[{"embeddable":true,"href":"https:\/\/softlinefurniture.com\/da\/wp-json\/wp\/v2\/media\/89390"}],"wp:attachment":[{"href":"https:\/\/softlinefurniture.com\/da\/wp-json\/wp\/v2\/media?parent=20067"}],"wp:term":[{"taxonomy":"product_brand","embeddable":true,"href":"https:\/\/softlinefurniture.com\/da\/wp-json\/wp\/v2\/product_brand?post=20067"},{"taxonomy":"product_cat","embeddable":true,"href":"https:\/\/softlinefurniture.com\/da\/wp-json\/wp\/v2\/product_cat?post=20067"},{"taxonomy":"product_tag","embeddable":true,"href":"https:\/\/softlinefurniture.com\/da\/wp-json\/wp\/v2\/product_tag?post=20067"}],"curies":[{"name":"wp","href":"https:\/\/api.w.org\/{rel}","templated":true}]}}