{"id":20279,"date":"2020-06-19T00:42:14","date_gmt":"2020-06-18T22:42:14","guid":{"rendered":"https:\/\/softlinefurniture.com\/product\/sisters-puf\/"},"modified":"2026-03-09T09:10:19","modified_gmt":"2026-03-09T08:10:19","slug":"sisters-puf","status":"publish","type":"product","link":"https:\/\/softlinefurniture.com\/da\/produkt\/sisters-puf\/","title":{"rendered":"SISTERS Puf"},"content":{"rendered":"<p><strong>Fire elementer forbundet<\/strong><br \/>\nSISTERS er en unik kollektion af skulpturelle og anvendelige puffer og siddem\u00f8bler. De er designet uden \u201cretning\u201d og kan derfor placeres frit i forhold til det \u00f8vrige milj\u00f8, s\u00e5 kreativiteten kan f\u00e5 frit spil i indretningen. Designet er bl\u00f8dt, let og organisk og f\u00e5s i fire st\u00f8rrelser, som kan kombineres eller bruges enkeltst\u00e5ende. Den st\u00f8rste variant har et komfortabelt rygl\u00e6n, som g\u00f8r den perfekt til opstillinger i st\u00f8rre venteomr\u00e5der og offentlige rum.<\/p>\n<p>Vinder af Good Design Award 2017<\/p>\n","protected":false},"excerpt":{"rendered":"<p>Fire elementer forbundet SISTERS er en unik kollektion af skulpturelle og anvendelige puffer og siddem\u00f8bler. De er designet uden \u201cretning\u201d og kan derfor placeres frit i forhold til det \u00f8vrige milj\u00f8, s\u00e5 kreativiteten kan f\u00e5 frit spil i indretningen. Designet er bl\u00f8dt, let og organisk og f\u00e5s i fire st\u00f8rrelser, som kan kombineres eller bruges [&hellip;]<\/p>\n","protected":false},"featured_media":48340,"comment_status":"closed","ping_status":"closed","template":"","meta":{"_acf_changed":false},"product_brand":[48685],"product_cat":[244],"product_tag":[],"class_list":{"0":"post-20279","1":"product","2":"type-product","3":"status-publish","4":"has-post-thumbnail","6":"product_brand-sisters","7":"product_cat-puffer-skamler","8":"pa_covers-rensning-betraek-med-symbolet-p-kan-renses-ekstra-betraek-kan-koebes-hvis-du-oensker-en-ny-farve-eller-et-nyt-stof","10":"first","11":"instock","12":"shipping-taxable","13":"purchasable","14":"product-type-variable"},"acf":[],"_links":{"self":[{"href":"https:\/\/softlinefurniture.com\/da\/wp-json\/wp\/v2\/product\/20279","targetHints":{"allow":["GET"]}}],"collection":[{"href":"https:\/\/softlinefurniture.com\/da\/wp-json\/wp\/v2\/product"}],"about":[{"href":"https:\/\/softlinefurniture.com\/da\/wp-json\/wp\/v2\/types\/product"}],"replies":[{"embeddable":true,"href":"https:\/\/softlinefurniture.com\/da\/wp-json\/wp\/v2\/comments?post=20279"}],"version-history":[{"count":0,"href":"https:\/\/softlinefurniture.com\/da\/wp-json\/wp\/v2\/product\/20279\/revisions"}],"wp:featuredmedia":[{"embeddable":true,"href":"https:\/\/softlinefurniture.com\/da\/wp-json\/wp\/v2\/media\/48340"}],"wp:attachment":[{"href":"https:\/\/softlinefurniture.com\/da\/wp-json\/wp\/v2\/media?parent=20279"}],"wp:term":[{"taxonomy":"product_brand","embeddable":true,"href":"https:\/\/softlinefurniture.com\/da\/wp-json\/wp\/v2\/product_brand?post=20279"},{"taxonomy":"product_cat","embeddable":true,"href":"https:\/\/softlinefurniture.com\/da\/wp-json\/wp\/v2\/product_cat?post=20279"},{"taxonomy":"product_tag","embeddable":true,"href":"https:\/\/softlinefurniture.com\/da\/wp-json\/wp\/v2\/product_tag?post=20279"}],"curies":[{"name":"wp","href":"https:\/\/api.w.org\/{rel}","templated":true}]}}