{"id":20726,"date":"2020-06-08T02:07:06","date_gmt":"2020-06-08T00:07:06","guid":{"rendered":"https:\/\/softlinefurniture.com\/product\/java-stol\/"},"modified":"2026-03-09T09:37:15","modified_gmt":"2026-03-09T08:37:15","slug":"java-stol","status":"publish","type":"product","link":"https:\/\/softlinefurniture.com\/da\/produkt\/java-stol\/","title":{"rendered":"JAVA Stol"},"content":{"rendered":"<p><strong>Tid til refleksion<\/strong><\/p>\n<p>S\u00e6de og ryg p\u00e5 stolen JAVA spejler hinanden og giver et bl\u00f8dt og im\u00f8dekommende design. Det delikate og lette metalstel skaber en smuk balance til den rummelige stol. JAVA passer b\u00e5de ind i private hjem og i det offentlige rum og kan placeres hvor som helst takket v\u00e6re rammens detaljer, og den m\u00e5de ryggen og s\u00e6det er integreret p\u00e5. Smuk alene eller flere sammen.<\/p>\n","protected":false},"excerpt":{"rendered":"<p>Tid til refleksion S\u00e6de og ryg p\u00e5 stolen JAVA spejler hinanden og giver et bl\u00f8dt og im\u00f8dekommende design. Det delikate og lette metalstel skaber en smuk balance til den rummelige stol. JAVA passer b\u00e5de ind i private hjem og i det offentlige rum og kan placeres hvor som helst takket v\u00e6re rammens detaljer, og den [&hellip;]<\/p>\n","protected":false},"featured_media":114726,"comment_status":"closed","ping_status":"closed","template":"","meta":{"_acf_changed":false},"product_brand":[48489],"product_cat":[246],"product_tag":[],"class_list":{"0":"post-20726","1":"product","2":"type-product","3":"status-publish","4":"has-post-thumbnail","6":"product_brand-java","7":"product_cat-lounge-stole","9":"first","10":"instock","11":"shipping-taxable","12":"purchasable","13":"product-type-variable"},"acf":[],"_links":{"self":[{"href":"https:\/\/softlinefurniture.com\/da\/wp-json\/wp\/v2\/product\/20726","targetHints":{"allow":["GET"]}}],"collection":[{"href":"https:\/\/softlinefurniture.com\/da\/wp-json\/wp\/v2\/product"}],"about":[{"href":"https:\/\/softlinefurniture.com\/da\/wp-json\/wp\/v2\/types\/product"}],"replies":[{"embeddable":true,"href":"https:\/\/softlinefurniture.com\/da\/wp-json\/wp\/v2\/comments?post=20726"}],"version-history":[{"count":0,"href":"https:\/\/softlinefurniture.com\/da\/wp-json\/wp\/v2\/product\/20726\/revisions"}],"wp:featuredmedia":[{"embeddable":true,"href":"https:\/\/softlinefurniture.com\/da\/wp-json\/wp\/v2\/media\/114726"}],"wp:attachment":[{"href":"https:\/\/softlinefurniture.com\/da\/wp-json\/wp\/v2\/media?parent=20726"}],"wp:term":[{"taxonomy":"product_brand","embeddable":true,"href":"https:\/\/softlinefurniture.com\/da\/wp-json\/wp\/v2\/product_brand?post=20726"},{"taxonomy":"product_cat","embeddable":true,"href":"https:\/\/softlinefurniture.com\/da\/wp-json\/wp\/v2\/product_cat?post=20726"},{"taxonomy":"product_tag","embeddable":true,"href":"https:\/\/softlinefurniture.com\/da\/wp-json\/wp\/v2\/product_tag?post=20726"}],"curies":[{"name":"wp","href":"https:\/\/api.w.org\/{rel}","templated":true}]}}