{"id":20737,"date":"2020-06-05T23:01:27","date_gmt":"2020-06-05T21:01:27","guid":{"rendered":"https:\/\/softlinefurniture.com\/product\/sense-relax-stol\/"},"modified":"2026-03-09T09:44:58","modified_gmt":"2026-03-09T08:44:58","slug":"sense-relax-stol","status":"publish","type":"product","link":"https:\/\/softlinefurniture.com\/da\/produkt\/sense-relax-stol\/","title":{"rendered":"SENSE Relax Stol"},"content":{"rendered":"<p><strong>En elegant skulptur<\/strong><br \/>\nSENSE er en f\u00f8rsteklasses loungestol i stilfuldt design. Moderne og minimalistisk, men p\u00e5 samme tid komfortabel og afslappende. En fryd for \u00f8jet og for kroppen.<\/p>\n","protected":false},"excerpt":{"rendered":"<p>En elegant skulptur SENSE er en f\u00f8rsteklasses loungestol i stilfuldt design. Moderne og minimalistisk, men p\u00e5 samme tid komfortabel og afslappende. En fryd for \u00f8jet og for kroppen.<\/p>\n","protected":false},"featured_media":45412,"comment_status":"closed","ping_status":"closed","template":"","meta":{"_acf_changed":false},"product_brand":[48669],"product_cat":[6213,246],"product_tag":[],"class_list":{"0":"post-20737","1":"product","2":"type-product","3":"status-publish","4":"has-post-thumbnail","6":"product_brand-sense","7":"product_cat-kollektioner","8":"product_cat-lounge-stole","9":"pa_covers-rensning-betraek-med-symbolet-p-kan-renses-ekstra-betraek-kan-koebes-hvis-du-oensker-en-ny-farve-eller-et-nyt-stof","11":"first","12":"instock","13":"shipping-taxable","14":"purchasable","15":"product-type-variable"},"acf":[],"_links":{"self":[{"href":"https:\/\/softlinefurniture.com\/da\/wp-json\/wp\/v2\/product\/20737","targetHints":{"allow":["GET"]}}],"collection":[{"href":"https:\/\/softlinefurniture.com\/da\/wp-json\/wp\/v2\/product"}],"about":[{"href":"https:\/\/softlinefurniture.com\/da\/wp-json\/wp\/v2\/types\/product"}],"replies":[{"embeddable":true,"href":"https:\/\/softlinefurniture.com\/da\/wp-json\/wp\/v2\/comments?post=20737"}],"version-history":[{"count":0,"href":"https:\/\/softlinefurniture.com\/da\/wp-json\/wp\/v2\/product\/20737\/revisions"}],"wp:featuredmedia":[{"embeddable":true,"href":"https:\/\/softlinefurniture.com\/da\/wp-json\/wp\/v2\/media\/45412"}],"wp:attachment":[{"href":"https:\/\/softlinefurniture.com\/da\/wp-json\/wp\/v2\/media?parent=20737"}],"wp:term":[{"taxonomy":"product_brand","embeddable":true,"href":"https:\/\/softlinefurniture.com\/da\/wp-json\/wp\/v2\/product_brand?post=20737"},{"taxonomy":"product_cat","embeddable":true,"href":"https:\/\/softlinefurniture.com\/da\/wp-json\/wp\/v2\/product_cat?post=20737"},{"taxonomy":"product_tag","embeddable":true,"href":"https:\/\/softlinefurniture.com\/da\/wp-json\/wp\/v2\/product_tag?post=20737"}],"curies":[{"name":"wp","href":"https:\/\/api.w.org\/{rel}","templated":true}]}}