{"id":21819,"date":"2020-06-13T07:02:51","date_gmt":"2020-06-13T05:02:51","guid":{"rendered":"https:\/\/softlinefurniture.com\/product\/lotus-puf\/"},"modified":"2026-03-09T09:17:46","modified_gmt":"2026-03-09T08:17:46","slug":"lotus-puf","status":"publish","type":"product","link":"https:\/\/softlinefurniture.com\/da\/produkt\/lotus-puf\/","title":{"rendered":"LOTUS Puf"},"content":{"rendered":"<p><strong>Kreativ minimalisme<\/strong><br \/>\nEnkle og rene linjer skaber en f\u00f8lelse af ro, der g\u00f8r LOTUS til det oplagte valg i det moderne hjem og offentlige rum. De forskellige elementer kan kombineres p\u00e5 utallige m\u00e5der og inviterer dig til at v\u00e6re kreativ og udtrykke din personlige stil. LOTUS blev brugt i filmen \u201cSex and the City\u201d.<\/p>\n","protected":false},"excerpt":{"rendered":"<p>Kreativ minimalisme Enkle og rene linjer skaber en f\u00f8lelse af ro, der g\u00f8r LOTUS til det oplagte valg i det moderne hjem og offentlige rum. De forskellige elementer kan kombineres p\u00e5 utallige m\u00e5der og inviterer dig til at v\u00e6re kreativ og udtrykke din personlige stil. LOTUS blev brugt i filmen \u201cSex and the City\u201d.<\/p>\n","protected":false},"featured_media":107690,"comment_status":"closed","ping_status":"closed","template":"","meta":{"_acf_changed":false},"product_brand":[48509],"product_cat":[249,244],"product_tag":[],"class_list":{"0":"post-21819","1":"product","2":"type-product","3":"status-publish","4":"has-post-thumbnail","6":"product_brand-lotus","7":"product_cat-modulsofaer","8":"product_cat-puffer-skamler","9":"pa_covers-rensning-betraek-med-symbolet-p-kan-renses-ekstra-betraek-kan-koebes-hvis-du-oensker-en-ny-farve-eller-et-nyt-stof","11":"first","12":"instock","13":"shipping-taxable","14":"purchasable","15":"product-type-variable"},"acf":[],"_links":{"self":[{"href":"https:\/\/softlinefurniture.com\/da\/wp-json\/wp\/v2\/product\/21819","targetHints":{"allow":["GET"]}}],"collection":[{"href":"https:\/\/softlinefurniture.com\/da\/wp-json\/wp\/v2\/product"}],"about":[{"href":"https:\/\/softlinefurniture.com\/da\/wp-json\/wp\/v2\/types\/product"}],"replies":[{"embeddable":true,"href":"https:\/\/softlinefurniture.com\/da\/wp-json\/wp\/v2\/comments?post=21819"}],"version-history":[{"count":0,"href":"https:\/\/softlinefurniture.com\/da\/wp-json\/wp\/v2\/product\/21819\/revisions"}],"wp:featuredmedia":[{"embeddable":true,"href":"https:\/\/softlinefurniture.com\/da\/wp-json\/wp\/v2\/media\/107690"}],"wp:attachment":[{"href":"https:\/\/softlinefurniture.com\/da\/wp-json\/wp\/v2\/media?parent=21819"}],"wp:term":[{"taxonomy":"product_brand","embeddable":true,"href":"https:\/\/softlinefurniture.com\/da\/wp-json\/wp\/v2\/product_brand?post=21819"},{"taxonomy":"product_cat","embeddable":true,"href":"https:\/\/softlinefurniture.com\/da\/wp-json\/wp\/v2\/product_cat?post=21819"},{"taxonomy":"product_tag","embeddable":true,"href":"https:\/\/softlinefurniture.com\/da\/wp-json\/wp\/v2\/product_tag?post=21819"}],"curies":[{"name":"wp","href":"https:\/\/api.w.org\/{rel}","templated":true}]}}