{"id":21881,"date":"2020-06-13T19:13:35","date_gmt":"2020-06-13T17:13:35","guid":{"rendered":"https:\/\/softlinefurniture.com\/product\/lounge-chaise-long\/"},"modified":"2026-03-09T09:16:42","modified_gmt":"2026-03-09T08:16:42","slug":"lounge-chaiselong","status":"publish","type":"product","link":"https:\/\/softlinefurniture.com\/da\/produkt\/lounge-chaiselong\/","title":{"rendered":"LOUNGE Chaiselong"},"content":{"rendered":"<p><strong>Sofistikeret minimalisme<\/strong><br \/>\nBrug sofaen alene, eller kombin\u00e9r den med en chaiselong til en stor, smuk hj\u00f8rnesofa. Det er \u00e9n sofa med tre funktioner. Det justerbare rygl\u00e6n g\u00f8r LOUNGE super komfortabel. Sofaen og chaiselongen er dejlige at sidde p\u00e5 og en dr\u00f8m at sove p\u00e5. LOUNGE-serien best\u00e5r desuden af en puf, der kan laves om til en seng ved at vippe s\u00e6det ned. Komforten er i top, og den er nem at h\u00e5ndtere.<\/p>\n","protected":false},"excerpt":{"rendered":"<p>Sofistikeret minimalisme Brug sofaen alene, eller kombin\u00e9r den med en chaiselong til en stor, smuk hj\u00f8rnesofa. Det er \u00e9n sofa med tre funktioner. Det justerbare rygl\u00e6n g\u00f8r LOUNGE super komfortabel. Sofaen og chaiselongen er dejlige at sidde p\u00e5 og en dr\u00f8m at sove p\u00e5. LOUNGE-serien best\u00e5r desuden af en puf, der kan laves om til [&hellip;]<\/p>\n","protected":false},"featured_media":14429,"comment_status":"closed","ping_status":"closed","template":"","meta":{"_acf_changed":false},"product_brand":[48513],"product_cat":[249,250],"product_tag":[6206],"class_list":{"0":"post-21881","1":"product","2":"type-product","3":"status-publish","4":"has-post-thumbnail","6":"product_brand-lounge","7":"product_cat-modulsofaer","8":"product_cat-sovesofaer","9":"product_tag-functional-da","10":"pa_covers-aftageligt-betraek-rensning-betraek-med-symbolet-p-kan-renses-ekstra-betraek-kan-koebes-hvis-du-oensker-en-ny-farve-eller-et-nyt-stof","12":"first","13":"instock","14":"shipping-taxable","15":"purchasable","16":"product-type-variable"},"acf":[],"_links":{"self":[{"href":"https:\/\/softlinefurniture.com\/da\/wp-json\/wp\/v2\/product\/21881","targetHints":{"allow":["GET"]}}],"collection":[{"href":"https:\/\/softlinefurniture.com\/da\/wp-json\/wp\/v2\/product"}],"about":[{"href":"https:\/\/softlinefurniture.com\/da\/wp-json\/wp\/v2\/types\/product"}],"replies":[{"embeddable":true,"href":"https:\/\/softlinefurniture.com\/da\/wp-json\/wp\/v2\/comments?post=21881"}],"version-history":[{"count":0,"href":"https:\/\/softlinefurniture.com\/da\/wp-json\/wp\/v2\/product\/21881\/revisions"}],"wp:featuredmedia":[{"embeddable":true,"href":"https:\/\/softlinefurniture.com\/da\/wp-json\/wp\/v2\/media\/14429"}],"wp:attachment":[{"href":"https:\/\/softlinefurniture.com\/da\/wp-json\/wp\/v2\/media?parent=21881"}],"wp:term":[{"taxonomy":"product_brand","embeddable":true,"href":"https:\/\/softlinefurniture.com\/da\/wp-json\/wp\/v2\/product_brand?post=21881"},{"taxonomy":"product_cat","embeddable":true,"href":"https:\/\/softlinefurniture.com\/da\/wp-json\/wp\/v2\/product_cat?post=21881"},{"taxonomy":"product_tag","embeddable":true,"href":"https:\/\/softlinefurniture.com\/da\/wp-json\/wp\/v2\/product_tag?post=21881"}],"curies":[{"name":"wp","href":"https:\/\/api.w.org\/{rel}","templated":true}]}}