{"id":21957,"date":"2020-06-14T22:49:46","date_gmt":"2020-06-14T20:49:46","guid":{"rendered":"https:\/\/softlinefurniture.com\/product\/nevada-3-p\/"},"modified":"2026-03-09T09:12:25","modified_gmt":"2026-03-09T08:12:25","slug":"nevada-3-p","status":"publish","type":"product","link":"https:\/\/softlinefurniture.com\/da\/produkt\/nevada-3-p\/","title":{"rendered":"NEVADA 3-P"},"content":{"rendered":"<p><strong>Ganske enkelt stilfuldt<\/strong><br \/>\nNEVADA 3-P er en komfortabel og fleksibel sofa, der nemt kan laves om til en dobbeltseng. Designet er enkelt og stilfuldt, og st\u00f8rrelsen er perfekt, hvis pladsen er begr\u00e6nset. Du kan ogs\u00e5 kombinere den med andre moduler i NEVADA-serien og designe dit eget elegante m\u00f8bel.<\/p>\n","protected":false},"excerpt":{"rendered":"<p>Ganske enkelt stilfuldt NEVADA 3-P er en komfortabel og fleksibel sofa, der nemt kan laves om til en dobbeltseng. Designet er enkelt og stilfuldt, og st\u00f8rrelsen er perfekt, hvis pladsen er begr\u00e6nset. Du kan ogs\u00e5 kombinere den med andre moduler i NEVADA-serien og designe dit eget elegante m\u00f8bel.<\/p>\n","protected":false},"featured_media":97431,"comment_status":"closed","ping_status":"closed","template":"","meta":{"_acf_changed":false},"product_brand":[48577],"product_cat":[6213,250],"product_tag":[6206,34674],"class_list":{"0":"post-21957","1":"product","2":"type-product","3":"status-publish","4":"has-post-thumbnail","6":"product_brand-nevada","7":"product_cat-kollektioner","8":"product_cat-sovesofaer","9":"product_tag-functional-da","10":"product_tag-sofa-da","11":"pa_covers-cleaning-covers-can-be-dry-cleaned-as-they-have-been-given-the-symbol-p-extra-covers-can-be-purchased-if-you-need-a-new-colour-or-fabric","13":"first","14":"instock","15":"shipping-taxable","16":"purchasable","17":"product-type-variable"},"acf":[],"_links":{"self":[{"href":"https:\/\/softlinefurniture.com\/da\/wp-json\/wp\/v2\/product\/21957","targetHints":{"allow":["GET"]}}],"collection":[{"href":"https:\/\/softlinefurniture.com\/da\/wp-json\/wp\/v2\/product"}],"about":[{"href":"https:\/\/softlinefurniture.com\/da\/wp-json\/wp\/v2\/types\/product"}],"replies":[{"embeddable":true,"href":"https:\/\/softlinefurniture.com\/da\/wp-json\/wp\/v2\/comments?post=21957"}],"version-history":[{"count":0,"href":"https:\/\/softlinefurniture.com\/da\/wp-json\/wp\/v2\/product\/21957\/revisions"}],"wp:featuredmedia":[{"embeddable":true,"href":"https:\/\/softlinefurniture.com\/da\/wp-json\/wp\/v2\/media\/97431"}],"wp:attachment":[{"href":"https:\/\/softlinefurniture.com\/da\/wp-json\/wp\/v2\/media?parent=21957"}],"wp:term":[{"taxonomy":"product_brand","embeddable":true,"href":"https:\/\/softlinefurniture.com\/da\/wp-json\/wp\/v2\/product_brand?post=21957"},{"taxonomy":"product_cat","embeddable":true,"href":"https:\/\/softlinefurniture.com\/da\/wp-json\/wp\/v2\/product_cat?post=21957"},{"taxonomy":"product_tag","embeddable":true,"href":"https:\/\/softlinefurniture.com\/da\/wp-json\/wp\/v2\/product_tag?post=21957"}],"curies":[{"name":"wp","href":"https:\/\/api.w.org\/{rel}","templated":true}]}}