{"id":21982,"date":"2020-05-24T04:55:21","date_gmt":"2020-05-24T02:55:21","guid":{"rendered":"https:\/\/softlinefurniture.com\/product\/moai-swivel\/"},"modified":"2026-03-09T09:50:57","modified_gmt":"2026-03-09T08:50:57","slug":"moai-swivel-stol","status":"publish","type":"product","link":"https:\/\/softlinefurniture.com\/da\/produkt\/moai-swivel-stol\/","title":{"rendered":"MOAI Swivel Stol"},"content":{"rendered":"<p><strong>Elegant og skulpturel<\/strong><br \/>\nMOAI f\u00e5s ogs\u00e5 med en elegant drejebase. Stolen er designet, s\u00e5 den behageligt lukker sig om dig og fungerer som et lille rum, hvor du kan nyde et \u00f8jebliks fred og fordybelse. Fra siden har MOAI stolen et helt specielt og lettere naivt udtryk, der minder om ansigtsskulpturerne p\u00e5 P\u00e5ske\u00f8erne.<\/p>\n<p>Vinder af Good Design Award 2017<br \/>\nVinder af German Design Award 2018<\/p>\n","protected":false},"excerpt":{"rendered":"<p>Elegant og skulpturel MOAI f\u00e5s ogs\u00e5 med en elegant drejebase. Stolen er designet, s\u00e5 den behageligt lukker sig om dig og fungerer som et lille rum, hvor du kan nyde et \u00f8jebliks fred og fordybelse. Fra siden har MOAI stolen et helt specielt og lettere naivt udtryk, der minder om ansigtsskulpturerne p\u00e5 P\u00e5ske\u00f8erne. Vinder af [&hellip;]<\/p>\n","protected":false},"featured_media":95858,"comment_status":"closed","ping_status":"closed","template":"","meta":{"_acf_changed":false},"product_brand":[48565],"product_cat":[47947,6213,246,245,47815],"product_tag":[],"class_list":{"0":"post-21982","1":"product","2":"type-product","3":"status-publish","4":"has-post-thumbnail","6":"product_brand-moai-swivel-chair","7":"product_cat-drejestole","8":"product_cat-kollektioner","9":"product_cat-lounge-stole","10":"product_cat-stole","11":"product_cat-workspace","12":"pa_covers-rensning-betraek-med-symbolet-p-kan-renses-ekstra-betraek-kan-koebes-hvis-du-oensker-en-ny-farve-eller-et-nyt-stof","14":"first","15":"instock","16":"shipping-taxable","17":"purchasable","18":"product-type-variable"},"acf":[],"_links":{"self":[{"href":"https:\/\/softlinefurniture.com\/da\/wp-json\/wp\/v2\/product\/21982","targetHints":{"allow":["GET"]}}],"collection":[{"href":"https:\/\/softlinefurniture.com\/da\/wp-json\/wp\/v2\/product"}],"about":[{"href":"https:\/\/softlinefurniture.com\/da\/wp-json\/wp\/v2\/types\/product"}],"replies":[{"embeddable":true,"href":"https:\/\/softlinefurniture.com\/da\/wp-json\/wp\/v2\/comments?post=21982"}],"version-history":[{"count":0,"href":"https:\/\/softlinefurniture.com\/da\/wp-json\/wp\/v2\/product\/21982\/revisions"}],"wp:featuredmedia":[{"embeddable":true,"href":"https:\/\/softlinefurniture.com\/da\/wp-json\/wp\/v2\/media\/95858"}],"wp:attachment":[{"href":"https:\/\/softlinefurniture.com\/da\/wp-json\/wp\/v2\/media?parent=21982"}],"wp:term":[{"taxonomy":"product_brand","embeddable":true,"href":"https:\/\/softlinefurniture.com\/da\/wp-json\/wp\/v2\/product_brand?post=21982"},{"taxonomy":"product_cat","embeddable":true,"href":"https:\/\/softlinefurniture.com\/da\/wp-json\/wp\/v2\/product_cat?post=21982"},{"taxonomy":"product_tag","embeddable":true,"href":"https:\/\/softlinefurniture.com\/da\/wp-json\/wp\/v2\/product_tag?post=21982"}],"curies":[{"name":"wp","href":"https:\/\/api.w.org\/{rel}","templated":true}]}}