{"id":22049,"date":"2020-06-07T22:03:04","date_gmt":"2020-06-07T20:03:04","guid":{"rendered":"https:\/\/softlinefurniture.com\/product\/orlando-wood-baenk\/"},"modified":"2026-03-09T09:38:38","modified_gmt":"2026-03-09T08:38:38","slug":"orlando-wood-baenk","status":"publish","type":"product","link":"https:\/\/softlinefurniture.com\/da\/produkt\/orlando-wood-baenk\/","title":{"rendered":"ORLANDO WOOD B\u00e6nk"},"content":{"rendered":"<p><strong>Bring naturen ind<\/strong><\/p>\n<p>ORLANDO-stolen f\u00e5s med en let og fjedrende tr\u00e6ramme i et design, som b\u00e5de er tidssvarende og indbydende. Stolen er komfortabel og rummelig og passer ind i b\u00e5de en moderne og antik m\u00f8blering. Ryggens innovative udformning mod s\u00e6det er en raffineret detalje, som g\u00f8r stolen ideel til solit\u00e6r placering i et rum, hvor den kan ses fra alle sider.<\/p>\n<p>Vinder af Good Design Award 2019<\/p>\n","protected":false},"excerpt":{"rendered":"<p>Bring naturen ind ORLANDO-stolen f\u00e5s med en let og fjedrende tr\u00e6ramme i et design, som b\u00e5de er tidssvarende og indbydende. Stolen er komfortabel og rummelig og passer ind i b\u00e5de en moderne og antik m\u00f8blering. Ryggens innovative udformning mod s\u00e6det er en raffineret detalje, som g\u00f8r stolen ideel til solit\u00e6r placering i et rum, hvor [&hellip;]<\/p>\n","protected":false},"featured_media":42846,"comment_status":"closed","ping_status":"closed","template":"","meta":{"_acf_changed":false},"product_brand":[48629],"product_cat":[248],"product_tag":[34674],"class_list":{"0":"post-22049","1":"product","2":"type-product","3":"status-publish","4":"has-post-thumbnail","6":"product_brand-orlando-wood","7":"product_cat-sofaer","8":"product_tag-sofa-da","9":"pa_covers-rensning-betraek-med-symbolet-p-kan-renses-ekstra-betraek-kan-koebes-hvis-du-oensker-en-ny-farve-eller-et-nyt-stof","11":"first","12":"instock","13":"shipping-taxable","14":"purchasable","15":"product-type-variable"},"acf":[],"_links":{"self":[{"href":"https:\/\/softlinefurniture.com\/da\/wp-json\/wp\/v2\/product\/22049","targetHints":{"allow":["GET"]}}],"collection":[{"href":"https:\/\/softlinefurniture.com\/da\/wp-json\/wp\/v2\/product"}],"about":[{"href":"https:\/\/softlinefurniture.com\/da\/wp-json\/wp\/v2\/types\/product"}],"replies":[{"embeddable":true,"href":"https:\/\/softlinefurniture.com\/da\/wp-json\/wp\/v2\/comments?post=22049"}],"version-history":[{"count":0,"href":"https:\/\/softlinefurniture.com\/da\/wp-json\/wp\/v2\/product\/22049\/revisions"}],"wp:featuredmedia":[{"embeddable":true,"href":"https:\/\/softlinefurniture.com\/da\/wp-json\/wp\/v2\/media\/42846"}],"wp:attachment":[{"href":"https:\/\/softlinefurniture.com\/da\/wp-json\/wp\/v2\/media?parent=22049"}],"wp:term":[{"taxonomy":"product_brand","embeddable":true,"href":"https:\/\/softlinefurniture.com\/da\/wp-json\/wp\/v2\/product_brand?post=22049"},{"taxonomy":"product_cat","embeddable":true,"href":"https:\/\/softlinefurniture.com\/da\/wp-json\/wp\/v2\/product_cat?post=22049"},{"taxonomy":"product_tag","embeddable":true,"href":"https:\/\/softlinefurniture.com\/da\/wp-json\/wp\/v2\/product_tag?post=22049"}],"curies":[{"name":"wp","href":"https:\/\/api.w.org\/{rel}","templated":true}]}}