{"id":22099,"date":"2020-06-19T07:17:47","date_gmt":"2020-06-19T05:17:47","guid":{"rendered":"https:\/\/softlinefurniture.com\/product\/nector-puf\/"},"modified":"2026-03-09T09:06:57","modified_gmt":"2026-03-09T08:06:57","slug":"nector-puf","status":"publish","type":"product","link":"https:\/\/softlinefurniture.com\/da\/produkt\/nector-puf\/","title":{"rendered":"NECTOR Puf"},"content":{"rendered":"<p><strong>En universel siddeplads<\/strong><br \/>\nEt nyt type m\u00f8bel, der kan bruges, n\u00e5r du har brug for en ekstra siddeplads i hjemmet. NECTOR er perfekt i entreen, sovev\u00e6relset, stuen eller ungdomsv\u00e6relset. Et nyt og revolutionerende designobjekt med klassiske og funktionelle detaljer.<\/p>\n","protected":false},"excerpt":{"rendered":"<p>En universel siddeplads Et nyt type m\u00f8bel, der kan bruges, n\u00e5r du har brug for en ekstra siddeplads i hjemmet. NECTOR er perfekt i entreen, sovev\u00e6relset, stuen eller ungdomsv\u00e6relset. Et nyt og revolutionerende designobjekt med klassiske og funktionelle detaljer.<\/p>\n","protected":false},"featured_media":42701,"comment_status":"closed","ping_status":"closed","template":"","meta":{"_acf_changed":false},"product_brand":[48573],"product_cat":[6210,6213,244],"product_tag":[],"class_list":{"0":"post-22099","1":"product","2":"type-product","3":"status-publish","4":"has-post-thumbnail","6":"product_brand-nector","7":"product_cat-boernemoebler","8":"product_cat-kollektioner","9":"product_cat-puffer-skamler","10":"pa_covers-rensning-betraek-med-symbolet-p-kan-renses-ekstra-betraek-kan-koebes-hvis-du-oensker-en-ny-farve-eller-et-nyt-stof","12":"first","13":"instock","14":"shipping-taxable","15":"purchasable","16":"product-type-variable"},"acf":[],"_links":{"self":[{"href":"https:\/\/softlinefurniture.com\/da\/wp-json\/wp\/v2\/product\/22099","targetHints":{"allow":["GET"]}}],"collection":[{"href":"https:\/\/softlinefurniture.com\/da\/wp-json\/wp\/v2\/product"}],"about":[{"href":"https:\/\/softlinefurniture.com\/da\/wp-json\/wp\/v2\/types\/product"}],"replies":[{"embeddable":true,"href":"https:\/\/softlinefurniture.com\/da\/wp-json\/wp\/v2\/comments?post=22099"}],"version-history":[{"count":0,"href":"https:\/\/softlinefurniture.com\/da\/wp-json\/wp\/v2\/product\/22099\/revisions"}],"wp:featuredmedia":[{"embeddable":true,"href":"https:\/\/softlinefurniture.com\/da\/wp-json\/wp\/v2\/media\/42701"}],"wp:attachment":[{"href":"https:\/\/softlinefurniture.com\/da\/wp-json\/wp\/v2\/media?parent=22099"}],"wp:term":[{"taxonomy":"product_brand","embeddable":true,"href":"https:\/\/softlinefurniture.com\/da\/wp-json\/wp\/v2\/product_brand?post=22099"},{"taxonomy":"product_cat","embeddable":true,"href":"https:\/\/softlinefurniture.com\/da\/wp-json\/wp\/v2\/product_cat?post=22099"},{"taxonomy":"product_tag","embeddable":true,"href":"https:\/\/softlinefurniture.com\/da\/wp-json\/wp\/v2\/product_tag?post=22099"}],"curies":[{"name":"wp","href":"https:\/\/api.w.org\/{rel}","templated":true}]}}