{"id":31472,"date":"2020-05-24T09:53:55","date_gmt":"2020-05-24T07:53:55","guid":{"rendered":"https:\/\/softlinefurniture.com\/product\/angel-stol\/"},"modified":"2026-03-23T21:59:56","modified_gmt":"2026-03-23T20:59:56","slug":"angel-swivel-stol","status":"publish","type":"product","link":"https:\/\/softlinefurniture.com\/da\/produkt\/angel-swivel-stol\/","title":{"rendered":"ANGEL Swivel Stol"},"content":{"rendered":"<p><strong>Ikoniske former<\/strong><br \/>\nMed sit nyskabende og ikoniske design er ANGEL en loungestol, der kan bruges som et enkeltst\u00e5ende element i indretningen, men som ogs\u00e5 er perfekt i kombination med andre typer m\u00f8bler, hvor den vil bidrage med et personligt og moderne look. Designet er p\u00e5 samme tid bl\u00f8dt, indbydende og stilfuldt.<\/p>\n<p>Vinder af Good Design Award 2011<\/p>\n","protected":false},"excerpt":{"rendered":"<p>Ikoniske former Med sit nyskabende og ikoniske design er ANGEL en loungestol, der kan bruges som et enkeltst\u00e5ende element i indretningen, men som ogs\u00e5 er perfekt i kombination med andre typer m\u00f8bler, hvor den vil bidrage med et personligt og moderne look. Designet er p\u00e5 samme tid bl\u00f8dt, indbydende og stilfuldt. Vinder af Good Design [&hellip;]<\/p>\n","protected":false},"featured_media":42231,"comment_status":"closed","ping_status":"closed","template":"","meta":{"_acf_changed":false},"product_brand":[48289],"product_cat":[47947,6213,246,245],"product_tag":[],"class_list":{"0":"post-31472","1":"product","2":"type-product","3":"status-publish","4":"has-post-thumbnail","6":"product_brand-angel-swivel-chair","7":"product_cat-drejestole","8":"product_cat-kollektioner","9":"product_cat-lounge-stole","10":"product_cat-stole","11":"pa_covers-rensning-betraek-med-symbolet-p-kan-renses-ekstra-betraek-kan-koebes-hvis-du-oensker-en-ny-farve-eller-et-nyt-stof","13":"first","14":"instock","15":"shipping-taxable","16":"purchasable","17":"product-type-variable"},"acf":[],"_links":{"self":[{"href":"https:\/\/softlinefurniture.com\/da\/wp-json\/wp\/v2\/product\/31472","targetHints":{"allow":["GET"]}}],"collection":[{"href":"https:\/\/softlinefurniture.com\/da\/wp-json\/wp\/v2\/product"}],"about":[{"href":"https:\/\/softlinefurniture.com\/da\/wp-json\/wp\/v2\/types\/product"}],"replies":[{"embeddable":true,"href":"https:\/\/softlinefurniture.com\/da\/wp-json\/wp\/v2\/comments?post=31472"}],"version-history":[{"count":0,"href":"https:\/\/softlinefurniture.com\/da\/wp-json\/wp\/v2\/product\/31472\/revisions"}],"wp:featuredmedia":[{"embeddable":true,"href":"https:\/\/softlinefurniture.com\/da\/wp-json\/wp\/v2\/media\/42231"}],"wp:attachment":[{"href":"https:\/\/softlinefurniture.com\/da\/wp-json\/wp\/v2\/media?parent=31472"}],"wp:term":[{"taxonomy":"product_brand","embeddable":true,"href":"https:\/\/softlinefurniture.com\/da\/wp-json\/wp\/v2\/product_brand?post=31472"},{"taxonomy":"product_cat","embeddable":true,"href":"https:\/\/softlinefurniture.com\/da\/wp-json\/wp\/v2\/product_cat?post=31472"},{"taxonomy":"product_tag","embeddable":true,"href":"https:\/\/softlinefurniture.com\/da\/wp-json\/wp\/v2\/product_tag?post=31472"}],"curies":[{"name":"wp","href":"https:\/\/api.w.org\/{rel}","templated":true}]}}