{"id":31506,"date":"2020-05-26T09:05:44","date_gmt":"2020-05-26T07:05:44","guid":{"rendered":"https:\/\/softlinefurniture.com\/product\/alma-bord\/"},"modified":"2026-03-23T21:58:51","modified_gmt":"2026-03-23T20:58:51","slug":"alma-bord","status":"publish","type":"product","link":"https:\/\/softlinefurniture.com\/da\/produkt\/alma-bord\/","title":{"rendered":"ALMA Bord"},"content":{"rendered":"<p><strong>P\u00e6nt praktisk<\/strong><br \/>\nPuf, sofabord og stor pude i \u00e9t. Multifunktionelle ALMA puf\/bord er perfekt i moderne boliger, hvor fleksibilitet er n\u00f8gleordet. L\u00e6g puden p\u00e5 toppen af bordet, s\u00e5 du f\u00e5r en dejlig puf. Eller plac\u00e9r puden p\u00e5 gulvet, hvis du har brug for en ekstra siddeplads og et bord for sig. Bordet f\u00e5s i sort, hvid, ask og valn\u00f8d.<\/p>\n","protected":false},"excerpt":{"rendered":"<p>P\u00e6nt praktisk Puf, sofabord og stor pude i \u00e9t. Multifunktionelle ALMA puf\/bord er perfekt i moderne boliger, hvor fleksibilitet er n\u00f8gleordet. L\u00e6g puden p\u00e5 toppen af bordet, s\u00e5 du f\u00e5r en dejlig puf. Eller plac\u00e9r puden p\u00e5 gulvet, hvis du har brug for en ekstra siddeplads og et bord for sig. Bordet f\u00e5s i sort, [&hellip;]<\/p>\n","protected":false},"featured_media":48329,"comment_status":"closed","ping_status":"closed","template":"","meta":{"_acf_changed":false},"product_brand":[48287],"product_cat":[6214,244],"product_tag":[],"class_list":{"0":"post-31506","1":"product","2":"type-product","3":"status-publish","4":"has-post-thumbnail","6":"product_brand-alma","7":"product_cat-borde","8":"product_cat-puffer-skamler","10":"first","11":"instock","12":"shipping-taxable","13":"purchasable","14":"product-type-variable"},"acf":[],"_links":{"self":[{"href":"https:\/\/softlinefurniture.com\/da\/wp-json\/wp\/v2\/product\/31506","targetHints":{"allow":["GET"]}}],"collection":[{"href":"https:\/\/softlinefurniture.com\/da\/wp-json\/wp\/v2\/product"}],"about":[{"href":"https:\/\/softlinefurniture.com\/da\/wp-json\/wp\/v2\/types\/product"}],"replies":[{"embeddable":true,"href":"https:\/\/softlinefurniture.com\/da\/wp-json\/wp\/v2\/comments?post=31506"}],"version-history":[{"count":0,"href":"https:\/\/softlinefurniture.com\/da\/wp-json\/wp\/v2\/product\/31506\/revisions"}],"wp:featuredmedia":[{"embeddable":true,"href":"https:\/\/softlinefurniture.com\/da\/wp-json\/wp\/v2\/media\/48329"}],"wp:attachment":[{"href":"https:\/\/softlinefurniture.com\/da\/wp-json\/wp\/v2\/media?parent=31506"}],"wp:term":[{"taxonomy":"product_brand","embeddable":true,"href":"https:\/\/softlinefurniture.com\/da\/wp-json\/wp\/v2\/product_brand?post=31506"},{"taxonomy":"product_cat","embeddable":true,"href":"https:\/\/softlinefurniture.com\/da\/wp-json\/wp\/v2\/product_cat?post=31506"},{"taxonomy":"product_tag","embeddable":true,"href":"https:\/\/softlinefurniture.com\/da\/wp-json\/wp\/v2\/product_tag?post=31506"}],"curies":[{"name":"wp","href":"https:\/\/api.w.org\/{rel}","templated":true}]}}