{"id":31513,"date":"2020-05-14T03:40:59","date_gmt":"2020-05-14T01:40:59","guid":{"rendered":"https:\/\/softlinefurniture.com\/product\/baixa-chair\/"},"modified":"2026-03-23T22:01:53","modified_gmt":"2026-03-23T21:01:53","slug":"baixa-stol","status":"publish","type":"product","link":"https:\/\/softlinefurniture.com\/da\/produkt\/baixa-stol\/","title":{"rendered":"BAIXA Stol"},"content":{"rendered":"<p><strong>Tag plads <\/strong><\/p>\n<p>BAIXA er en komfortabel loungestol, som med sit unikke formsprog b\u00e5de r\u00e6kker frem og tilbage i tiden. L\u00e6ndest\u00f8tten flyder harmonisk over og bliver til arml\u00e6n, der ligesom den \u00f8verste del af ryggen er formgivet i bl\u00f8de og runde linjer.<\/p>\n<p>Vinder af Good Design Award 2019<\/p>\n","protected":false},"excerpt":{"rendered":"<p>Tag plads BAIXA er en komfortabel loungestol, som med sit unikke formsprog b\u00e5de r\u00e6kker frem og tilbage i tiden. L\u00e6ndest\u00f8tten flyder harmonisk over og bliver til arml\u00e6n, der ligesom den \u00f8verste del af ryggen er formgivet i bl\u00f8de og runde linjer. Vinder af Good Design Award 2019<\/p>\n","protected":false},"featured_media":42251,"comment_status":"closed","ping_status":"closed","template":"","meta":{"_acf_changed":false},"product_brand":[48290],"product_cat":[6213,246],"product_tag":[],"class_list":{"0":"post-31513","1":"product","2":"type-product","3":"status-publish","4":"has-post-thumbnail","6":"product_brand-baixa","7":"product_cat-kollektioner","8":"product_cat-lounge-stole","9":"pa_covers-aftageligt-betraek-rensning-betraek-med-symbolet-p-kan-renses-ekstra-betraek-kan-koebes-hvis-du-oensker-en-ny-farve-eller-et-nyt-stof","11":"first","12":"instock","13":"shipping-taxable","14":"purchasable","15":"product-type-variable"},"acf":[],"_links":{"self":[{"href":"https:\/\/softlinefurniture.com\/da\/wp-json\/wp\/v2\/product\/31513","targetHints":{"allow":["GET"]}}],"collection":[{"href":"https:\/\/softlinefurniture.com\/da\/wp-json\/wp\/v2\/product"}],"about":[{"href":"https:\/\/softlinefurniture.com\/da\/wp-json\/wp\/v2\/types\/product"}],"replies":[{"embeddable":true,"href":"https:\/\/softlinefurniture.com\/da\/wp-json\/wp\/v2\/comments?post=31513"}],"version-history":[{"count":0,"href":"https:\/\/softlinefurniture.com\/da\/wp-json\/wp\/v2\/product\/31513\/revisions"}],"wp:featuredmedia":[{"embeddable":true,"href":"https:\/\/softlinefurniture.com\/da\/wp-json\/wp\/v2\/media\/42251"}],"wp:attachment":[{"href":"https:\/\/softlinefurniture.com\/da\/wp-json\/wp\/v2\/media?parent=31513"}],"wp:term":[{"taxonomy":"product_brand","embeddable":true,"href":"https:\/\/softlinefurniture.com\/da\/wp-json\/wp\/v2\/product_brand?post=31513"},{"taxonomy":"product_cat","embeddable":true,"href":"https:\/\/softlinefurniture.com\/da\/wp-json\/wp\/v2\/product_cat?post=31513"},{"taxonomy":"product_tag","embeddable":true,"href":"https:\/\/softlinefurniture.com\/da\/wp-json\/wp\/v2\/product_tag?post=31513"}],"curies":[{"name":"wp","href":"https:\/\/api.w.org\/{rel}","templated":true}]}}