{"id":31546,"date":"2020-06-07T01:02:34","date_gmt":"2020-06-06T23:02:34","guid":{"rendered":"https:\/\/softlinefurniture.com\/product\/bob-stol\/"},"modified":"2026-03-23T22:04:14","modified_gmt":"2026-03-23T21:04:14","slug":"bob-stol","status":"publish","type":"product","link":"https:\/\/softlinefurniture.com\/da\/produkt\/bob-stol\/","title":{"rendered":"BOB Stol"},"content":{"rendered":"<p><strong>Sofaens bedste ven<\/strong><br \/>\nBOB-stolen er designet som et supplement til sofaen eller en ekstra stol til stuen, hyggehj\u00f8rnet eller b\u00f8rnev\u00e6relset. Stolen er kendetegnet ved sit kompakte, karikaturlignede og indbydende udstr\u00e5ling, der appellerer til b\u00e5de b\u00f8rn og voksne. Dimensionerne og de enkle detaljer g\u00f8r den b\u00e5de komfortabel og klassisk.<\/p>\n","protected":false},"excerpt":{"rendered":"<p>Sofaens bedste ven BOB-stolen er designet som et supplement til sofaen eller en ekstra stol til stuen, hyggehj\u00f8rnet eller b\u00f8rnev\u00e6relset. Stolen er kendetegnet ved sit kompakte, karikaturlignede og indbydende udstr\u00e5ling, der appellerer til b\u00e5de b\u00f8rn og voksne. Dimensionerne og de enkle detaljer g\u00f8r den b\u00e5de komfortabel og klassisk.<\/p>\n","protected":false},"featured_media":42301,"comment_status":"closed","ping_status":"closed","template":"","meta":{"_acf_changed":false},"product_brand":[48295],"product_cat":[6210,6213,245],"product_tag":[],"class_list":{"0":"post-31546","1":"product","2":"type-product","3":"status-publish","4":"has-post-thumbnail","6":"product_brand-bob","7":"product_cat-boernemoebler","8":"product_cat-kollektioner","9":"product_cat-stole","10":"pa_covers-rensning-betraek-med-symbolet-p-kan-renses-ekstra-betraek-kan-koebes-hvis-du-oensker-en-ny-farve-eller-et-nyt-stof","12":"first","13":"instock","14":"shipping-taxable","15":"purchasable","16":"product-type-variable"},"acf":[],"_links":{"self":[{"href":"https:\/\/softlinefurniture.com\/da\/wp-json\/wp\/v2\/product\/31546","targetHints":{"allow":["GET"]}}],"collection":[{"href":"https:\/\/softlinefurniture.com\/da\/wp-json\/wp\/v2\/product"}],"about":[{"href":"https:\/\/softlinefurniture.com\/da\/wp-json\/wp\/v2\/types\/product"}],"replies":[{"embeddable":true,"href":"https:\/\/softlinefurniture.com\/da\/wp-json\/wp\/v2\/comments?post=31546"}],"version-history":[{"count":0,"href":"https:\/\/softlinefurniture.com\/da\/wp-json\/wp\/v2\/product\/31546\/revisions"}],"wp:featuredmedia":[{"embeddable":true,"href":"https:\/\/softlinefurniture.com\/da\/wp-json\/wp\/v2\/media\/42301"}],"wp:attachment":[{"href":"https:\/\/softlinefurniture.com\/da\/wp-json\/wp\/v2\/media?parent=31546"}],"wp:term":[{"taxonomy":"product_brand","embeddable":true,"href":"https:\/\/softlinefurniture.com\/da\/wp-json\/wp\/v2\/product_brand?post=31546"},{"taxonomy":"product_cat","embeddable":true,"href":"https:\/\/softlinefurniture.com\/da\/wp-json\/wp\/v2\/product_cat?post=31546"},{"taxonomy":"product_tag","embeddable":true,"href":"https:\/\/softlinefurniture.com\/da\/wp-json\/wp\/v2\/product_tag?post=31546"}],"curies":[{"name":"wp","href":"https:\/\/api.w.org\/{rel}","templated":true}]}}