{"id":31560,"date":"2020-06-11T08:28:07","date_gmt":"2020-06-11T06:28:07","guid":{"rendered":"https:\/\/softlinefurniture.com\/product\/chat-puf\/"},"modified":"2026-03-23T22:16:08","modified_gmt":"2026-03-23T21:16:08","slug":"chat-puf","status":"publish","type":"product","link":"https:\/\/softlinefurniture.com\/da\/produkt\/chat-puf\/","title":{"rendered":"CHAT Puf"},"content":{"rendered":"<p><strong>Lad kreativiteten blomstre<\/strong><br \/>\nDenne puf fungerer i alle slags milj\u00f8er og p\u00e5 mange forskellige m\u00e5der. V\u00e6lg en markant farve, der skiller sig ud, eller en naturlig nuance der giver et minimalistisk look. Mulighederne er uendelige, og det er op til dig at v\u00e6re kreativ. CHAT-puffen vejer n\u00e6sten ingenting og er nem at flytte rundt og opbevare.<\/p>\n","protected":false},"excerpt":{"rendered":"<p>Lad kreativiteten blomstre Denne puf fungerer i alle slags milj\u00f8er og p\u00e5 mange forskellige m\u00e5der. V\u00e6lg en markant farve, der skiller sig ud, eller en naturlig nuance der giver et minimalistisk look. Mulighederne er uendelige, og det er op til dig at v\u00e6re kreativ. CHAT-puffen vejer n\u00e6sten ingenting og er nem at flytte rundt og [&hellip;]<\/p>\n","protected":false},"featured_media":68075,"comment_status":"closed","ping_status":"closed","template":"","meta":{"_acf_changed":false},"product_brand":[48361],"product_cat":[6210,6213,244],"product_tag":[],"class_list":{"0":"post-31560","1":"product","2":"type-product","3":"status-publish","4":"has-post-thumbnail","6":"product_brand-chat-puf","7":"product_cat-boernemoebler","8":"product_cat-kollektioner","9":"product_cat-puffer-skamler","10":"pa_covers-rensning-betraek-med-symbolet-p-kan-renses-ekstra-betraek-kan-koebes-hvis-du-oensker-en-ny-farve-eller-et-nyt-stof","12":"first","13":"instock","14":"shipping-taxable","15":"purchasable","16":"product-type-variable"},"acf":[],"_links":{"self":[{"href":"https:\/\/softlinefurniture.com\/da\/wp-json\/wp\/v2\/product\/31560","targetHints":{"allow":["GET"]}}],"collection":[{"href":"https:\/\/softlinefurniture.com\/da\/wp-json\/wp\/v2\/product"}],"about":[{"href":"https:\/\/softlinefurniture.com\/da\/wp-json\/wp\/v2\/types\/product"}],"replies":[{"embeddable":true,"href":"https:\/\/softlinefurniture.com\/da\/wp-json\/wp\/v2\/comments?post=31560"}],"version-history":[{"count":0,"href":"https:\/\/softlinefurniture.com\/da\/wp-json\/wp\/v2\/product\/31560\/revisions"}],"wp:featuredmedia":[{"embeddable":true,"href":"https:\/\/softlinefurniture.com\/da\/wp-json\/wp\/v2\/media\/68075"}],"wp:attachment":[{"href":"https:\/\/softlinefurniture.com\/da\/wp-json\/wp\/v2\/media?parent=31560"}],"wp:term":[{"taxonomy":"product_brand","embeddable":true,"href":"https:\/\/softlinefurniture.com\/da\/wp-json\/wp\/v2\/product_brand?post=31560"},{"taxonomy":"product_cat","embeddable":true,"href":"https:\/\/softlinefurniture.com\/da\/wp-json\/wp\/v2\/product_cat?post=31560"},{"taxonomy":"product_tag","embeddable":true,"href":"https:\/\/softlinefurniture.com\/da\/wp-json\/wp\/v2\/product_tag?post=31560"}],"curies":[{"name":"wp","href":"https:\/\/api.w.org\/{rel}","templated":true}]}}