{"id":31564,"date":"2020-06-11T07:25:24","date_gmt":"2020-06-11T05:25:24","guid":{"rendered":"https:\/\/softlinefurniture.com\/product\/chat-stol\/"},"modified":"2026-03-23T22:16:39","modified_gmt":"2026-03-23T21:16:39","slug":"chat-stol","status":"publish","type":"product","link":"https:\/\/softlinefurniture.com\/da\/produkt\/chat-stol\/","title":{"rendered":"CHAT Stol"},"content":{"rendered":"<p><strong>En skulptur til afslapning<\/strong><br \/>\nCHAT er designet til at skabe de perfekte omgivelser for en hyggelig samtale, men der er mange andre m\u00e5der at bruge den p\u00e5. Designet kombinerer rygl\u00e6nets elegante, organiske, runde form med de rette linjer i s\u00e6det og giver et skulpturelt look. Materialerne er af den bedste kvalitet og giver ultimativ komfort.<\/p>\n","protected":false},"excerpt":{"rendered":"<p>En skulptur til afslapning CHAT er designet til at skabe de perfekte omgivelser for en hyggelig samtale, men der er mange andre m\u00e5der at bruge den p\u00e5. Designet kombinerer rygl\u00e6nets elegante, organiske, runde form med de rette linjer i s\u00e6det og giver et skulpturelt look. Materialerne er af den bedste kvalitet og giver ultimativ komfort.<\/p>\n","protected":false},"featured_media":84774,"comment_status":"closed","ping_status":"closed","template":"","meta":{"_acf_changed":false},"product_brand":[48357],"product_cat":[246],"product_tag":[],"class_list":{"0":"post-31564","1":"product","2":"type-product","3":"status-publish","4":"has-post-thumbnail","6":"product_brand-chat","7":"product_cat-lounge-stole","8":"pa_covers-rensning-betraek-med-symbolet-p-kan-renses-ekstra-betraek-kan-koebes-hvis-du-oensker-en-ny-farve-eller-et-nyt-stof","10":"first","11":"instock","12":"shipping-taxable","13":"purchasable","14":"product-type-variable"},"acf":[],"_links":{"self":[{"href":"https:\/\/softlinefurniture.com\/da\/wp-json\/wp\/v2\/product\/31564","targetHints":{"allow":["GET"]}}],"collection":[{"href":"https:\/\/softlinefurniture.com\/da\/wp-json\/wp\/v2\/product"}],"about":[{"href":"https:\/\/softlinefurniture.com\/da\/wp-json\/wp\/v2\/types\/product"}],"replies":[{"embeddable":true,"href":"https:\/\/softlinefurniture.com\/da\/wp-json\/wp\/v2\/comments?post=31564"}],"version-history":[{"count":0,"href":"https:\/\/softlinefurniture.com\/da\/wp-json\/wp\/v2\/product\/31564\/revisions"}],"wp:featuredmedia":[{"embeddable":true,"href":"https:\/\/softlinefurniture.com\/da\/wp-json\/wp\/v2\/media\/84774"}],"wp:attachment":[{"href":"https:\/\/softlinefurniture.com\/da\/wp-json\/wp\/v2\/media?parent=31564"}],"wp:term":[{"taxonomy":"product_brand","embeddable":true,"href":"https:\/\/softlinefurniture.com\/da\/wp-json\/wp\/v2\/product_brand?post=31564"},{"taxonomy":"product_cat","embeddable":true,"href":"https:\/\/softlinefurniture.com\/da\/wp-json\/wp\/v2\/product_cat?post=31564"},{"taxonomy":"product_tag","embeddable":true,"href":"https:\/\/softlinefurniture.com\/da\/wp-json\/wp\/v2\/product_tag?post=31564"}],"curies":[{"name":"wp","href":"https:\/\/api.w.org\/{rel}","templated":true}]}}