{"id":31583,"date":"2020-06-11T05:05:08","date_gmt":"2020-06-11T03:05:08","guid":{"rendered":"https:\/\/softlinefurniture.com\/product\/bon-bon-puf\/"},"modified":"2026-03-23T22:04:56","modified_gmt":"2026-03-23T21:04:56","slug":"bon-bon-puf","status":"publish","type":"product","link":"https:\/\/softlinefurniture.com\/da\/produkt\/bon-bon-puf\/","title":{"rendered":"BON-BON Puf"},"content":{"rendered":"<p><strong>Detaljen t\u00e6ller<\/strong><br \/>\nBON-BON er et frisk pust i en verden af klassiske m\u00f8bler. Denne multifunktionelle puf f\u00e5s i flere st\u00f8rrelser og en lang r\u00e6kke forskellige materialer og farver. Miks dem for et moderne og personligt look, og skab en sp\u00e6ndende og funktionel indretning.<\/p>\n","protected":false},"excerpt":{"rendered":"<p>Detaljen t\u00e6ller BON-BON er et frisk pust i en verden af klassiske m\u00f8bler. Denne multifunktionelle puf f\u00e5s i flere st\u00f8rrelser og en lang r\u00e6kke forskellige materialer og farver. Miks dem for et moderne og personligt look, og skab en sp\u00e6ndende og funktionel indretning.<\/p>\n","protected":false},"featured_media":42311,"comment_status":"closed","ping_status":"closed","template":"","meta":{"_acf_changed":false},"product_brand":[48321],"product_cat":[6213,244],"product_tag":[],"class_list":{"0":"post-31583","1":"product","2":"type-product","3":"status-publish","4":"has-post-thumbnail","6":"product_brand-bon-bon","7":"product_cat-kollektioner","8":"product_cat-puffer-skamler","9":"pa_covers-rensning-betraek-med-symbolet-p-kan-renses-ekstra-betraek-kan-koebes-hvis-du-oensker-en-ny-farve-eller-et-nyt-stof","11":"first","12":"instock","13":"shipping-taxable","14":"purchasable","15":"product-type-variable"},"acf":[],"_links":{"self":[{"href":"https:\/\/softlinefurniture.com\/da\/wp-json\/wp\/v2\/product\/31583","targetHints":{"allow":["GET"]}}],"collection":[{"href":"https:\/\/softlinefurniture.com\/da\/wp-json\/wp\/v2\/product"}],"about":[{"href":"https:\/\/softlinefurniture.com\/da\/wp-json\/wp\/v2\/types\/product"}],"replies":[{"embeddable":true,"href":"https:\/\/softlinefurniture.com\/da\/wp-json\/wp\/v2\/comments?post=31583"}],"version-history":[{"count":0,"href":"https:\/\/softlinefurniture.com\/da\/wp-json\/wp\/v2\/product\/31583\/revisions"}],"wp:featuredmedia":[{"embeddable":true,"href":"https:\/\/softlinefurniture.com\/da\/wp-json\/wp\/v2\/media\/42311"}],"wp:attachment":[{"href":"https:\/\/softlinefurniture.com\/da\/wp-json\/wp\/v2\/media?parent=31583"}],"wp:term":[{"taxonomy":"product_brand","embeddable":true,"href":"https:\/\/softlinefurniture.com\/da\/wp-json\/wp\/v2\/product_brand?post=31583"},{"taxonomy":"product_cat","embeddable":true,"href":"https:\/\/softlinefurniture.com\/da\/wp-json\/wp\/v2\/product_cat?post=31583"},{"taxonomy":"product_tag","embeddable":true,"href":"https:\/\/softlinefurniture.com\/da\/wp-json\/wp\/v2\/product_tag?post=31583"}],"curies":[{"name":"wp","href":"https:\/\/api.w.org\/{rel}","templated":true}]}}