{"id":31590,"date":"2020-06-04T20:17:48","date_gmt":"2020-06-04T18:17:48","guid":{"rendered":"https:\/\/softlinefurniture.com\/product\/circoe-bord\/"},"modified":"2026-03-23T22:16:55","modified_gmt":"2026-03-23T21:16:55","slug":"circoe-bord","status":"publish","type":"product","link":"https:\/\/softlinefurniture.com\/da\/produkt\/circoe-bord\/","title":{"rendered":"CIRCOE Bord"},"content":{"rendered":"<p><strong>Cirkul\u00e6rt design<\/strong><\/p>\n<p>CIRCOE bordet kan bruges overalt, hvor du mangler et bord til at stille dine ting eller har brug for et dekorativt element i din indretning. Bordet er fuldst\u00e6ndig cirkul\u00e6rt i alle dele, og det konsistente design skaber et sammenh\u00e6ngende og harmonisk look. Alle dele p\u00e5 CIRCOE bordet er drejet i tr\u00e6 og designet til at passe sammen \u00e9n for \u00e9n.<\/p>\n","protected":false},"excerpt":{"rendered":"<p>Cirkul\u00e6rt design CIRCOE bordet kan bruges overalt, hvor du mangler et bord til at stille dine ting eller har brug for et dekorativt element i din indretning. Bordet er fuldst\u00e6ndig cirkul\u00e6rt i alle dele, og det konsistente design skaber et sammenh\u00e6ngende og harmonisk look. Alle dele p\u00e5 CIRCOE bordet er drejet i tr\u00e6 og designet [&hellip;]<\/p>\n","protected":false},"featured_media":43795,"comment_status":"closed","ping_status":"closed","template":"","meta":{"_acf_changed":false},"product_brand":[48365],"product_cat":[6214,6213],"product_tag":[],"class_list":{"0":"post-31590","1":"product","2":"type-product","3":"status-publish","4":"has-post-thumbnail","6":"product_brand-circoe","7":"product_cat-borde","8":"product_cat-kollektioner","10":"first","11":"instock","12":"shipping-taxable","13":"purchasable","14":"product-type-variable"},"acf":[],"_links":{"self":[{"href":"https:\/\/softlinefurniture.com\/da\/wp-json\/wp\/v2\/product\/31590","targetHints":{"allow":["GET"]}}],"collection":[{"href":"https:\/\/softlinefurniture.com\/da\/wp-json\/wp\/v2\/product"}],"about":[{"href":"https:\/\/softlinefurniture.com\/da\/wp-json\/wp\/v2\/types\/product"}],"replies":[{"embeddable":true,"href":"https:\/\/softlinefurniture.com\/da\/wp-json\/wp\/v2\/comments?post=31590"}],"version-history":[{"count":0,"href":"https:\/\/softlinefurniture.com\/da\/wp-json\/wp\/v2\/product\/31590\/revisions"}],"wp:featuredmedia":[{"embeddable":true,"href":"https:\/\/softlinefurniture.com\/da\/wp-json\/wp\/v2\/media\/43795"}],"wp:attachment":[{"href":"https:\/\/softlinefurniture.com\/da\/wp-json\/wp\/v2\/media?parent=31590"}],"wp:term":[{"taxonomy":"product_brand","embeddable":true,"href":"https:\/\/softlinefurniture.com\/da\/wp-json\/wp\/v2\/product_brand?post=31590"},{"taxonomy":"product_cat","embeddable":true,"href":"https:\/\/softlinefurniture.com\/da\/wp-json\/wp\/v2\/product_cat?post=31590"},{"taxonomy":"product_tag","embeddable":true,"href":"https:\/\/softlinefurniture.com\/da\/wp-json\/wp\/v2\/product_tag?post=31590"}],"curies":[{"name":"wp","href":"https:\/\/api.w.org\/{rel}","templated":true}]}}