{"id":31615,"date":"2020-05-13T16:26:00","date_gmt":"2020-05-13T14:26:00","guid":{"rendered":"https:\/\/softlinefurniture.com\/product\/clay-sofa\/"},"modified":"2026-03-23T22:18:10","modified_gmt":"2026-03-23T21:18:10","slug":"clay-sofa","status":"publish","type":"product","link":"https:\/\/softlinefurniture.com\/da\/produkt\/clay-sofa\/","title":{"rendered":"CLAY Sofa"},"content":{"rendered":"<p><strong>Bl\u00f8de former<\/strong><br \/>\nCLAY er en serie af siddem\u00f8bler i en st\u00e6rk, skulpturel stil, der skaber et nyt og moderne udtryk i b\u00e5de private hjem og offentlige rum. De organiske former og den kontinuerlige s\u00f8m rundt i kanten af stolen skaber et flot og minimalistisk look. Med den bl\u00f8de og behagelige polstring er CLAY det perfekte sted at sl\u00e5 sig ned, n\u00e5r der skal hygges.<\/p>\n<p>Vinder af Good Design Award 2019<\/p>\n","protected":false},"excerpt":{"rendered":"<p>Bl\u00f8de former CLAY er en serie af siddem\u00f8bler i en st\u00e6rk, skulpturel stil, der skaber et nyt og moderne udtryk i b\u00e5de private hjem og offentlige rum. De organiske former og den kontinuerlige s\u00f8m rundt i kanten af stolen skaber et flot og minimalistisk look. Med den bl\u00f8de og behagelige polstring er CLAY det perfekte [&hellip;]<\/p>\n","protected":false},"featured_media":42386,"comment_status":"closed","ping_status":"closed","template":"","meta":{"_acf_changed":false},"product_brand":[48254],"product_cat":[248],"product_tag":[34674],"class_list":{"0":"post-31615","1":"product","2":"type-product","3":"status-publish","4":"has-post-thumbnail","6":"product_brand-clay","7":"product_cat-sofaer","8":"product_tag-sofa-da","9":"pa_covers-aftageligt-betraek","11":"first","12":"instock","13":"shipping-taxable","14":"purchasable","15":"product-type-variable"},"acf":[],"_links":{"self":[{"href":"https:\/\/softlinefurniture.com\/da\/wp-json\/wp\/v2\/product\/31615","targetHints":{"allow":["GET"]}}],"collection":[{"href":"https:\/\/softlinefurniture.com\/da\/wp-json\/wp\/v2\/product"}],"about":[{"href":"https:\/\/softlinefurniture.com\/da\/wp-json\/wp\/v2\/types\/product"}],"replies":[{"embeddable":true,"href":"https:\/\/softlinefurniture.com\/da\/wp-json\/wp\/v2\/comments?post=31615"}],"version-history":[{"count":0,"href":"https:\/\/softlinefurniture.com\/da\/wp-json\/wp\/v2\/product\/31615\/revisions"}],"wp:featuredmedia":[{"embeddable":true,"href":"https:\/\/softlinefurniture.com\/da\/wp-json\/wp\/v2\/media\/42386"}],"wp:attachment":[{"href":"https:\/\/softlinefurniture.com\/da\/wp-json\/wp\/v2\/media?parent=31615"}],"wp:term":[{"taxonomy":"product_brand","embeddable":true,"href":"https:\/\/softlinefurniture.com\/da\/wp-json\/wp\/v2\/product_brand?post=31615"},{"taxonomy":"product_cat","embeddable":true,"href":"https:\/\/softlinefurniture.com\/da\/wp-json\/wp\/v2\/product_cat?post=31615"},{"taxonomy":"product_tag","embeddable":true,"href":"https:\/\/softlinefurniture.com\/da\/wp-json\/wp\/v2\/product_tag?post=31615"}],"curies":[{"name":"wp","href":"https:\/\/api.w.org\/{rel}","templated":true}]}}