{"id":31665,"date":"2020-05-24T10:13:04","date_gmt":"2020-05-24T08:13:04","guid":{"rendered":"https:\/\/softlinefurniture.com\/product\/coral-puf\/"},"modified":"2026-03-23T22:20:57","modified_gmt":"2026-03-23T21:20:57","slug":"coral-puf","status":"publish","type":"product","link":"https:\/\/softlinefurniture.com\/da\/produkt\/coral-puf\/","title":{"rendered":"CORAL Puf"},"content":{"rendered":"<p><strong>Unik og karismatisk<\/strong><br \/>\nPuffen CORAL er inspireret af en af naturens mest underfundige og smukke organismer. Det tofarvede betr\u00e6k og s\u00e6dets diagonale linjer skaber et unikt og karismatisk look. Et multifunktionelt m\u00f8bel af den fineste slags. Lad fantasien f\u00e5 frit l\u00f8b, og kombin\u00e9r farver og materialer, s\u00e5 de matcher dit interi\u00f8r perfekt.<\/p>\n","protected":false},"excerpt":{"rendered":"<p>Unik og karismatisk Puffen CORAL er inspireret af en af naturens mest underfundige og smukke organismer. Det tofarvede betr\u00e6k og s\u00e6dets diagonale linjer skaber et unikt og karismatisk look. Et multifunktionelt m\u00f8bel af den fineste slags. Lad fantasien f\u00e5 frit l\u00f8b, og kombin\u00e9r farver og materialer, s\u00e5 de matcher dit interi\u00f8r perfekt.<\/p>\n","protected":false},"featured_media":89938,"comment_status":"closed","ping_status":"closed","template":"","meta":{"_acf_changed":false},"product_brand":[48389],"product_cat":[6213,244],"product_tag":[],"class_list":{"0":"post-31665","1":"product","2":"type-product","3":"status-publish","4":"has-post-thumbnail","6":"product_brand-coral","7":"product_cat-kollektioner","8":"product_cat-puffer-skamler","9":"pa_covers-rensning-betraek-med-symbolet-p-kan-renses-ekstra-betraek-kan-koebes-hvis-du-oensker-en-ny-farve-eller-et-nyt-stof","11":"first","12":"instock","13":"shipping-taxable","14":"purchasable","15":"product-type-variable"},"acf":[],"_links":{"self":[{"href":"https:\/\/softlinefurniture.com\/da\/wp-json\/wp\/v2\/product\/31665","targetHints":{"allow":["GET"]}}],"collection":[{"href":"https:\/\/softlinefurniture.com\/da\/wp-json\/wp\/v2\/product"}],"about":[{"href":"https:\/\/softlinefurniture.com\/da\/wp-json\/wp\/v2\/types\/product"}],"replies":[{"embeddable":true,"href":"https:\/\/softlinefurniture.com\/da\/wp-json\/wp\/v2\/comments?post=31665"}],"version-history":[{"count":0,"href":"https:\/\/softlinefurniture.com\/da\/wp-json\/wp\/v2\/product\/31665\/revisions"}],"wp:featuredmedia":[{"embeddable":true,"href":"https:\/\/softlinefurniture.com\/da\/wp-json\/wp\/v2\/media\/89938"}],"wp:attachment":[{"href":"https:\/\/softlinefurniture.com\/da\/wp-json\/wp\/v2\/media?parent=31665"}],"wp:term":[{"taxonomy":"product_brand","embeddable":true,"href":"https:\/\/softlinefurniture.com\/da\/wp-json\/wp\/v2\/product_brand?post=31665"},{"taxonomy":"product_cat","embeddable":true,"href":"https:\/\/softlinefurniture.com\/da\/wp-json\/wp\/v2\/product_cat?post=31665"},{"taxonomy":"product_tag","embeddable":true,"href":"https:\/\/softlinefurniture.com\/da\/wp-json\/wp\/v2\/product_tag?post=31665"}],"curies":[{"name":"wp","href":"https:\/\/api.w.org\/{rel}","templated":true}]}}