{"id":31696,"date":"2020-06-03T11:30:13","date_gmt":"2020-06-03T09:30:13","guid":{"rendered":"https:\/\/softlinefurniture.com\/product\/cut-puf\/"},"modified":"2026-03-23T22:21:55","modified_gmt":"2026-03-23T21:21:55","slug":"cut-puf","status":"publish","type":"product","link":"https:\/\/softlinefurniture.com\/da\/produkt\/cut-puf\/","title":{"rendered":"CUT Puf"},"content":{"rendered":"<p><strong>Rundt og rundt<\/strong><\/p>\n<p>Med sin runde form og asymmetriske placering af syningerne er CUT en unik designet puf, som fungerer perfekt som et enkeltst\u00e5ende og praktisk siddem\u00f8bel eller som en del af et st\u00f8rre m\u00f8blement. Den runde form g\u00f8r den nem at placere b\u00e5de midt i rummet, i hj\u00f8rner eller op ad en v\u00e6g. De dekorative syninger er resultatet af en kreativ tilgang til at l\u00f8se et praktisk problem, nemlig at f\u00e5 betr\u00e6kket til at sidde perfekt p\u00e5 en rund form.<\/p>\n","protected":false},"excerpt":{"rendered":"<p>Rundt og rundt Med sin runde form og asymmetriske placering af syningerne er CUT en unik designet puf, som fungerer perfekt som et enkeltst\u00e5ende og praktisk siddem\u00f8bel eller som en del af et st\u00f8rre m\u00f8blement. Den runde form g\u00f8r den nem at placere b\u00e5de midt i rummet, i hj\u00f8rner eller op ad en v\u00e6g. De [&hellip;]<\/p>\n","protected":false},"featured_media":81162,"comment_status":"closed","ping_status":"closed","template":"","meta":{"_acf_changed":false},"product_brand":[48397],"product_cat":[6213,244],"product_tag":[],"class_list":{"0":"post-31696","1":"product","2":"type-product","3":"status-publish","4":"has-post-thumbnail","6":"product_brand-cut","7":"product_cat-kollektioner","8":"product_cat-puffer-skamler","9":"pa_covers-rensning-betraek-med-symbolet-p-kan-renses-ekstra-betraek-kan-koebes-hvis-du-oensker-en-ny-farve-eller-et-nyt-stof","11":"first","12":"instock","13":"shipping-taxable","14":"purchasable","15":"product-type-variable"},"acf":[],"_links":{"self":[{"href":"https:\/\/softlinefurniture.com\/da\/wp-json\/wp\/v2\/product\/31696","targetHints":{"allow":["GET"]}}],"collection":[{"href":"https:\/\/softlinefurniture.com\/da\/wp-json\/wp\/v2\/product"}],"about":[{"href":"https:\/\/softlinefurniture.com\/da\/wp-json\/wp\/v2\/types\/product"}],"replies":[{"embeddable":true,"href":"https:\/\/softlinefurniture.com\/da\/wp-json\/wp\/v2\/comments?post=31696"}],"version-history":[{"count":0,"href":"https:\/\/softlinefurniture.com\/da\/wp-json\/wp\/v2\/product\/31696\/revisions"}],"wp:featuredmedia":[{"embeddable":true,"href":"https:\/\/softlinefurniture.com\/da\/wp-json\/wp\/v2\/media\/81162"}],"wp:attachment":[{"href":"https:\/\/softlinefurniture.com\/da\/wp-json\/wp\/v2\/media?parent=31696"}],"wp:term":[{"taxonomy":"product_brand","embeddable":true,"href":"https:\/\/softlinefurniture.com\/da\/wp-json\/wp\/v2\/product_brand?post=31696"},{"taxonomy":"product_cat","embeddable":true,"href":"https:\/\/softlinefurniture.com\/da\/wp-json\/wp\/v2\/product_cat?post=31696"},{"taxonomy":"product_tag","embeddable":true,"href":"https:\/\/softlinefurniture.com\/da\/wp-json\/wp\/v2\/product_tag?post=31696"}],"curies":[{"name":"wp","href":"https:\/\/api.w.org\/{rel}","templated":true}]}}