{"id":31741,"date":"2020-06-08T18:38:25","date_gmt":"2020-06-08T16:38:25","guid":{"rendered":"https:\/\/softlinefurniture.com\/product\/easy-puf-relaxstol\/"},"modified":"2026-03-23T22:23:28","modified_gmt":"2026-03-23T21:23:28","slug":"easy-relax-stol-puf","status":"publish","type":"product","link":"https:\/\/softlinefurniture.com\/da\/produkt\/easy-relax-stol-puf\/","title":{"rendered":"EASY Relax Stol\/Puf"},"content":{"rendered":"<p><strong>Afslapning i elegant komfort<\/strong><br \/>\nEASYs bl\u00f8de linjer indbyder til afslapning i elegant komfort. Brug EASY som loungem\u00f8bel, puf, bakkebord, siddeplads og meget mere. Foldet eller \u00e5ben, flere ovenp\u00e5 hinanden eller for sig selv? V\u00e6r kreativ, og opdag de mange m\u00e5der EASY kan bruges p\u00e5. F\u00e5s i materialer til udend\u00f8rs og indend\u00f8rs brug.<\/p>\n","protected":false},"excerpt":{"rendered":"<p>Afslapning i elegant komfort EASYs bl\u00f8de linjer indbyder til afslapning i elegant komfort. Brug EASY som loungem\u00f8bel, puf, bakkebord, siddeplads og meget mere. Foldet eller \u00e5ben, flere ovenp\u00e5 hinanden eller for sig selv? V\u00e6r kreativ, og opdag de mange m\u00e5der EASY kan bruges p\u00e5. F\u00e5s i materialer til udend\u00f8rs og indend\u00f8rs brug.<\/p>\n","protected":false},"featured_media":42446,"comment_status":"closed","ping_status":"closed","template":"","meta":{"_acf_changed":false},"product_brand":[48409],"product_cat":[6213,246,244,245,6211],"product_tag":[],"class_list":{"0":"post-31741","1":"product","2":"type-product","3":"status-publish","4":"has-post-thumbnail","6":"product_brand-easy","7":"product_cat-kollektioner","8":"product_cat-lounge-stole","9":"product_cat-puffer-skamler","10":"product_cat-stole","11":"product_cat-udendoersmoebler","12":"pa_covers-rensning-betraek-med-symbolet-p-kan-renses-ekstra-betraek-kan-koebes-hvis-du-oensker-en-ny-farve-eller-et-nyt-stof","14":"first","15":"instock","16":"shipping-taxable","17":"purchasable","18":"product-type-variable"},"acf":[],"_links":{"self":[{"href":"https:\/\/softlinefurniture.com\/da\/wp-json\/wp\/v2\/product\/31741","targetHints":{"allow":["GET"]}}],"collection":[{"href":"https:\/\/softlinefurniture.com\/da\/wp-json\/wp\/v2\/product"}],"about":[{"href":"https:\/\/softlinefurniture.com\/da\/wp-json\/wp\/v2\/types\/product"}],"replies":[{"embeddable":true,"href":"https:\/\/softlinefurniture.com\/da\/wp-json\/wp\/v2\/comments?post=31741"}],"version-history":[{"count":0,"href":"https:\/\/softlinefurniture.com\/da\/wp-json\/wp\/v2\/product\/31741\/revisions"}],"wp:featuredmedia":[{"embeddable":true,"href":"https:\/\/softlinefurniture.com\/da\/wp-json\/wp\/v2\/media\/42446"}],"wp:attachment":[{"href":"https:\/\/softlinefurniture.com\/da\/wp-json\/wp\/v2\/media?parent=31741"}],"wp:term":[{"taxonomy":"product_brand","embeddable":true,"href":"https:\/\/softlinefurniture.com\/da\/wp-json\/wp\/v2\/product_brand?post=31741"},{"taxonomy":"product_cat","embeddable":true,"href":"https:\/\/softlinefurniture.com\/da\/wp-json\/wp\/v2\/product_cat?post=31741"},{"taxonomy":"product_tag","embeddable":true,"href":"https:\/\/softlinefurniture.com\/da\/wp-json\/wp\/v2\/product_tag?post=31741"}],"curies":[{"name":"wp","href":"https:\/\/api.w.org\/{rel}","templated":true}]}}