{"id":31743,"date":"2020-06-08T01:29:01","date_gmt":"2020-06-07T23:29:01","guid":{"rendered":"https:\/\/softlinefurniture.com\/product\/eden-stol\/"},"modified":"2026-03-23T22:23:49","modified_gmt":"2026-03-23T21:23:49","slug":"eden-stol","status":"publish","type":"product","link":"https:\/\/softlinefurniture.com\/da\/produkt\/eden-stol\/","title":{"rendered":"EDEN Stol"},"content":{"rendered":"<p><strong>En leg med kontraster<\/strong><br \/>\nHar du lagt m\u00e6rke til stikninger inspireret af sportsbiler p\u00e5 EDEN-stolen? I kombination med en klassisk og stilfuld ramme i tr\u00e6 giver det EDEN et nyt og forfriskende udtryk. Stolen er rummelig med bl\u00f8dt og behageligt s\u00e6de og ryg, der giver mulighed for at indtage mange forskellige siddestillinger. Designet bygger bro mellem forskellige elementer som fx det bl\u00f8de og det maskuline, nyt\u00e6nkning og tradition. Perfekt til b\u00e5de det privat og det offentligt rum.<\/p>\n<p>Vinder af Good Design Award 2014<\/p>\n","protected":false},"excerpt":{"rendered":"<p>En leg med kontraster Har du lagt m\u00e6rke til stikninger inspireret af sportsbiler p\u00e5 EDEN-stolen? I kombination med en klassisk og stilfuld ramme i tr\u00e6 giver det EDEN et nyt og forfriskende udtryk. Stolen er rummelig med bl\u00f8dt og behageligt s\u00e6de og ryg, der giver mulighed for at indtage mange forskellige siddestillinger. Designet bygger bro [&hellip;]<\/p>\n","protected":false},"featured_media":97138,"comment_status":"closed","ping_status":"closed","template":"","meta":{"_acf_changed":false},"product_brand":[48413],"product_cat":[6213,246],"product_tag":[],"class_list":{"0":"post-31743","1":"product","2":"type-product","3":"status-publish","4":"has-post-thumbnail","6":"product_brand-eden","7":"product_cat-kollektioner","8":"product_cat-lounge-stole","10":"first","11":"instock","12":"shipping-taxable","13":"purchasable","14":"product-type-variable"},"acf":[],"_links":{"self":[{"href":"https:\/\/softlinefurniture.com\/da\/wp-json\/wp\/v2\/product\/31743","targetHints":{"allow":["GET"]}}],"collection":[{"href":"https:\/\/softlinefurniture.com\/da\/wp-json\/wp\/v2\/product"}],"about":[{"href":"https:\/\/softlinefurniture.com\/da\/wp-json\/wp\/v2\/types\/product"}],"replies":[{"embeddable":true,"href":"https:\/\/softlinefurniture.com\/da\/wp-json\/wp\/v2\/comments?post=31743"}],"version-history":[{"count":0,"href":"https:\/\/softlinefurniture.com\/da\/wp-json\/wp\/v2\/product\/31743\/revisions"}],"wp:featuredmedia":[{"embeddable":true,"href":"https:\/\/softlinefurniture.com\/da\/wp-json\/wp\/v2\/media\/97138"}],"wp:attachment":[{"href":"https:\/\/softlinefurniture.com\/da\/wp-json\/wp\/v2\/media?parent=31743"}],"wp:term":[{"taxonomy":"product_brand","embeddable":true,"href":"https:\/\/softlinefurniture.com\/da\/wp-json\/wp\/v2\/product_brand?post=31743"},{"taxonomy":"product_cat","embeddable":true,"href":"https:\/\/softlinefurniture.com\/da\/wp-json\/wp\/v2\/product_cat?post=31743"},{"taxonomy":"product_tag","embeddable":true,"href":"https:\/\/softlinefurniture.com\/da\/wp-json\/wp\/v2\/product_tag?post=31743"}],"curies":[{"name":"wp","href":"https:\/\/api.w.org\/{rel}","templated":true}]}}