{"id":31755,"date":"2020-06-12T02:19:58","date_gmt":"2020-06-12T00:19:58","guid":{"rendered":"https:\/\/softlinefurniture.com\/product\/evy-stol\/"},"modified":"2026-03-23T22:25:42","modified_gmt":"2026-03-23T21:25:42","slug":"evy-lounge-stol","status":"publish","type":"product","link":"https:\/\/softlinefurniture.com\/da\/produkt\/evy-lounge-stol\/","title":{"rendered":"EVY Loungestol"},"content":{"rendered":"<p><strong>Maksimal minimalisme<\/strong><\/p>\n<p>Komfort og elegance g\u00e5r op i en h\u00f8jere enhed med loungestolen EVY designet af busk+hertzog. De lette linjer og et minimalt materialeforbrug skaber det elegante og moderne udtryk, som busk+hertzog er kendt for. Denne loungestol udfordrer vores opfattelse af dimensioner og lader den store, komfortable ryg st\u00e5 i smuk kontrast til det underspillede s\u00e6de og det lette, sp\u00e6ndstige stel.<\/p>\n<p>Vinder af Good Design Award 2020<\/p>\n","protected":false},"excerpt":{"rendered":"<p>Maksimal minimalisme Komfort og elegance g\u00e5r op i en h\u00f8jere enhed med loungestolen EVY designet af busk+hertzog. De lette linjer og et minimalt materialeforbrug skaber det elegante og moderne udtryk, som busk+hertzog er kendt for. Denne loungestol udfordrer vores opfattelse af dimensioner og lader den store, komfortable ryg st\u00e5 i smuk kontrast til det underspillede [&hellip;]<\/p>\n","protected":false},"featured_media":44197,"comment_status":"closed","ping_status":"closed","template":"","meta":{"_acf_changed":false},"product_brand":[48425],"product_cat":[6213,246],"product_tag":[],"class_list":{"0":"post-31755","1":"product","2":"type-product","3":"status-publish","4":"has-post-thumbnail","6":"product_brand-evy","7":"product_cat-kollektioner","8":"product_cat-lounge-stole","9":"pa_covers-rensning-betraek-med-symbolet-p-kan-renses-ekstra-betraek-kan-koebes-hvis-du-oensker-en-ny-farve-eller-et-nyt-stof","11":"first","12":"instock","13":"shipping-taxable","14":"purchasable","15":"product-type-variable"},"acf":[],"_links":{"self":[{"href":"https:\/\/softlinefurniture.com\/da\/wp-json\/wp\/v2\/product\/31755","targetHints":{"allow":["GET"]}}],"collection":[{"href":"https:\/\/softlinefurniture.com\/da\/wp-json\/wp\/v2\/product"}],"about":[{"href":"https:\/\/softlinefurniture.com\/da\/wp-json\/wp\/v2\/types\/product"}],"replies":[{"embeddable":true,"href":"https:\/\/softlinefurniture.com\/da\/wp-json\/wp\/v2\/comments?post=31755"}],"version-history":[{"count":0,"href":"https:\/\/softlinefurniture.com\/da\/wp-json\/wp\/v2\/product\/31755\/revisions"}],"wp:featuredmedia":[{"embeddable":true,"href":"https:\/\/softlinefurniture.com\/da\/wp-json\/wp\/v2\/media\/44197"}],"wp:attachment":[{"href":"https:\/\/softlinefurniture.com\/da\/wp-json\/wp\/v2\/media?parent=31755"}],"wp:term":[{"taxonomy":"product_brand","embeddable":true,"href":"https:\/\/softlinefurniture.com\/da\/wp-json\/wp\/v2\/product_brand?post=31755"},{"taxonomy":"product_cat","embeddable":true,"href":"https:\/\/softlinefurniture.com\/da\/wp-json\/wp\/v2\/product_cat?post=31755"},{"taxonomy":"product_tag","embeddable":true,"href":"https:\/\/softlinefurniture.com\/da\/wp-json\/wp\/v2\/product_tag?post=31755"}],"curies":[{"name":"wp","href":"https:\/\/api.w.org\/{rel}","templated":true}]}}