{"id":31768,"date":"2020-06-12T05:58:45","date_gmt":"2020-06-12T03:58:45","guid":{"rendered":"https:\/\/softlinefurniture.com\/product\/fluid-sofa-bean-bag\/"},"modified":"2026-03-23T22:26:01","modified_gmt":"2026-03-23T21:26:01","slug":"fluid-sofa-saekkestol","status":"publish","type":"product","link":"https:\/\/softlinefurniture.com\/da\/produkt\/fluid-sofa-saekkestol\/","title":{"rendered":"FLUID Sofa"},"content":{"rendered":"<p><strong>En invitation til afslapning<\/strong><br \/>\nFLUID er en afslappende og komfortabel sofa og stol baseret p\u00e5 samme princip som en s\u00e6kkestol. Den tilpasser sig personen, der sidder i den og er helt utrolig afslappende. Let, hyggelig og f\u00e5s i materialer til udend\u00f8rs og indend\u00f8rs brug.<\/p>\n","protected":false},"excerpt":{"rendered":"<p>En invitation til afslapning FLUID er en afslappende og komfortabel sofa og stol baseret p\u00e5 samme princip som en s\u00e6kkestol. Den tilpasser sig personen, der sidder i den og er helt utrolig afslappende. Let, hyggelig og f\u00e5s i materialer til udend\u00f8rs og indend\u00f8rs brug.<\/p>\n","protected":false},"featured_media":42486,"comment_status":"closed","ping_status":"closed","template":"","meta":{"_acf_changed":false},"product_brand":[48429],"product_cat":[6210,6208,248,6211],"product_tag":[34674],"class_list":{"0":"post-31768","1":"product","2":"type-product","3":"status-publish","4":"has-post-thumbnail","6":"product_brand-fluid","7":"product_cat-boernemoebler","8":"product_cat-saekkestole","9":"product_cat-sofaer","10":"product_cat-udendoersmoebler","11":"product_tag-sofa-da","12":"pa_covers-rensning-betraek-med-symbolet-p-kan-renses-ekstra-betraek-kan-koebes-hvis-du-oensker-en-ny-farve-eller-et-nyt-stof","14":"first","15":"instock","16":"shipping-taxable","17":"purchasable","18":"product-type-variable"},"acf":[],"_links":{"self":[{"href":"https:\/\/softlinefurniture.com\/da\/wp-json\/wp\/v2\/product\/31768","targetHints":{"allow":["GET"]}}],"collection":[{"href":"https:\/\/softlinefurniture.com\/da\/wp-json\/wp\/v2\/product"}],"about":[{"href":"https:\/\/softlinefurniture.com\/da\/wp-json\/wp\/v2\/types\/product"}],"replies":[{"embeddable":true,"href":"https:\/\/softlinefurniture.com\/da\/wp-json\/wp\/v2\/comments?post=31768"}],"version-history":[{"count":0,"href":"https:\/\/softlinefurniture.com\/da\/wp-json\/wp\/v2\/product\/31768\/revisions"}],"wp:featuredmedia":[{"embeddable":true,"href":"https:\/\/softlinefurniture.com\/da\/wp-json\/wp\/v2\/media\/42486"}],"wp:attachment":[{"href":"https:\/\/softlinefurniture.com\/da\/wp-json\/wp\/v2\/media?parent=31768"}],"wp:term":[{"taxonomy":"product_brand","embeddable":true,"href":"https:\/\/softlinefurniture.com\/da\/wp-json\/wp\/v2\/product_brand?post=31768"},{"taxonomy":"product_cat","embeddable":true,"href":"https:\/\/softlinefurniture.com\/da\/wp-json\/wp\/v2\/product_cat?post=31768"},{"taxonomy":"product_tag","embeddable":true,"href":"https:\/\/softlinefurniture.com\/da\/wp-json\/wp\/v2\/product_tag?post=31768"}],"curies":[{"name":"wp","href":"https:\/\/api.w.org\/{rel}","templated":true}]}}