{"id":31776,"date":"2020-06-11T04:05:20","date_gmt":"2020-06-11T02:05:20","guid":{"rendered":"https:\/\/softlinefurniture.com\/product\/folia-bord\/"},"modified":"2026-03-23T22:27:01","modified_gmt":"2026-03-23T21:27:01","slug":"folia-bord","status":"publish","type":"product","link":"https:\/\/softlinefurniture.com\/da\/produkt\/folia-bord\/","title":{"rendered":"FOLIA Bord"},"content":{"rendered":"<p><strong>F\u00e5 naturen indenfor<\/strong><br \/>\nMed sin tynde ramme og tredelte top er dette bord inspireret af kl\u00f8verens lette form. Bordet leveres i to h\u00f8jder og kan bruges separat, men ser endnu bedre ud, hvis de sammens\u00e6ttes som en klynge eller overlappende par. Designet er let og luftigt med klare paralleller til naturen.<\/p>\n","protected":false},"excerpt":{"rendered":"<p>F\u00e5 naturen indenfor Med sin tynde ramme og tredelte top er dette bord inspireret af kl\u00f8verens lette form. Bordet leveres i to h\u00f8jder og kan bruges separat, men ser endnu bedre ud, hvis de sammens\u00e6ttes som en klynge eller overlappende par. Designet er let og luftigt med klare paralleller til naturen.<\/p>\n","protected":false},"featured_media":42501,"comment_status":"closed","ping_status":"closed","template":"","meta":{"_acf_changed":false},"product_brand":[48437],"product_cat":[6214,6213],"product_tag":[],"class_list":{"0":"post-31776","1":"product","2":"type-product","3":"status-publish","4":"has-post-thumbnail","6":"product_brand-folia","7":"product_cat-borde","8":"product_cat-kollektioner","10":"first","11":"instock","12":"shipping-taxable","13":"purchasable","14":"product-type-variable"},"acf":[],"_links":{"self":[{"href":"https:\/\/softlinefurniture.com\/da\/wp-json\/wp\/v2\/product\/31776","targetHints":{"allow":["GET"]}}],"collection":[{"href":"https:\/\/softlinefurniture.com\/da\/wp-json\/wp\/v2\/product"}],"about":[{"href":"https:\/\/softlinefurniture.com\/da\/wp-json\/wp\/v2\/types\/product"}],"replies":[{"embeddable":true,"href":"https:\/\/softlinefurniture.com\/da\/wp-json\/wp\/v2\/comments?post=31776"}],"version-history":[{"count":0,"href":"https:\/\/softlinefurniture.com\/da\/wp-json\/wp\/v2\/product\/31776\/revisions"}],"wp:featuredmedia":[{"embeddable":true,"href":"https:\/\/softlinefurniture.com\/da\/wp-json\/wp\/v2\/media\/42501"}],"wp:attachment":[{"href":"https:\/\/softlinefurniture.com\/da\/wp-json\/wp\/v2\/media?parent=31776"}],"wp:term":[{"taxonomy":"product_brand","embeddable":true,"href":"https:\/\/softlinefurniture.com\/da\/wp-json\/wp\/v2\/product_brand?post=31776"},{"taxonomy":"product_cat","embeddable":true,"href":"https:\/\/softlinefurniture.com\/da\/wp-json\/wp\/v2\/product_cat?post=31776"},{"taxonomy":"product_tag","embeddable":true,"href":"https:\/\/softlinefurniture.com\/da\/wp-json\/wp\/v2\/product_tag?post=31776"}],"curies":[{"name":"wp","href":"https:\/\/api.w.org\/{rel}","templated":true}]}}