{"id":31791,"date":"2020-06-11T04:24:38","date_gmt":"2020-06-11T02:24:38","guid":{"rendered":"https:\/\/softlinefurniture.com\/product\/grand-prix-gyngestol\/"},"modified":"2026-03-23T22:27:55","modified_gmt":"2026-03-23T21:27:55","slug":"grand-prix-stol","status":"publish","type":"product","link":"https:\/\/softlinefurniture.com\/da\/produkt\/grand-prix-stol\/","title":{"rendered":"GRAND PRIX Stol"},"content":{"rendered":"<p><strong>En ny slags gyngestol<\/strong><br \/>\nDen dekorative GRAND PRIX-gyngestol er helt speciel. Formen og designet er sjovt og skaber gl\u00e6de hos b\u00e5de b\u00f8rn, teenagere og voksne. Selv kongefamiliens b\u00f8rn har en speciel version af GRAND PRIX-gyngestolen med monogram.<\/p>\n","protected":false},"excerpt":{"rendered":"<p>En ny slags gyngestol Den dekorative GRAND PRIX-gyngestol er helt speciel. Formen og designet er sjovt og skaber gl\u00e6de hos b\u00e5de b\u00f8rn, teenagere og voksne. Selv kongefamiliens b\u00f8rn har en speciel version af GRAND PRIX-gyngestolen med monogram.<\/p>\n","protected":false},"featured_media":42511,"comment_status":"closed","ping_status":"closed","template":"","meta":{"_acf_changed":false},"product_brand":[48445],"product_cat":[6210,6213,246],"product_tag":[],"class_list":{"0":"post-31791","1":"product","2":"type-product","3":"status-publish","4":"has-post-thumbnail","6":"product_brand-grand-prix","7":"product_cat-boernemoebler","8":"product_cat-kollektioner","9":"product_cat-lounge-stole","10":"pa_covers-cleaning-covers-can-be-dry-cleaned-as-they-have-been-given-the-symbol-p-extra-covers-can-be-purchased-if-you-need-a-new-colour-or-fabric","12":"first","13":"instock","14":"shipping-taxable","15":"purchasable","16":"product-type-variable"},"acf":[],"_links":{"self":[{"href":"https:\/\/softlinefurniture.com\/da\/wp-json\/wp\/v2\/product\/31791","targetHints":{"allow":["GET"]}}],"collection":[{"href":"https:\/\/softlinefurniture.com\/da\/wp-json\/wp\/v2\/product"}],"about":[{"href":"https:\/\/softlinefurniture.com\/da\/wp-json\/wp\/v2\/types\/product"}],"replies":[{"embeddable":true,"href":"https:\/\/softlinefurniture.com\/da\/wp-json\/wp\/v2\/comments?post=31791"}],"version-history":[{"count":0,"href":"https:\/\/softlinefurniture.com\/da\/wp-json\/wp\/v2\/product\/31791\/revisions"}],"wp:featuredmedia":[{"embeddable":true,"href":"https:\/\/softlinefurniture.com\/da\/wp-json\/wp\/v2\/media\/42511"}],"wp:attachment":[{"href":"https:\/\/softlinefurniture.com\/da\/wp-json\/wp\/v2\/media?parent=31791"}],"wp:term":[{"taxonomy":"product_brand","embeddable":true,"href":"https:\/\/softlinefurniture.com\/da\/wp-json\/wp\/v2\/product_brand?post=31791"},{"taxonomy":"product_cat","embeddable":true,"href":"https:\/\/softlinefurniture.com\/da\/wp-json\/wp\/v2\/product_cat?post=31791"},{"taxonomy":"product_tag","embeddable":true,"href":"https:\/\/softlinefurniture.com\/da\/wp-json\/wp\/v2\/product_tag?post=31791"}],"curies":[{"name":"wp","href":"https:\/\/api.w.org\/{rel}","templated":true}]}}