{"id":31804,"date":"2020-06-07T07:00:07","date_gmt":"2020-06-07T05:00:07","guid":{"rendered":"https:\/\/softlinefurniture.com\/product\/groove-stol\/"},"modified":"2026-03-23T22:28:10","modified_gmt":"2026-03-23T21:28:10","slug":"groove-stol","status":"publish","type":"product","link":"https:\/\/softlinefurniture.com\/da\/produkt\/groove-stol\/","title":{"rendered":"GROOVE Stol"},"content":{"rendered":"<p><strong>Til alle slags hjem<\/strong><br \/>\nGROOVE er utrolig komfortabel og nem at style i alle slags interi\u00f8rs. Med sit b\u00e5de klassiske og nutidige design passer GROOVE i hvilket som helst rum og skaber et stilfuldt udtryk. V\u00e6lg det stof og den farve, der matcher dine designvisioner.<\/p>\n","protected":false},"excerpt":{"rendered":"<p>Til alle slags hjem GROOVE er utrolig komfortabel og nem at style i alle slags interi\u00f8rs. Med sit b\u00e5de klassiske og nutidige design passer GROOVE i hvilket som helst rum og skaber et stilfuldt udtryk. V\u00e6lg det stof og den farve, der matcher dine designvisioner.<\/p>\n","protected":false},"featured_media":44242,"comment_status":"closed","ping_status":"closed","template":"","meta":{"_acf_changed":false},"product_brand":[48449],"product_cat":[6213,246],"product_tag":[],"class_list":{"0":"post-31804","1":"product","2":"type-product","3":"status-publish","4":"has-post-thumbnail","6":"product_brand-groove","7":"product_cat-kollektioner","8":"product_cat-lounge-stole","9":"pa_covers-rensning-betraek-med-symbolet-p-kan-renses-ekstra-betraek-kan-koebes-hvis-du-oensker-en-ny-farve-eller-et-nyt-stof","11":"first","12":"instock","13":"shipping-taxable","14":"purchasable","15":"product-type-variable"},"acf":[],"_links":{"self":[{"href":"https:\/\/softlinefurniture.com\/da\/wp-json\/wp\/v2\/product\/31804","targetHints":{"allow":["GET"]}}],"collection":[{"href":"https:\/\/softlinefurniture.com\/da\/wp-json\/wp\/v2\/product"}],"about":[{"href":"https:\/\/softlinefurniture.com\/da\/wp-json\/wp\/v2\/types\/product"}],"replies":[{"embeddable":true,"href":"https:\/\/softlinefurniture.com\/da\/wp-json\/wp\/v2\/comments?post=31804"}],"version-history":[{"count":0,"href":"https:\/\/softlinefurniture.com\/da\/wp-json\/wp\/v2\/product\/31804\/revisions"}],"wp:featuredmedia":[{"embeddable":true,"href":"https:\/\/softlinefurniture.com\/da\/wp-json\/wp\/v2\/media\/44242"}],"wp:attachment":[{"href":"https:\/\/softlinefurniture.com\/da\/wp-json\/wp\/v2\/media?parent=31804"}],"wp:term":[{"taxonomy":"product_brand","embeddable":true,"href":"https:\/\/softlinefurniture.com\/da\/wp-json\/wp\/v2\/product_brand?post=31804"},{"taxonomy":"product_cat","embeddable":true,"href":"https:\/\/softlinefurniture.com\/da\/wp-json\/wp\/v2\/product_cat?post=31804"},{"taxonomy":"product_tag","embeddable":true,"href":"https:\/\/softlinefurniture.com\/da\/wp-json\/wp\/v2\/product_tag?post=31804"}],"curies":[{"name":"wp","href":"https:\/\/api.w.org\/{rel}","templated":true}]}}