{"id":31852,"date":"2020-06-09T01:27:53","date_gmt":"2020-06-08T23:27:53","guid":{"rendered":"https:\/\/softlinefurniture.com\/product\/havana-swivel-lav-stol\/"},"modified":"2026-03-23T22:31:17","modified_gmt":"2026-03-23T21:31:17","slug":"havana-swivel-lav-stol","status":"publish","type":"product","link":"https:\/\/softlinefurniture.com\/da\/produkt\/havana-swivel-lav-stol\/","title":{"rendered":"HAVANA Swivel Lav Stol"},"content":{"rendered":"<p><strong>En ny drejning\u00a0\u00a0\u00a0\u00a0\u00a0\u00a0\u00a0\u00a0\u00a0\u00a0\u00a0\u00a0\u00a0\u00a0\u00a0\u00a0\u00a0\u00a0\u00a0\u00a0\u00a0\u00a0\u00a0\u00a0\u00a0\u00a0\u00a0\u00a0\u00a0\u00a0\u00a0\u00a0\u00a0\u00a0\u00a0\u00a0\u00a0\u00a0\u00a0\u00a0\u00a0\u00a0\u00a0\u00a0\u00a0\u00a0\u00a0\u00a0\u00a0\u00a0\u00a0\u00a0\u00a0\u00a0\u00a0\u00a0\u00a0\u00a0\u00a0\u00a0\u00a0\u00a0\u00a0\u00a0\u00a0\u00a0\u00a0\u00a0\u00a0\u00a0\u00a0\u00a0\u00a0\u00a0\u00a0\u00a0\u00a0\u00a0\u00a0\u00a0\u00a0\u00a0\u00a0\u00a0\u00a0\u00a0\u00a0\u00a0 <\/strong><\/p>\n<p>Den meget succesfulde HAVANA-l\u00e6nestol f\u00e5s ogs\u00e5 med drejestel. Stolen rummer naturligvis alle de originale features fra HAVANA-l\u00e6nestolen, der er kendetegnet ved et dynamisk, moderne og let design, ekstrem god siddekomfort og en eksklusiv forarbejdning.<\/p>\n<p>Vinder af Interior Innovation Award 2014<br \/>\nVinder af Good Design Award 2014<\/p>\n","protected":false},"excerpt":{"rendered":"<p>En ny drejning\u00a0\u00a0\u00a0\u00a0\u00a0\u00a0\u00a0\u00a0\u00a0\u00a0\u00a0\u00a0\u00a0\u00a0\u00a0\u00a0\u00a0\u00a0\u00a0\u00a0\u00a0\u00a0\u00a0\u00a0\u00a0\u00a0\u00a0\u00a0\u00a0\u00a0\u00a0\u00a0\u00a0\u00a0\u00a0\u00a0\u00a0\u00a0\u00a0\u00a0\u00a0\u00a0\u00a0\u00a0\u00a0\u00a0\u00a0\u00a0\u00a0\u00a0\u00a0\u00a0\u00a0\u00a0\u00a0\u00a0\u00a0\u00a0\u00a0\u00a0\u00a0\u00a0\u00a0\u00a0\u00a0\u00a0\u00a0\u00a0\u00a0\u00a0\u00a0\u00a0\u00a0\u00a0\u00a0\u00a0\u00a0\u00a0\u00a0\u00a0\u00a0\u00a0\u00a0\u00a0\u00a0\u00a0\u00a0\u00a0 Den meget succesfulde HAVANA-l\u00e6nestol f\u00e5s ogs\u00e5 med drejestel. Stolen rummer naturligvis alle de originale features fra HAVANA-l\u00e6nestolen, der er kendetegnet ved et dynamisk, moderne og let design, ekstrem god siddekomfort og en eksklusiv forarbejdning. Vinder af Interior Innovation Award 2014 Vinder af Good Design Award 2014<\/p>\n","protected":false},"featured_media":97084,"comment_status":"closed","ping_status":"closed","template":"","meta":{"_acf_changed":false},"product_brand":[48465],"product_cat":[47947,246],"product_tag":[],"class_list":{"0":"post-31852","1":"product","2":"type-product","3":"status-publish","4":"has-post-thumbnail","6":"product_brand-havana-swivel","7":"product_cat-drejestole","8":"product_cat-lounge-stole","9":"pa_covers-rensning-betraek-med-symbolet-p-kan-renses-ekstra-betraek-kan-koebes-hvis-du-oensker-en-ny-farve-eller-et-nyt-stof","11":"first","12":"instock","13":"shipping-taxable","14":"purchasable","15":"product-type-variable"},"acf":[],"_links":{"self":[{"href":"https:\/\/softlinefurniture.com\/da\/wp-json\/wp\/v2\/product\/31852","targetHints":{"allow":["GET"]}}],"collection":[{"href":"https:\/\/softlinefurniture.com\/da\/wp-json\/wp\/v2\/product"}],"about":[{"href":"https:\/\/softlinefurniture.com\/da\/wp-json\/wp\/v2\/types\/product"}],"replies":[{"embeddable":true,"href":"https:\/\/softlinefurniture.com\/da\/wp-json\/wp\/v2\/comments?post=31852"}],"version-history":[{"count":0,"href":"https:\/\/softlinefurniture.com\/da\/wp-json\/wp\/v2\/product\/31852\/revisions"}],"wp:featuredmedia":[{"embeddable":true,"href":"https:\/\/softlinefurniture.com\/da\/wp-json\/wp\/v2\/media\/97084"}],"wp:attachment":[{"href":"https:\/\/softlinefurniture.com\/da\/wp-json\/wp\/v2\/media?parent=31852"}],"wp:term":[{"taxonomy":"product_brand","embeddable":true,"href":"https:\/\/softlinefurniture.com\/da\/wp-json\/wp\/v2\/product_brand?post=31852"},{"taxonomy":"product_cat","embeddable":true,"href":"https:\/\/softlinefurniture.com\/da\/wp-json\/wp\/v2\/product_cat?post=31852"},{"taxonomy":"product_tag","embeddable":true,"href":"https:\/\/softlinefurniture.com\/da\/wp-json\/wp\/v2\/product_tag?post=31852"}],"curies":[{"name":"wp","href":"https:\/\/api.w.org\/{rel}","templated":true}]}}